{"id":1652,"date":"2021-08-11T20:11:32","date_gmt":"2021-08-11T20:11:32","guid":{"rendered":"https:\/\/www.college-park.us\/conectar\/"},"modified":"2026-03-05T20:48:18","modified_gmt":"2026-03-05T20:48:18","slug":"conectar","status":"publish","type":"page","link":"https:\/\/www.college-park.us\/es\/conectar\/","title":{"rendered":"Conectar"},"content":{"rendered":"\t\t<div data-elementor-type=\"wp-page\" data-elementor-id=\"1652\" class=\"elementor elementor-1652 elementor-9\">\n\t\t\t\t\t\t<section class=\"elementor-section elementor-top-section elementor-element elementor-element-2fd56ac elementor-section-boxed elementor-section-height-default elementor-section-height-default\" data-id=\"2fd56ac\" data-element_type=\"section\" data-e-type=\"section\">\n\t\t\t\t\t\t<div class=\"elementor-container elementor-column-gap-default\">\n\t\t\t\t\t<div class=\"elementor-column elementor-col-100 elementor-top-column elementor-element elementor-element-3eda97b5\" data-id=\"3eda97b5\" data-element_type=\"column\" data-e-type=\"column\">\n\t\t\t<div class=\"elementor-widget-wrap elementor-element-populated\">\n\t\t\t\t\t\t<div class=\"elementor-element elementor-element-5522d23 elementor-widget elementor-widget-text-editor\" data-id=\"5522d23\" data-element_type=\"widget\" data-e-type=\"widget\" data-widget_type=\"text-editor.default\">\n\t\t\t\t<div class=\"elementor-widget-container\">\n\t\t\t\t\t\t\t\t\t<p>\u00bfEst\u00e1 interesado en los productos de College Park? Estaremos encantados de ayudar. Comun\u00edquese con su distribuidor local a continuaci\u00f3n para comenzar.<\/p>\n\t\t\t\t\t\t\t\t<\/div>\n\t\t\t\t<\/div>\n\t\t\t\t\t<\/div>\n\t\t<\/div>\n\t\t\t\t\t<\/div>\n\t\t<\/section>\n\t\t\t\t<section class=\"elementor-section elementor-top-section elementor-element elementor-element-6c6514e elementor-section-boxed elementor-section-height-default elementor-section-height-default\" data-id=\"6c6514e\" data-element_type=\"section\" data-e-type=\"section\">\n\t\t\t\t\t\t<div class=\"elementor-container elementor-column-gap-default\">\n\t\t\t\t\t<div class=\"elementor-column elementor-col-50 elementor-top-column elementor-element elementor-element-d2ff459\" data-id=\"d2ff459\" data-element_type=\"column\" data-e-type=\"column\">\n\t\t\t<div class=\"elementor-widget-wrap elementor-element-populated\">\n\t\t\t\t\t\t<div class=\"elementor-element elementor-element-48b14a8 elementor-widget elementor-widget-google_maps\" data-id=\"48b14a8\" data-element_type=\"widget\" data-e-type=\"widget\" data-widget_type=\"google_maps.default\">\n\t\t\t\t<div class=\"elementor-widget-container\">\n\t\t\t\t\t\t\t<div class=\"elementor-custom-embed\">\n\t\t\t<iframe loading=\"lazy\"\n\t\t\t\t\tsrc=\"https:\/\/maps.google.com\/maps?q=27955%20College%20Park%20Drive%2C%20Warren%2C%20MI%2048044&#038;t=m&#038;z=10&#038;output=embed&#038;iwloc=near\"\n\t\t\t\t\ttitle=\"27955 College Park Drive, Warren, MI 48044\"\n\t\t\t\t\taria-label=\"27955 College Park Drive, Warren, MI 48044\"\n\t\t\t><\/iframe>\n\t\t<\/div>\n\t\t\t\t\t\t<\/div>\n\t\t\t\t<\/div>\n\t\t\t\t<div class=\"elementor-element elementor-element-c81bd52 elementor-widget elementor-widget-text-editor\" data-id=\"c81bd52\" data-element_type=\"widget\" data-e-type=\"widget\" data-widget_type=\"text-editor.default\">\n\t\t\t\t<div class=\"elementor-widget-container\">\n\t\t\t\t\t\t\t\t\t<h4>College Park SEDE<\/h4>\n<p>27955 College Park Drive<br \/>\nWarren, MI 48044, USA<br \/>\n<strong>Tel\u00e9fono:<\/strong> <a href=\"tel:+1-800-728-7950\">+1 800-728-7950<\/a> | <a href=\"tel:+1-800-728-7950\">+1 586-294-7950<\/a><br \/>\n<strong>Fax:<\/strong> 800-294-0067 | 586-294-0067<br \/>\n<strong>Correo electr\u00f3nico:<\/strong> <a href=\"mailto:orders@college-park.com\">orders@college-park.com<\/a><\/p>\n\t\t\t\t\t\t\t\t<\/div>\n\t\t\t\t<\/div>\n\t\t\t\t\t<\/div>\n\t\t<\/div>\n\t\t\t\t<div class=\"elementor-column elementor-col-50 elementor-top-column elementor-element elementor-element-dc9382c\" data-id=\"dc9382c\" data-element_type=\"column\" data-e-type=\"column\">\n\t\t\t<div class=\"elementor-widget-wrap elementor-element-populated\">\n\t\t\t\t\t\t<div class=\"elementor-element elementor-element-3c89eb9 elementor-widget elementor-widget-google_maps\" data-id=\"3c89eb9\" data-element_type=\"widget\" data-e-type=\"widget\" data-widget_type=\"google_maps.default\">\n\t\t\t\t<div class=\"elementor-widget-container\">\n\t\t\t\t\t\t\t<div class=\"elementor-custom-embed\">\n\t\t\t<iframe loading=\"lazy\"\n\t\t\t\t\tsrc=\"https:\/\/maps.google.com\/maps?q=27955%20College%20Park%20Drive%2C%20Warren%2C%20MI%2048044&#038;t=m&#038;z=10&#038;output=embed&#038;iwloc=near\"\n\t\t\t\t\ttitle=\"27955 College Park Drive, Warren, MI 48044\"\n\t\t\t\t\taria-label=\"27955 College Park Drive, Warren, MI 48044\"\n\t\t\t><\/iframe>\n\t\t<\/div>\n\t\t\t\t\t\t<\/div>\n\t\t\t\t<\/div>\n\t\t\t\t<div class=\"elementor-element elementor-element-feaffba elementor-widget elementor-widget-text-editor\" data-id=\"feaffba\" data-element_type=\"widget\" data-e-type=\"widget\" data-widget_type=\"text-editor.default\">\n\t\t\t\t<div class=\"elementor-widget-container\">\n\t\t\t\t\t\t\t\t\t<h4>INFORMACION DEL DISTRIBUIDOR<\/h4><h3 style=\"padding-top: 0px !important;\"><strong>M\u00e9xico<\/strong><\/h3><p><strong>ORTOMOVE S.A. de C.V.<\/strong><br \/>Ave. Azcapotzalco-la Villa #644. Col. Industrial Vallejo<br \/>Del. Azcapotzalco. C.P. 02300<br \/>Ciudad De Mexico, Mexico<br \/><strong>Tel\u00e9fono:<\/strong> <a href=\"tel:+52 55 5567 55781\">+52 55 5567 55781<\/a><br \/><strong>Correo electr\u00f3nico:<\/strong> <a href=\"mailto:ortomovemtoiber@msn.com\">ortomovemtoiber@msn.com<\/a><\/p><h3 style=\"padding-top: 20px !important;\"><strong>Espa\u00f1a<\/strong><\/h3><p><strong>\u00d6ssur Iberia S.A.<\/strong><br \/>Miniparc III, C. de la Cal\u00e9ndula, 93<br \/>28109 El Soto de la Moraleja<br \/>Alcobendas, Madrid Spain<br \/><strong>Tel\u00e9fono:<\/strong> <a href=\"tel:+00 80035393668\">+00 80035393668<\/a>, <a href=\"tel:+34 900937898\">(+34) 90093789<\/a><br \/><strong>Correo electr\u00f3nico: <\/strong><a href=\"mailto:orders.portugal@ossur.com\">orders.portugal@ossur.com<\/a><\/p>\t\t\t\t\t\t\t\t<\/div>\n\t\t\t\t<\/div>\n\t\t\t\t\t<\/div>\n\t\t<\/div>\n\t\t\t\t\t<\/div>\n\t\t<\/section>\n\t\t\t\t<\/div>\n\t\t","protected":false},"excerpt":{"rendered":"<p>\u00bfEst\u00e1 interesado en los productos de College Park? Estaremos encantados de ayudar. Comun\u00edquese con su distribuidor local a continuaci\u00f3n para comenzar. College Park SEDE 27955 College Park Drive Warren, MI 48044, USA Tel\u00e9fono: +1 800-728-7950 | +1 586-294-7950 Fax: 800-294-0067 | 586-294-0067 Correo electr\u00f3nico: orders@college-park.com INFORMACION DEL DISTRIBUIDOR M\u00e9xico ORTOMOVE S.A. de C.V.Ave. Azcapotzalco-la Villa &hellip; <\/p>\n<p class=\"link-more\"><a href=\"https:\/\/www.college-park.us\/es\/conectar\/\" class=\"more-link\">Continuar leyendo<span class=\"screen-reader-text\"> \u00abConectar\u00bb<\/span><\/a><\/p>\n","protected":false},"author":1,"featured_media":0,"parent":0,"menu_order":0,"comment_status":"closed","ping_status":"closed","template":"page-side-bar.php","meta":{"_acf_changed":false,"footnotes":""},"class_list":["post-1652","page","type-page","status-publish","hentry"],"acf":[],"_links":{"self":[{"href":"https:\/\/www.college-park.us\/es\/wp-json\/wp\/v2\/pages\/1652","targetHints":{"allow":["GET"]}}],"collection":[{"href":"https:\/\/www.college-park.us\/es\/wp-json\/wp\/v2\/pages"}],"about":[{"href":"https:\/\/www.college-park.us\/es\/wp-json\/wp\/v2\/types\/page"}],"author":[{"embeddable":true,"href":"https:\/\/www.college-park.us\/es\/wp-json\/wp\/v2\/users\/1"}],"replies":[{"embeddable":true,"href":"https:\/\/www.college-park.us\/es\/wp-json\/wp\/v2\/comments?post=1652"}],"version-history":[{"count":19,"href":"https:\/\/www.college-park.us\/es\/wp-json\/wp\/v2\/pages\/1652\/revisions"}],"predecessor-version":[{"id":8162,"href":"https:\/\/www.college-park.us\/es\/wp-json\/wp\/v2\/pages\/1652\/revisions\/8162"}],"wp:attachment":[{"href":"https:\/\/www.college-park.us\/es\/wp-json\/wp\/v2\/media?parent=1652"}],"curies":[{"name":"wp","href":"https:\/\/api.w.org\/{rel}","templated":true}]}}