{"id":1382,"date":"2020-10-23T23:08:15","date_gmt":"2020-10-23T23:08:15","guid":{"rendered":"https:\/\/www.college-park.us\/product\/capital\/"},"modified":"2023-08-04T18:33:01","modified_gmt":"2023-08-04T18:33:01","slug":"capital","status":"publish","type":"product","link":"https:\/\/www.college-park.us\/es\/producto\/capital\/","title":{"rendered":"Capital"},"content":{"rendered":"","protected":false},"excerpt":{"rendered":"<p>Capital\u2122 es una articulaci\u00f3n de rodilla hidr\u00e1ulica de un solo eje que resulta f\u00e1cil de usar tanto para los pacientes como para los profesionales cl\u00ednicos. Con un sistema hidr\u00e1ulico suave y sensible tanto en la fase de balanceo como en la de apoyo, esta rodilla se adapta sin esfuerzo a la marcha variable del usuario. Duradera, elegante y apta para agua dulce, Capital se elabora a mano con total esmero en Estados Unidos. Esta rodilla tambi\u00e9n cuenta con una selecci\u00f3n de modo muy sencilla y ajustes est\u00e1ndar de 4\u00a0mm para una f\u00e1cil configuraci\u00f3n. La rodilla Capital es una soluci\u00f3n s\u00f3lida y fiable para usuarios con actividad de moderada a alta.<\/p>\n","protected":false},"featured_media":1386,"template":"","meta":{"_acf_changed":false},"product_brand":[],"product_cat":[123],"product_tag":[],"class_list":{"0":"post-1382","1":"product","2":"type-product","3":"status-publish","4":"has-post-thumbnail","6":"product_cat-rodillas","8":"first","9":"instock","10":"shipping-taxable","11":"product-type-simple"},"acf":[],"_links":{"self":[{"href":"https:\/\/www.college-park.us\/es\/wp-json\/wp\/v2\/product\/1382","targetHints":{"allow":["GET"]}}],"collection":[{"href":"https:\/\/www.college-park.us\/es\/wp-json\/wp\/v2\/product"}],"about":[{"href":"https:\/\/www.college-park.us\/es\/wp-json\/wp\/v2\/types\/product"}],"wp:featuredmedia":[{"embeddable":true,"href":"https:\/\/www.college-park.us\/es\/wp-json\/wp\/v2\/media\/1386"}],"wp:attachment":[{"href":"https:\/\/www.college-park.us\/es\/wp-json\/wp\/v2\/media?parent=1382"}],"wp:term":[{"taxonomy":"product_brand","embeddable":true,"href":"https:\/\/www.college-park.us\/es\/wp-json\/wp\/v2\/product_brand?post=1382"},{"taxonomy":"product_cat","embeddable":true,"href":"https:\/\/www.college-park.us\/es\/wp-json\/wp\/v2\/product_cat?post=1382"},{"taxonomy":"product_tag","embeddable":true,"href":"https:\/\/www.college-park.us\/es\/wp-json\/wp\/v2\/product_tag?post=1382"}],"curies":[{"name":"wp","href":"https:\/\/api.w.org\/{rel}","templated":true}]}}