{"id":1413,"date":"2020-10-23T19:04:38","date_gmt":"2020-10-23T19:04:38","guid":{"rendered":"https:\/\/www.college-park.us\/product\/sidekicks\/"},"modified":"2023-08-04T18:30:12","modified_gmt":"2023-08-04T18:30:12","slug":"sidekicks","status":"publish","type":"product","link":"https:\/\/www.college-park.us\/es\/producto\/sidekicks\/","title":{"rendered":"Sidekicks"},"content":{"rendered":"","protected":false},"excerpt":{"rendered":"<p>Presentamos Sidekicks\u00ae, los primeros pilones de marcha ajustables para pr\u00f3tesis cortas. Los ingenieros de College Park han aplicado 15 a\u00f1os de conocimientos adquiridos con la tecnolog\u00eda de tobillo Venture\u00ae para desarrollar Sidekicks. Gracias al movimiento anat\u00f3mico natural del tobillo y a una plataforma flexible, suponen una gran mejora con respecto a las opciones actuales para personas con amputaci\u00f3n transfemoral bilateral. Adaptados a la marcha y aprobados para su uso en el agua, los pilones Sidekicks se flexionan y se plantan en entornos reales para ofrecer el equilibrio y la estabilidad definitivos.<\/p>\n","protected":false},"featured_media":1414,"template":"","meta":{"_acf_changed":false},"product_cat":[124],"product_tag":[],"acf":[],"_links":{"self":[{"href":"https:\/\/www.college-park.us\/es\/wp-json\/wp\/v2\/product\/1413"}],"collection":[{"href":"https:\/\/www.college-park.us\/es\/wp-json\/wp\/v2\/product"}],"about":[{"href":"https:\/\/www.college-park.us\/es\/wp-json\/wp\/v2\/types\/product"}],"wp:featuredmedia":[{"embeddable":true,"href":"https:\/\/www.college-park.us\/es\/wp-json\/wp\/v2\/media\/1414"}],"wp:attachment":[{"href":"https:\/\/www.college-park.us\/es\/wp-json\/wp\/v2\/media?parent=1413"}],"wp:term":[{"taxonomy":"product_cat","embeddable":true,"href":"https:\/\/www.college-park.us\/es\/wp-json\/wp\/v2\/product_cat?post=1413"},{"taxonomy":"product_tag","embeddable":true,"href":"https:\/\/www.college-park.us\/es\/wp-json\/wp\/v2\/product_tag?post=1413"}],"curies":[{"name":"wp","href":"https:\/\/api.w.org\/{rel}","templated":true}]}}