{"id":1457,"date":"2020-10-23T18:05:25","date_gmt":"2020-10-23T18:05:25","guid":{"rendered":"https:\/\/www.college-park.us\/product\/accent\/"},"modified":"2023-08-04T18:26:03","modified_gmt":"2023-08-04T18:26:03","slug":"accent","status":"publish","type":"product","link":"https:\/\/www.college-park.us\/es\/producto\/accent\/","title":{"rendered":"Accent"},"content":{"rendered":"","protected":false},"excerpt":{"rendered":"<h3>DISE\u00d1ADO CON ESTILO. CONCEBIDO PARA LA VIDA.<\/h3>\n<p>Accent\u00ae proporciona 5 cm (2&#8243;) de ajuste de la altura del tac\u00f3n con solo pulsar un bot\u00f3n. El pie incluye una protecci\u00f3n cosm\u00e9tica suave y contorneada que se adapta perfectamente y evita la deformaci\u00f3n est\u00e9tica cuando este se ajusta a alturas de tal\u00f3n diferentes. Accent es una opci\u00f3n que no requiere mantenimiento para las personas que desean un pie est\u00e9ticamente atractivo.<\/p>\n","protected":false},"featured_media":1458,"template":"","meta":{"_acf_changed":false},"product_cat":[124],"product_tag":[],"acf":[],"_links":{"self":[{"href":"https:\/\/www.college-park.us\/es\/wp-json\/wp\/v2\/product\/1457"}],"collection":[{"href":"https:\/\/www.college-park.us\/es\/wp-json\/wp\/v2\/product"}],"about":[{"href":"https:\/\/www.college-park.us\/es\/wp-json\/wp\/v2\/types\/product"}],"wp:featuredmedia":[{"embeddable":true,"href":"https:\/\/www.college-park.us\/es\/wp-json\/wp\/v2\/media\/1458"}],"wp:attachment":[{"href":"https:\/\/www.college-park.us\/es\/wp-json\/wp\/v2\/media?parent=1457"}],"wp:term":[{"taxonomy":"product_cat","embeddable":true,"href":"https:\/\/www.college-park.us\/es\/wp-json\/wp\/v2\/product_cat?post=1457"},{"taxonomy":"product_tag","embeddable":true,"href":"https:\/\/www.college-park.us\/es\/wp-json\/wp\/v2\/product_tag?post=1457"}],"curies":[{"name":"wp","href":"https:\/\/api.w.org\/{rel}","templated":true}]}}