{"id":1471,"date":"2020-10-23T14:00:36","date_gmt":"2020-10-23T14:00:36","guid":{"rendered":"https:\/\/www.college-park.us\/product\/tres\/"},"modified":"2023-08-04T18:18:47","modified_gmt":"2023-08-04T18:18:47","slug":"tres","status":"publish","type":"product","link":"https:\/\/www.college-park.us\/es\/producto\/tres\/","title":{"rendered":"Tr\u00e8s"},"content":{"rendered":"","protected":false},"excerpt":{"rendered":"<h3>RECUPERA EL RITMO<\/h3>\n<p>El pie Tr\u00e8s\u00ae de College Park proporciona un ajuste de marcha de \u00faltima generaci\u00f3n en un pie de primera categor\u00eda. El dise\u00f1o, que no requiere mantenimiento, cuenta con una quilla de longitud completa, que proporciona energ\u00eda almacenada para una respuesta natural y una mayor estabilidad gracias al contacto adicional con el suelo. El pie Tr\u00e8s se elabora a medida para cada persona y es una soluci\u00f3n ideal para pacientes con bajo impacto que necesitan una durabilidad adicional y un rango de movimiento controlado.<\/p>\n","protected":false},"featured_media":3534,"template":"","meta":{"_acf_changed":false},"product_cat":[124],"product_tag":[],"acf":[],"_links":{"self":[{"href":"https:\/\/www.college-park.us\/es\/wp-json\/wp\/v2\/product\/1471"}],"collection":[{"href":"https:\/\/www.college-park.us\/es\/wp-json\/wp\/v2\/product"}],"about":[{"href":"https:\/\/www.college-park.us\/es\/wp-json\/wp\/v2\/types\/product"}],"wp:featuredmedia":[{"embeddable":true,"href":"https:\/\/www.college-park.us\/es\/wp-json\/wp\/v2\/media\/3534"}],"wp:attachment":[{"href":"https:\/\/www.college-park.us\/es\/wp-json\/wp\/v2\/media?parent=1471"}],"wp:term":[{"taxonomy":"product_cat","embeddable":true,"href":"https:\/\/www.college-park.us\/es\/wp-json\/wp\/v2\/product_cat?post=1471"},{"taxonomy":"product_tag","embeddable":true,"href":"https:\/\/www.college-park.us\/es\/wp-json\/wp\/v2\/product_tag?post=1471"}],"curies":[{"name":"wp","href":"https:\/\/api.w.org\/{rel}","templated":true}]}}