{"id":1526,"date":"2020-10-22T20:21:58","date_gmt":"2020-10-22T20:21:58","guid":{"rendered":"https:\/\/www.college-park.us\/product\/horizon-hd\/"},"modified":"2023-08-04T17:04:58","modified_gmt":"2023-08-04T17:04:58","slug":"horizon-hd","status":"publish","type":"product","link":"https:\/\/www.college-park.us\/es\/producto\/horizon-hd\/","title":{"rendered":"Horizon HD"},"content":{"rendered":"","protected":false},"excerpt":{"rendered":"<h3>FLEXI\u00d3N PLANTAR SUAVE<\/h3>\n<p>El pie Horizon HD\u00ae actualizado y mejorado incorpora la experiencia en materiales compuestos de College Park a un dise\u00f1o laminado de fibra de carbono. Fabricado con materiales de calidad aeron\u00e1utica, este pie permite un l\u00edmite de peso alto y una mayor durabilidad. Incluso con un perfil bajo y un dise\u00f1o ligero, la din\u00e1mica del pie proporciona un retorno de energ\u00eda superior para los usuarios con actividad de alto impacto.<\/p>\n","protected":false},"featured_media":1527,"template":"","meta":{"_acf_changed":false},"product_brand":[],"product_cat":[124],"product_tag":[],"class_list":{"0":"post-1526","1":"product","2":"type-product","3":"status-publish","4":"has-post-thumbnail","6":"product_cat-protesis-de-pie","8":"first","9":"instock","10":"shipping-taxable","11":"product-type-simple"},"acf":[],"_links":{"self":[{"href":"https:\/\/www.college-park.us\/es\/wp-json\/wp\/v2\/product\/1526","targetHints":{"allow":["GET"]}}],"collection":[{"href":"https:\/\/www.college-park.us\/es\/wp-json\/wp\/v2\/product"}],"about":[{"href":"https:\/\/www.college-park.us\/es\/wp-json\/wp\/v2\/types\/product"}],"wp:featuredmedia":[{"embeddable":true,"href":"https:\/\/www.college-park.us\/es\/wp-json\/wp\/v2\/media\/1527"}],"wp:attachment":[{"href":"https:\/\/www.college-park.us\/es\/wp-json\/wp\/v2\/media?parent=1526"}],"wp:term":[{"taxonomy":"product_brand","embeddable":true,"href":"https:\/\/www.college-park.us\/es\/wp-json\/wp\/v2\/product_brand?post=1526"},{"taxonomy":"product_cat","embeddable":true,"href":"https:\/\/www.college-park.us\/es\/wp-json\/wp\/v2\/product_cat?post=1526"},{"taxonomy":"product_tag","embeddable":true,"href":"https:\/\/www.college-park.us\/es\/wp-json\/wp\/v2\/product_tag?post=1526"}],"curies":[{"name":"wp","href":"https:\/\/api.w.org\/{rel}","templated":true}]}}