{"id":1556,"date":"2020-10-22T13:27:23","date_gmt":"2020-10-22T13:27:23","guid":{"rendered":"https:\/\/www.college-park.us\/product\/venture\/"},"modified":"2023-08-04T16:58:35","modified_gmt":"2023-08-04T16:58:35","slug":"venture","status":"publish","type":"product","link":"https:\/\/www.college-park.us\/es\/producto\/venture\/","title":{"rendered":"Venture"},"content":{"rendered":"","protected":false},"excerpt":{"rendered":"<h3>LA FUSI\u00d3N DEFINITIVA<\/h3>\n<p>Con una quilla de longitud completa, el pie Venture\u00ae proporciona una respuesta din\u00e1mica de mayor frecuencia para los usuarios m\u00e1s activos. Los amortiguadores de dise\u00f1o avanzado y los compuestos flexibles Intelliweave\u00ae se combinan para ofrecer la respuesta progresiva definitiva. El pie triaxial personalizado incluye nuestra exclusiva funci\u00f3n Stride Control\u00ae para un ajuste preciso sin esfuerzo y sin necesidad de desmontarlo.<\/p>\n","protected":false},"featured_media":1557,"template":"","meta":{"_acf_changed":false},"product_brand":[],"product_cat":[124],"product_tag":[],"class_list":{"0":"post-1556","1":"product","2":"type-product","3":"status-publish","4":"has-post-thumbnail","6":"product_cat-protesis-de-pie","8":"first","9":"instock","10":"shipping-taxable","11":"product-type-simple"},"acf":[],"_links":{"self":[{"href":"https:\/\/www.college-park.us\/es\/wp-json\/wp\/v2\/product\/1556","targetHints":{"allow":["GET"]}}],"collection":[{"href":"https:\/\/www.college-park.us\/es\/wp-json\/wp\/v2\/product"}],"about":[{"href":"https:\/\/www.college-park.us\/es\/wp-json\/wp\/v2\/types\/product"}],"wp:featuredmedia":[{"embeddable":true,"href":"https:\/\/www.college-park.us\/es\/wp-json\/wp\/v2\/media\/1557"}],"wp:attachment":[{"href":"https:\/\/www.college-park.us\/es\/wp-json\/wp\/v2\/media?parent=1556"}],"wp:term":[{"taxonomy":"product_brand","embeddable":true,"href":"https:\/\/www.college-park.us\/es\/wp-json\/wp\/v2\/product_brand?post=1556"},{"taxonomy":"product_cat","embeddable":true,"href":"https:\/\/www.college-park.us\/es\/wp-json\/wp\/v2\/product_cat?post=1556"},{"taxonomy":"product_tag","embeddable":true,"href":"https:\/\/www.college-park.us\/es\/wp-json\/wp\/v2\/product_tag?post=1556"}],"curies":[{"name":"wp","href":"https:\/\/api.w.org\/{rel}","templated":true}]}}