{"id":1563,"date":"2020-10-21T20:49:32","date_gmt":"2020-10-21T20:49:32","guid":{"rendered":"https:\/\/www.college-park.us\/product\/velocity\/"},"modified":"2023-08-04T16:57:03","modified_gmt":"2023-08-04T16:57:03","slug":"velocity","status":"publish","type":"product","link":"https:\/\/www.college-park.us\/es\/producto\/velocity\/","title":{"rendered":"Velocity"},"content":{"rendered":"","protected":false},"excerpt":{"rendered":"<h3>A LA CARGA<\/h3>\n<p>Recientemente redise\u00f1ado y reforzado, el Velocity\u00ae tiene resortes del pie de acoplamiento que trabajan en forma conjunta para proporcionar una respuesta progresiva y din\u00e1mica. El movimiento progresivamente m\u00e1s uniforme permite que el pie sea c\u00f3modo para caminar y se ponga r\u00e1pidamente en acci\u00f3n durante actividades de alto impacto. El pie combina una alta funcionalidad para los aventureros y el mantenimiento cero para permitirles seguir en movimiento.<\/p>\n","protected":false},"featured_media":1565,"template":"","meta":{"_acf_changed":false},"product_cat":[124],"product_tag":[],"acf":[],"_links":{"self":[{"href":"https:\/\/www.college-park.us\/es\/wp-json\/wp\/v2\/product\/1563"}],"collection":[{"href":"https:\/\/www.college-park.us\/es\/wp-json\/wp\/v2\/product"}],"about":[{"href":"https:\/\/www.college-park.us\/es\/wp-json\/wp\/v2\/types\/product"}],"wp:featuredmedia":[{"embeddable":true,"href":"https:\/\/www.college-park.us\/es\/wp-json\/wp\/v2\/media\/1565"}],"wp:attachment":[{"href":"https:\/\/www.college-park.us\/es\/wp-json\/wp\/v2\/media?parent=1563"}],"wp:term":[{"taxonomy":"product_cat","embeddable":true,"href":"https:\/\/www.college-park.us\/es\/wp-json\/wp\/v2\/product_cat?post=1563"},{"taxonomy":"product_tag","embeddable":true,"href":"https:\/\/www.college-park.us\/es\/wp-json\/wp\/v2\/product_tag?post=1563"}],"curies":[{"name":"wp","href":"https:\/\/api.w.org\/{rel}","templated":true}]}}