{"id":2661,"date":"2022-01-27T14:19:36","date_gmt":"2022-01-27T14:19:36","guid":{"rendered":"https:\/\/www.college-park.us\/?post_type=product&#038;p=2661"},"modified":"2023-08-04T18:34:47","modified_gmt":"2023-08-04T18:34:47","slug":"scout","status":"publish","type":"product","link":"https:\/\/www.college-park.us\/es\/producto\/scout\/","title":{"rendered":"Scout"},"content":{"rendered":"","protected":false},"excerpt":{"rendered":"<h2>La aventura ahora es f\u00e1cil.<\/h2>\n<p>Scout ofrece un retorno de energ\u00eda confiable y un crecimiento que acompa\u00f1a el de los ni\u00f1os. Este pie pedi\u00e1trico, que combina la tecnolog\u00eda compuesta Intelliweave\u00ae de College Park con la fibra de carbono resistente, se dise\u00f1\u00f3 para proporcionar un movimiento suave, fuerza y flexibilidad para el juego. A medida que los ni\u00f1os crecen y cambian cada d\u00eda, Scout se adapta a este proceso con una amplia gama de tallas y la capacidad para aumentar el tama\u00f1o de la cobertura del pie. Ofrece cuatro opciones de montaje diferentes para satisfacer las necesidades espec\u00edficas del ni\u00f1o. Este pie, que no requiere mantenimiento, es ligero, apto para el agua dulce y dise\u00f1ado para los j\u00f3venes.<\/p>\n","protected":false},"featured_media":2678,"template":"","meta":{"_acf_changed":false},"product_cat":[124],"product_tag":[],"acf":[],"_links":{"self":[{"href":"https:\/\/www.college-park.us\/es\/wp-json\/wp\/v2\/product\/2661"}],"collection":[{"href":"https:\/\/www.college-park.us\/es\/wp-json\/wp\/v2\/product"}],"about":[{"href":"https:\/\/www.college-park.us\/es\/wp-json\/wp\/v2\/types\/product"}],"wp:featuredmedia":[{"embeddable":true,"href":"https:\/\/www.college-park.us\/es\/wp-json\/wp\/v2\/media\/2678"}],"wp:attachment":[{"href":"https:\/\/www.college-park.us\/es\/wp-json\/wp\/v2\/media?parent=2661"}],"wp:term":[{"taxonomy":"product_cat","embeddable":true,"href":"https:\/\/www.college-park.us\/es\/wp-json\/wp\/v2\/product_cat?post=2661"},{"taxonomy":"product_tag","embeddable":true,"href":"https:\/\/www.college-park.us\/es\/wp-json\/wp\/v2\/product_tag?post=2661"}],"curies":[{"name":"wp","href":"https:\/\/api.w.org\/{rel}","templated":true}]}}