{"id":2816,"date":"2022-01-27T14:35:24","date_gmt":"2022-01-27T14:35:24","guid":{"rendered":"https:\/\/www.college-park.us\/product\/adaptador-de-torsion\/"},"modified":"2023-08-03T20:16:22","modified_gmt":"2023-08-03T20:16:22","slug":"adaptador-de-torsion","status":"publish","type":"product","link":"https:\/\/www.college-park.us\/es\/producto\/adaptador-de-torsion\/","title":{"rendered":"Adaptador de Torsi\u00f3n"},"content":{"rendered":"","protected":false},"excerpt":{"rendered":"<p>Los nuevos adaptadores de torsi\u00f3n de College Park han sido dise\u00f1ados para proporcionar una rotaci\u00f3n suave al tiempo que reducen las fuerzas ejercidas sobre el encaje y el mu\u00f1\u00f3n del paciente. Fabricado en titanio y acero inoxidable, este duradero componente facilita el ajuste a los t\u00e9cnicos ortop\u00e9dicos. Ofrece un m\u00e1ximo de 20\u00b0 de rotaci\u00f3n interna y externa. Los usuarios pueden rotar y girar con facilidad, lo que puede mejorar la comodidad al caminar o al realizar actividades recreativas como jugar al golf, ir en monopat\u00edn o jugar al tenis.<\/p>\n","protected":false},"featured_media":2718,"template":"","meta":{"_acf_changed":false},"product_brand":[],"product_cat":[122],"product_tag":[],"class_list":{"0":"post-2816","1":"product","2":"type-product","3":"status-publish","4":"has-post-thumbnail","6":"product_cat-miembro-inferior","8":"first","9":"instock","10":"shipping-taxable","11":"product-type-simple"},"acf":[],"_links":{"self":[{"href":"https:\/\/www.college-park.us\/es\/wp-json\/wp\/v2\/product\/2816","targetHints":{"allow":["GET"]}}],"collection":[{"href":"https:\/\/www.college-park.us\/es\/wp-json\/wp\/v2\/product"}],"about":[{"href":"https:\/\/www.college-park.us\/es\/wp-json\/wp\/v2\/types\/product"}],"wp:featuredmedia":[{"embeddable":true,"href":"https:\/\/www.college-park.us\/es\/wp-json\/wp\/v2\/media\/2718"}],"wp:attachment":[{"href":"https:\/\/www.college-park.us\/es\/wp-json\/wp\/v2\/media?parent=2816"}],"wp:term":[{"taxonomy":"product_brand","embeddable":true,"href":"https:\/\/www.college-park.us\/es\/wp-json\/wp\/v2\/product_brand?post=2816"},{"taxonomy":"product_cat","embeddable":true,"href":"https:\/\/www.college-park.us\/es\/wp-json\/wp\/v2\/product_cat?post=2816"},{"taxonomy":"product_tag","embeddable":true,"href":"https:\/\/www.college-park.us\/es\/wp-json\/wp\/v2\/product_tag?post=2816"}],"curies":[{"name":"wp","href":"https:\/\/api.w.org\/{rel}","templated":true}]}}