{"id":3506,"date":"2022-04-28T13:35:17","date_gmt":"2022-04-28T13:35:17","guid":{"rendered":"https:\/\/www.college-park.us\/product\/voyager\/"},"modified":"2023-08-03T20:15:40","modified_gmt":"2023-08-03T20:15:40","slug":"voyager","status":"publish","type":"product","link":"https:\/\/www.college-park.us\/es\/producto\/voyager\/","title":{"rendered":"Voyager"},"content":{"rendered":"","protected":false},"excerpt":{"rendered":"<h2>Explore con comodidad<\/h2>\n<p>Voyager de College Park fue dise\u00f1ado para lograr la m\u00e1xima comodidad y rotaci\u00f3n para cualquier recorrido. Con absorci\u00f3n de impacto vertical, resortes sensibles y torsi\u00f3n incorporada, este pie de alto rendimiento puede sentirse m\u00e1s natural para el usuario. Su rango de movimiento superior se adapta a diferentes niveles de actividad. El elegante Voyager utiliza un enfoque de material h\u00edbrido: combina compuestos Intelliweave\u00ae flexibles con fibra de carbono duradera para maximizar la funci\u00f3n.<\/p>\n","protected":false},"featured_media":3466,"template":"","meta":{"_acf_changed":false},"product_cat":[124],"product_tag":[],"acf":[],"_links":{"self":[{"href":"https:\/\/www.college-park.us\/es\/wp-json\/wp\/v2\/product\/3506"}],"collection":[{"href":"https:\/\/www.college-park.us\/es\/wp-json\/wp\/v2\/product"}],"about":[{"href":"https:\/\/www.college-park.us\/es\/wp-json\/wp\/v2\/types\/product"}],"wp:featuredmedia":[{"embeddable":true,"href":"https:\/\/www.college-park.us\/es\/wp-json\/wp\/v2\/media\/3466"}],"wp:attachment":[{"href":"https:\/\/www.college-park.us\/es\/wp-json\/wp\/v2\/media?parent=3506"}],"wp:term":[{"taxonomy":"product_cat","embeddable":true,"href":"https:\/\/www.college-park.us\/es\/wp-json\/wp\/v2\/product_cat?post=3506"},{"taxonomy":"product_tag","embeddable":true,"href":"https:\/\/www.college-park.us\/es\/wp-json\/wp\/v2\/product_tag?post=3506"}],"curies":[{"name":"wp","href":"https:\/\/api.w.org\/{rel}","templated":true}]}}