{"id":6271,"date":"2024-08-20T14:22:52","date_gmt":"2024-08-20T14:22:52","guid":{"rendered":"https:\/\/www.college-park.us\/product\/aura\/"},"modified":"2024-08-21T18:46:24","modified_gmt":"2024-08-21T18:46:24","slug":"aura","status":"publish","type":"product","link":"https:\/\/www.college-park.us\/es\/producto\/aura\/","title":{"rendered":"Aura"},"content":{"rendered":"","protected":false},"excerpt":{"rendered":"<p>Aura, el excelente producto de College Park, es reconfortante, intuitivo y muy estable. La nueva rodilla polic\u00e9ntrica Aura est\u00e1 dise\u00f1ada para ofrecer estabilidad y alivio a los usuarios de bajo impacto. Gracias a su mecanismo de bloqueo \u00fanico y a sus ajustes simples de 4\u00a0mm, Aura es mucho m\u00e1s que un apoyo f\u00edsico. Puede abrir horizontes hacia nuevas metas de movilidad y ofrecer una tranquilidad renovada.<\/p>\n","protected":false},"featured_media":6155,"template":"","meta":{"_acf_changed":false},"product_cat":[123],"product_tag":[],"acf":[],"_links":{"self":[{"href":"https:\/\/www.college-park.us\/es\/wp-json\/wp\/v2\/product\/6271"}],"collection":[{"href":"https:\/\/www.college-park.us\/es\/wp-json\/wp\/v2\/product"}],"about":[{"href":"https:\/\/www.college-park.us\/es\/wp-json\/wp\/v2\/types\/product"}],"wp:featuredmedia":[{"embeddable":true,"href":"https:\/\/www.college-park.us\/es\/wp-json\/wp\/v2\/media\/6155"}],"wp:attachment":[{"href":"https:\/\/www.college-park.us\/es\/wp-json\/wp\/v2\/media?parent=6271"}],"wp:term":[{"taxonomy":"product_cat","embeddable":true,"href":"https:\/\/www.college-park.us\/es\/wp-json\/wp\/v2\/product_cat?post=6271"},{"taxonomy":"product_tag","embeddable":true,"href":"https:\/\/www.college-park.us\/es\/wp-json\/wp\/v2\/product_tag?post=6271"}],"curies":[{"name":"wp","href":"https:\/\/api.w.org\/{rel}","templated":true}]}}