{"id":6288,"date":"2024-08-30T13:29:17","date_gmt":"2024-08-30T13:29:17","guid":{"rendered":"https:\/\/www.college-park.us\/?post_type=product&#038;p=6288"},"modified":"2024-08-30T14:04:28","modified_gmt":"2024-08-30T14:04:28","slug":"icon","status":"publish","type":"product","link":"https:\/\/www.college-park.us\/es\/producto\/icon\/","title":{"rendered":"Icon"},"content":{"rendered":"","protected":false},"excerpt":{"rendered":"<h2>El nuevo est\u00e1ndar de excelencia<\/h2>\n<p>La rodilla con microprocesador Icon ofrece una experiencia f\u00e1cil de usar para pacientes y profesionales cl\u00ednicos. Con sensores receptivos, una configuraci\u00f3n simplificada y la aplicaci\u00f3n intuitiva Stride Studio, esta rodilla din\u00e1mica se dise\u00f1\u00f3 para aumentar la confianza del usuario. Los profesionales cl\u00ednicos pueden acceder f\u00e1cilmente a todos los ajustes, modos personalizados y m\u00e1s opciones en Stride Studio. Nuestro equipo ha desarrollado una tecnolog\u00eda exclusiva que pone a la Icon en una categor\u00eda superior, brindando una precisi\u00f3n, un tiempo de respuesta y un ahorro de peso notables. Equipada con una bater\u00eda de larga duraci\u00f3n y una clasificaci\u00f3n IP68, la Icon es la soluci\u00f3n vers\u00e1til para los usuarios con niveles de actividad altos o bajos.<\/p>\n","protected":false},"featured_media":6368,"template":"","meta":{"_acf_changed":false},"product_brand":[],"product_cat":[123],"product_tag":[],"class_list":{"0":"post-6288","1":"product","2":"type-product","3":"status-publish","4":"has-post-thumbnail","6":"product_cat-rodillas","8":"first","9":"instock","10":"shipping-taxable","11":"product-type-simple"},"acf":[],"_links":{"self":[{"href":"https:\/\/www.college-park.us\/es\/wp-json\/wp\/v2\/product\/6288","targetHints":{"allow":["GET"]}}],"collection":[{"href":"https:\/\/www.college-park.us\/es\/wp-json\/wp\/v2\/product"}],"about":[{"href":"https:\/\/www.college-park.us\/es\/wp-json\/wp\/v2\/types\/product"}],"wp:featuredmedia":[{"embeddable":true,"href":"https:\/\/www.college-park.us\/es\/wp-json\/wp\/v2\/media\/6368"}],"wp:attachment":[{"href":"https:\/\/www.college-park.us\/es\/wp-json\/wp\/v2\/media?parent=6288"}],"wp:term":[{"taxonomy":"product_brand","embeddable":true,"href":"https:\/\/www.college-park.us\/es\/wp-json\/wp\/v2\/product_brand?post=6288"},{"taxonomy":"product_cat","embeddable":true,"href":"https:\/\/www.college-park.us\/es\/wp-json\/wp\/v2\/product_cat?post=6288"},{"taxonomy":"product_tag","embeddable":true,"href":"https:\/\/www.college-park.us\/es\/wp-json\/wp\/v2\/product_tag?post=6288"}],"curies":[{"name":"wp","href":"https:\/\/api.w.org\/{rel}","templated":true}]}}