{"id":2223,"date":"2021-10-22T22:43:11","date_gmt":"2021-10-22T22:43:11","guid":{"rendered":"https:\/\/www.college-park.us\/campus-de-college-park\/"},"modified":"2024-09-23T15:11:33","modified_gmt":"2024-09-23T15:11:33","slug":"campus-de-college-park","status":"publish","type":"page","link":"https:\/\/www.college-park.us\/fr\/campus-de-college-park\/","title":{"rendered":"Campus de College Park"},"content":{"rendered":"\t\t<div data-elementor-type=\"wp-page\" data-elementor-id=\"2223\" class=\"elementor elementor-2223 elementor-86\">\n\t\t\t\t\t\t<section class=\"elementor-section elementor-top-section elementor-element elementor-element-3e223a3a elementor-section-boxed elementor-section-height-default elementor-section-height-default\" data-id=\"3e223a3a\" data-element_type=\"section\" data-e-type=\"section\">\n\t\t\t\t\t\t<div class=\"elementor-container elementor-column-gap-default\">\n\t\t\t\t\t<div class=\"elementor-column elementor-col-100 elementor-top-column elementor-element elementor-element-788a55b7\" data-id=\"788a55b7\" data-element_type=\"column\" data-e-type=\"column\">\n\t\t\t<div class=\"elementor-widget-wrap elementor-element-populated\">\n\t\t\t\t\t\t<div class=\"elementor-element elementor-element-99587e8 elementor-widget elementor-widget-image\" data-id=\"99587e8\" data-element_type=\"widget\" data-e-type=\"widget\" data-widget_type=\"image.default\">\n\t\t\t\t<div class=\"elementor-widget-container\">\n\t\t\t\t\t\t\t\t\t\t\t\t\t\t\t<img decoding=\"async\" src=\"https:\/\/www.college-park.us\/wp-content\/uploads\/elementor\/thumbs\/logo-collegepark-campus-oybf5grxlximlxbdfnlbjyob2j9n2mv6gu38q5hh36.png\" title=\"logo-collegepark-campus\" alt=\"logo-collegepark-campus\" loading=\"lazy\" \/>\t\t\t\t\t\t\t\t\t\t\t\t\t\t\t<\/div>\n\t\t\t\t<\/div>\n\t\t\t\t<div class=\"elementor-element elementor-element-2da80be7 elementor-widget elementor-widget-text-editor\" data-id=\"2da80be7\" data-element_type=\"widget\" data-e-type=\"widget\" data-widget_type=\"text-editor.default\">\n\t\t\t\t<div class=\"elementor-widget-container\">\n\t\t\t\t\t\t\t\t\t<h2>COMPL\u00c9TEZ VOTRE \u00c9DUCATION<\/h2>\n<p>Avec l&rsquo;\u00e9volution rapide de la technologie, il est important de se tenir au courant des derni\u00e8res innovations. Le College\u00a0Park\u00a0Campus offre des possibilit\u00e9s d&rsquo;\u00e9ducation, de formation et de certification pour les proth\u00e9sistes, les kin\u00e9sith\u00e9rapeutes et autres professionnels de la sant\u00e9 d\u00e9sireux d&rsquo;en savoir plus sur le monde des proth\u00e8ses.<\/p>\n<p>Ces cours et ressources vous aideront, vous et vos patients, \u00e0 en savoir plus et \u00e0 obtenir de meilleurs r\u00e9sultats. Le College\u00a0Park\u00a0Campus est con\u00e7u pour vous aider \u00e0 atteindre de nouveaux objectifs de carri\u00e8re tout en vous offrant les meilleures solutions possible en mati\u00e8re de soins aux patients.<\/p>\n<p>Ce n&rsquo;est que le d\u00e9but\u00a0! Notre \u00e9quipe d&rsquo;experts ajoute continuellement du contenu et des cours \u00e0 votre intention. La biblioth\u00e8que du College\u00a0Park\u00a0Campus ne cesse de s&rsquo;agrandir, alors restez \u00e0 l&rsquo;aff\u00fbt pour en savoir plus\u00a0!<\/p>\n<p style=\"text-align: center;\"><a class=\"button\" href=\"https:\/\/www.college-park.com\/education-enrollment\" target=\"_blank\" rel=\"noopener\">Inscrivez-vous aujourd&rsquo;hui<\/a><\/p>\n\t\t\t\t\t\t\t\t<\/div>\n\t\t\t\t<\/div>\n\t\t\t\t\t<\/div>\n\t\t<\/div>\n\t\t\t\t\t<\/div>\n\t\t<\/section>\n\t\t\t\t<\/div>\n\t\t","protected":false},"excerpt":{"rendered":"<p>COMPL\u00c9TEZ VOTRE \u00c9DUCATION Avec l&rsquo;\u00e9volution rapide de la technologie, il est important de se tenir au courant des derni\u00e8res innovations. Le College\u00a0Park\u00a0Campus offre des possibilit\u00e9s d&rsquo;\u00e9ducation, de formation et de certification pour les proth\u00e9sistes, les kin\u00e9sith\u00e9rapeutes et autres professionnels de la sant\u00e9 d\u00e9sireux d&rsquo;en savoir plus sur le monde des proth\u00e8ses. Ces cours et ressources &hellip; <\/p>\n<p class=\"link-more\"><a href=\"https:\/\/www.college-park.us\/fr\/campus-de-college-park\/\" class=\"more-link\">Continuer la lecture<span class=\"screen-reader-text\"> de &laquo;&nbsp;Campus de College Park&nbsp;&raquo;<\/span><\/a><\/p>\n","protected":false},"author":1,"featured_media":0,"parent":0,"menu_order":0,"comment_status":"closed","ping_status":"closed","template":"page-side-bar.php","meta":{"_acf_changed":false,"footnotes":""},"class_list":["post-2223","page","type-page","status-publish","hentry"],"acf":[],"_links":{"self":[{"href":"https:\/\/www.college-park.us\/fr\/wp-json\/wp\/v2\/pages\/2223","targetHints":{"allow":["GET"]}}],"collection":[{"href":"https:\/\/www.college-park.us\/fr\/wp-json\/wp\/v2\/pages"}],"about":[{"href":"https:\/\/www.college-park.us\/fr\/wp-json\/wp\/v2\/types\/page"}],"author":[{"embeddable":true,"href":"https:\/\/www.college-park.us\/fr\/wp-json\/wp\/v2\/users\/1"}],"replies":[{"embeddable":true,"href":"https:\/\/www.college-park.us\/fr\/wp-json\/wp\/v2\/comments?post=2223"}],"version-history":[{"count":3,"href":"https:\/\/www.college-park.us\/fr\/wp-json\/wp\/v2\/pages\/2223\/revisions"}],"predecessor-version":[{"id":6547,"href":"https:\/\/www.college-park.us\/fr\/wp-json\/wp\/v2\/pages\/2223\/revisions\/6547"}],"wp:attachment":[{"href":"https:\/\/www.college-park.us\/fr\/wp-json\/wp\/v2\/media?parent=2223"}],"curies":[{"name":"wp","href":"https:\/\/api.w.org\/{rel}","templated":true}]}}