{"id":2227,"date":"2021-10-22T22:44:46","date_gmt":"2021-10-22T22:44:46","guid":{"rendered":"https:\/\/www.college-park.us\/enterprise\/"},"modified":"2024-09-23T15:27:11","modified_gmt":"2024-09-23T15:27:11","slug":"enterprise","status":"publish","type":"page","link":"https:\/\/www.college-park.us\/fr\/enterprise\/","title":{"rendered":"Enterprise"},"content":{"rendered":"\t\t<div data-elementor-type=\"wp-page\" data-elementor-id=\"2227\" class=\"elementor elementor-2227 elementor-8\">\n\t\t\t\t\t\t<section class=\"elementor-section elementor-top-section elementor-element elementor-element-3e223a3a elementor-section-boxed elementor-section-height-default elementor-section-height-default\" data-id=\"3e223a3a\" data-element_type=\"section\">\n\t\t\t\t\t\t<div class=\"elementor-container elementor-column-gap-default\">\n\t\t\t\t\t<div class=\"elementor-column elementor-col-100 elementor-top-column elementor-element elementor-element-788a55b7\" data-id=\"788a55b7\" data-element_type=\"column\">\n\t\t\t<div class=\"elementor-widget-wrap elementor-element-populated\">\n\t\t\t\t\t\t<div class=\"elementor-element elementor-element-74fb7fe elementor-widget elementor-widget-heading\" data-id=\"74fb7fe\" data-element_type=\"widget\" data-widget_type=\"heading.default\">\n\t\t\t\t<div class=\"elementor-widget-container\">\n\t\t\t\t\t<h2 class=\"elementor-heading-title elementor-size-default\">TECHNOLOGIE POUR L'HOMME<\/h2>\t\t\t\t<\/div>\n\t\t\t\t<\/div>\n\t\t\t\t<div class=\"elementor-element elementor-element-8aad739 elementor-widget elementor-widget-video\" data-id=\"8aad739\" data-element_type=\"widget\" data-settings=\"{&quot;youtube_url&quot;:&quot;https:\\\/\\\/youtu.be\\\/oNJ185K_aQ0&quot;,&quot;video_type&quot;:&quot;youtube&quot;,&quot;controls&quot;:&quot;yes&quot;}\" data-widget_type=\"video.default\">\n\t\t\t\t<div class=\"elementor-widget-container\">\n\t\t\t\t\t\t\t<div class=\"elementor-wrapper elementor-open-inline\">\n\t\t\t<div class=\"elementor-video\"><\/div>\t\t<\/div>\n\t\t\t\t\t\t<\/div>\n\t\t\t\t<\/div>\n\t\t\t\t<div class=\"elementor-element elementor-element-2da80be7 elementor-widget elementor-widget-text-editor\" data-id=\"2da80be7\" data-element_type=\"widget\" data-widget_type=\"text-editor.default\">\n\t\t\t\t<div class=\"elementor-widget-container\">\n\t\t\t\t\t\t\t\t\t\r\n<p style=\"font-size: 15px; line-height: 26px;\">L&rsquo;histoire de College\u00a0Park\u00a0Industries \u00e0 travers les yeux de Molly\u00a0Null, amput\u00e9e des deux\u00a0c\u00f4t\u00e9s sous le genou. Depuis 2008, Molly porte au quotidien ses pieds College\u00a0Park personnalis\u00e9s. D\u00e9couvrez sa visite \u00e9mouvante au si\u00e8ge et aux installations de production de College\u00a0Park \u00e0 Warren, dans le Michigan (\u00c9tats-Unis). Rejoignez-la pour rencontrer l&rsquo;\u00e9quipe d\u00e9vou\u00e9e et d\u00e9couvrir la technologie, la qualit\u00e9 de pr\u00e9cision et le processus de fabrication artisanale qui distinguent College\u00a0Park pour les utilisateurs du monde entier.<\/p>\r\nCollege Park Industries a \u00e9t\u00e9 introduit en 1988 \u00e0 l&rsquo;issue du premier prototype de pied Trustep. Aujourd&rsquo;hui, nous concevons et fabriquons une gamme compl\u00e8te de syst\u00e8mes de pieds proth\u00e9tiques anatomiquement corrects et personnalisables, de solutions pour les membres sup\u00e9rieurs, de composants endosquelettiques et de produits de gel MetroLiner.\t\t\t\t\t\t\t\t<\/div>\n\t\t\t\t<\/div>\n\t\t\t\t\t<\/div>\n\t\t<\/div>\n\t\t\t\t\t<\/div>\n\t\t<\/section>\n\t\t\t\t<section class=\"elementor-section elementor-top-section elementor-element elementor-element-7e7cf01 elementor-section-boxed elementor-section-height-default elementor-section-height-default\" data-id=\"7e7cf01\" data-element_type=\"section\">\n\t\t\t\t\t\t<div class=\"elementor-container elementor-column-gap-default\">\n\t\t\t\t\t<div class=\"elementor-column elementor-col-100 elementor-top-column elementor-element elementor-element-b641f89\" data-id=\"b641f89\" data-element_type=\"column\">\n\t\t\t<div class=\"elementor-widget-wrap elementor-element-populated\">\n\t\t\t\t\t\t<div class=\"elementor-element elementor-element-523fddf elementor-widget elementor-widget-image\" data-id=\"523fddf\" data-element_type=\"widget\" data-widget_type=\"image.default\">\n\t\t\t\t<div class=\"elementor-widget-container\">\n\t\t\t\t\t\t\t\t\t\t\t\t\t\t\t<img fetchpriority=\"high\" decoding=\"async\" width=\"525\" height=\"296\" src=\"https:\/\/www.college-park.us\/wp-content\/uploads\/2020\/10\/cpi-building-719.jpg\" class=\"attachment-large size-large wp-image-2232\" alt=\"\" srcset=\"https:\/\/www.college-park.us\/wp-content\/uploads\/2020\/10\/cpi-building-719.jpg 719w, https:\/\/www.college-park.us\/wp-content\/uploads\/2020\/10\/cpi-building-719-600x338.jpg 600w, https:\/\/www.college-park.us\/wp-content\/uploads\/2020\/10\/cpi-building-719-300x169.jpg 300w\" sizes=\"100vw\" \/>\t\t\t\t\t\t\t\t\t\t\t\t\t\t\t<\/div>\n\t\t\t\t<\/div>\n\t\t\t\t\t<\/div>\n\t\t<\/div>\n\t\t\t\t\t<\/div>\n\t\t<\/section>\n\t\t\t\t<section class=\"elementor-section elementor-top-section elementor-element elementor-element-b107db7 elementor-section-boxed elementor-section-height-default elementor-section-height-default\" data-id=\"b107db7\" data-element_type=\"section\">\n\t\t\t\t\t\t<div class=\"elementor-container elementor-column-gap-default\">\n\t\t\t\t\t<div class=\"elementor-column elementor-col-100 elementor-top-column elementor-element elementor-element-1d9d2a4\" data-id=\"1d9d2a4\" data-element_type=\"column\">\n\t\t\t<div class=\"elementor-widget-wrap elementor-element-populated\">\n\t\t\t\t\t\t<div class=\"elementor-element elementor-element-d6d71d0 elementor-widget elementor-widget-text-editor\" data-id=\"d6d71d0\" data-element_type=\"widget\" data-widget_type=\"text-editor.default\">\n\t\t\t\t<div class=\"elementor-widget-container\">\n\t\t\t\t\t\t\t\t\tNotre passion est centr\u00e9e sur la technologie, l&rsquo;innovation et la cr\u00e9ation de nouvelles r\u00e9f\u00e9rences qui permettent de restaurer une fonction maximale pour les amput\u00e9s de tous \u00e2ges et niveaux d&rsquo;activit\u00e9. Nous sommes fiers d&rsquo;apporter \u00e0 nos clients et utilisateurs finaux des avanc\u00e9es dans la conception de proth\u00e8ses, comme les composites Intelliweave\u00ae, Enviroshells\u00ae et la technologie int\u00e9gr\u00e9e Spring (iST\u00ae).\r\n\r\nContrairement \u00e0 d&rsquo;autres fabricants, nos produits sont fabriqu\u00e9s sur mesure pour chaque patient en fonction de ses sp\u00e9cifications uniques, nous ne fournissons pas un produit standard. Nous sommes certifi\u00e9s ISO\u00a013485 et mettons l&rsquo;accent sur les tests de qualit\u00e9. Tous nos produits sont fabriqu\u00e9s aux \u00c9tats-Unis. Gr\u00e2ce \u00e0 une ing\u00e9nierie pr\u00e9cise et une fabrication de qualit\u00e9, College Park s&rsquo;engage \u00e0 innover en mati\u00e8re de solutions pour la mobilit\u00e9 humaine pour les utilisateurs du monde entier.\t\t\t\t\t\t\t\t<\/div>\n\t\t\t\t<\/div>\n\t\t\t\t\t<\/div>\n\t\t<\/div>\n\t\t\t\t\t<\/div>\n\t\t<\/section>\n\t\t\t\t<\/div>\n\t\t","protected":false},"excerpt":{"rendered":"<p>TECHNOLOGIE POUR L&rsquo;HOMME L&rsquo;histoire de College\u00a0Park\u00a0Industries \u00e0 travers les yeux de Molly\u00a0Null, amput\u00e9e des deux\u00a0c\u00f4t\u00e9s sous le genou. Depuis 2008, Molly porte au quotidien ses pieds College\u00a0Park personnalis\u00e9s. D\u00e9couvrez sa visite \u00e9mouvante au si\u00e8ge et aux installations de production de College\u00a0Park \u00e0 Warren, dans le Michigan (\u00c9tats-Unis). Rejoignez-la pour rencontrer l&rsquo;\u00e9quipe d\u00e9vou\u00e9e et d\u00e9couvrir la &hellip; <\/p>\n<p class=\"link-more\"><a href=\"https:\/\/www.college-park.us\/fr\/enterprise\/\" class=\"more-link\">Continuer la lecture<span class=\"screen-reader-text\"> de &laquo;&nbsp;Enterprise&nbsp;&raquo;<\/span><\/a><\/p>\n","protected":false},"author":1,"featured_media":0,"parent":0,"menu_order":0,"comment_status":"closed","ping_status":"closed","template":"page-side-bar.php","meta":{"_acf_changed":false,"footnotes":""},"acf":[],"_links":{"self":[{"href":"https:\/\/www.college-park.us\/fr\/wp-json\/wp\/v2\/pages\/2227"}],"collection":[{"href":"https:\/\/www.college-park.us\/fr\/wp-json\/wp\/v2\/pages"}],"about":[{"href":"https:\/\/www.college-park.us\/fr\/wp-json\/wp\/v2\/types\/page"}],"author":[{"embeddable":true,"href":"https:\/\/www.college-park.us\/fr\/wp-json\/wp\/v2\/users\/1"}],"replies":[{"embeddable":true,"href":"https:\/\/www.college-park.us\/fr\/wp-json\/wp\/v2\/comments?post=2227"}],"version-history":[{"count":9,"href":"https:\/\/www.college-park.us\/fr\/wp-json\/wp\/v2\/pages\/2227\/revisions"}],"predecessor-version":[{"id":6573,"href":"https:\/\/www.college-park.us\/fr\/wp-json\/wp\/v2\/pages\/2227\/revisions\/6573"}],"wp:attachment":[{"href":"https:\/\/www.college-park.us\/fr\/wp-json\/wp\/v2\/media?parent=2227"}],"curies":[{"name":"wp","href":"https:\/\/api.w.org\/{rel}","templated":true}]}}