{"id":2233,"date":"2021-10-22T22:45:53","date_gmt":"2021-10-22T22:45:53","guid":{"rendered":"https:\/\/www.college-park.us\/contact\/"},"modified":"2025-01-21T17:00:17","modified_gmt":"2025-01-21T17:00:17","slug":"contact","status":"publish","type":"page","link":"https:\/\/www.college-park.us\/fr\/contact\/","title":{"rendered":"Contact"},"content":{"rendered":"\t\t<div data-elementor-type=\"wp-page\" data-elementor-id=\"2233\" class=\"elementor elementor-2233 elementor-9\">\n\t\t\t\t\t\t<section class=\"elementor-section elementor-top-section elementor-element elementor-element-2fd56ac elementor-section-boxed elementor-section-height-default elementor-section-height-default\" data-id=\"2fd56ac\" data-element_type=\"section\" data-e-type=\"section\">\n\t\t\t\t\t\t<div class=\"elementor-container elementor-column-gap-default\">\n\t\t\t\t\t<div class=\"elementor-column elementor-col-100 elementor-top-column elementor-element elementor-element-3eda97b5\" data-id=\"3eda97b5\" data-element_type=\"column\" data-e-type=\"column\">\n\t\t\t<div class=\"elementor-widget-wrap elementor-element-populated\">\n\t\t\t\t\t\t<div class=\"elementor-element elementor-element-5522d23 elementor-widget elementor-widget-text-editor\" data-id=\"5522d23\" data-element_type=\"widget\" data-e-type=\"widget\" data-widget_type=\"text-editor.default\">\n\t\t\t\t<div class=\"elementor-widget-container\">\n\t\t\t\t\t\t\t\t\t<p>Notre \u00e9quipe est impatiente de r\u00e9pondre \u00e0 vos questions. N&rsquo;h\u00e9sitez pas \u00e0 nous contacter par t\u00e9l\u00e9phone de 9h \u00e0 17h du lundi \u00e0 vendredi ou sur <a style=\"text-decoration: underline !important;\" href=\"mailto:cpi.sales@ossur.com\">cpi.sales@ossur.com<\/a>!<\/p>\t\t\t\t\t\t\t\t<\/div>\n\t\t\t\t<\/div>\n\t\t\t\t\t<\/div>\n\t\t<\/div>\n\t\t\t\t\t<\/div>\n\t\t<\/section>\n\t\t\t\t<section class=\"elementor-section elementor-top-section elementor-element elementor-element-6c6514e elementor-section-boxed elementor-section-height-default elementor-section-height-default\" data-id=\"6c6514e\" data-element_type=\"section\" data-e-type=\"section\">\n\t\t\t\t\t\t<div class=\"elementor-container elementor-column-gap-default\">\n\t\t\t\t\t<div class=\"elementor-column elementor-col-50 elementor-top-column elementor-element elementor-element-d2ff459\" data-id=\"d2ff459\" data-element_type=\"column\" data-e-type=\"column\">\n\t\t\t<div class=\"elementor-widget-wrap elementor-element-populated\">\n\t\t\t\t\t\t<div class=\"elementor-element elementor-element-48b14a8 elementor-widget elementor-widget-google_maps\" data-id=\"48b14a8\" data-element_type=\"widget\" data-e-type=\"widget\" data-widget_type=\"google_maps.default\">\n\t\t\t\t<div class=\"elementor-widget-container\">\n\t\t\t\t\t\t\t<div class=\"elementor-custom-embed\">\n\t\t\t<iframe loading=\"lazy\"\n\t\t\t\t\tsrc=\"https:\/\/maps.google.com\/maps?q=27955%20College%20Park%20Drive%2C%20Warren%2C%20MI%2048044&#038;t=m&#038;z=10&#038;output=embed&#038;iwloc=near\"\n\t\t\t\t\ttitle=\"27955 College Park Drive, Warren, MI 48044\"\n\t\t\t\t\taria-label=\"27955 College Park Drive, Warren, MI 48044\"\n\t\t\t><\/iframe>\n\t\t<\/div>\n\t\t\t\t\t\t<\/div>\n\t\t\t\t<\/div>\n\t\t\t\t<div class=\"elementor-element elementor-element-c81bd52 elementor-widget elementor-widget-text-editor\" data-id=\"c81bd52\" data-element_type=\"widget\" data-e-type=\"widget\" data-widget_type=\"text-editor.default\">\n\t\t\t\t<div class=\"elementor-widget-container\">\n\t\t\t\t\t\t\t\t\t<h4>SI\u00c8GE SOCIAL DE COLLEGE\u00a0PARK<\/h4><p>27955 College Park Drive<br \/>Warren, MI 48044, \u00c9tats-Unis<br \/><strong>T\u00e9l\u00e9phone\u00a0:<\/strong> <a href=\"tel:+1-800-728-7950\">+1 800-728-7950<\/a> | <a href=\"tel:+1-800-728-7950\">+1 586-294-7950<\/a><br \/><strong>Fax:<\/strong> 800-294-0067 | 586-294-0067<br \/><strong>E-mail:<\/strong> <a style=\"text-decoration: underline !important;\" href=\"mailto:orders@college-park.com\">orders@college-park.com<\/a><\/p>\t\t\t\t\t\t\t\t<\/div>\n\t\t\t\t<\/div>\n\t\t\t\t\t<\/div>\n\t\t<\/div>\n\t\t\t\t<div class=\"elementor-column elementor-col-50 elementor-top-column elementor-element elementor-element-dc9382c\" data-id=\"dc9382c\" data-element_type=\"column\" data-e-type=\"column\">\n\t\t\t<div class=\"elementor-widget-wrap elementor-element-populated\">\n\t\t\t\t\t\t<div class=\"elementor-element elementor-element-3c89eb9 elementor-widget elementor-widget-google_maps\" data-id=\"3c89eb9\" data-element_type=\"widget\" data-e-type=\"widget\" data-widget_type=\"google_maps.default\">\n\t\t\t\t<div class=\"elementor-widget-container\">\n\t\t\t\t\t\t\t<div class=\"elementor-custom-embed\">\n\t\t\t<iframe loading=\"lazy\"\n\t\t\t\t\tsrc=\"https:\/\/maps.google.com\/maps?q=De%20Schakel%2070%205651%20GH%20Eindhoven%20The%20Netherlands&#038;t=m&#038;z=10&#038;output=embed&#038;iwloc=near\"\n\t\t\t\t\ttitle=\"De Schakel 70 5651 GH Eindhoven The Netherlands\"\n\t\t\t\t\taria-label=\"De Schakel 70 5651 GH Eindhoven The Netherlands\"\n\t\t\t><\/iframe>\n\t\t<\/div>\n\t\t\t\t\t\t<\/div>\n\t\t\t\t<\/div>\n\t\t\t\t<div class=\"elementor-element elementor-element-feaffba elementor-widget elementor-widget-text-editor\" data-id=\"feaffba\" data-element_type=\"widget\" data-e-type=\"widget\" data-widget_type=\"text-editor.default\">\n\t\t\t\t<div class=\"elementor-widget-container\">\n\t\t\t\t\t\t\t\t\t<h4>\u00d6ssur Europe BV<\/h4><p>De Schakel 70<br \/>5651 GH Eindhoven<br \/>The Netherlands<br \/><span style=\"font-weight: bold;\">T\u00e9l\u00e9phone\u00a0<\/span><strong>:<\/strong> <a href=\"tel:+31 40 231 0134\">+31 40 231 0134<\/a><br \/><strong>E-mail:<\/strong> <a style=\"text-decoration: underline !important;\" href=\"mailto:cpi.sales@ossur.com\">cpi.sales@ossur.com<\/a><\/p>\t\t\t\t\t\t\t\t<\/div>\n\t\t\t\t<\/div>\n\t\t\t\t\t<\/div>\n\t\t<\/div>\n\t\t\t\t\t<\/div>\n\t\t<\/section>\n\t\t\t\t<\/div>\n\t\t","protected":false},"excerpt":{"rendered":"<p>Notre \u00e9quipe est impatiente de r\u00e9pondre \u00e0 vos questions. N&rsquo;h\u00e9sitez pas \u00e0 nous contacter par t\u00e9l\u00e9phone de 9h \u00e0 17h du lundi \u00e0 vendredi ou sur cpi.sales@ossur.com! SI\u00c8GE SOCIAL DE COLLEGE\u00a0PARK 27955 College Park DriveWarren, MI 48044, \u00c9tats-UnisT\u00e9l\u00e9phone\u00a0: +1 800-728-7950 | +1 586-294-7950Fax: 800-294-0067 | 586-294-0067E-mail: orders@college-park.com \u00d6ssur Europe BV De Schakel 705651 GH EindhovenThe &hellip; <\/p>\n<p class=\"link-more\"><a href=\"https:\/\/www.college-park.us\/fr\/contact\/\" class=\"more-link\">Continuer la lecture<span class=\"screen-reader-text\"> de &laquo;&nbsp;Contact&nbsp;&raquo;<\/span><\/a><\/p>\n","protected":false},"author":1,"featured_media":0,"parent":0,"menu_order":0,"comment_status":"closed","ping_status":"closed","template":"page-side-bar.php","meta":{"_acf_changed":false,"footnotes":""},"class_list":["post-2233","page","type-page","status-publish","hentry"],"acf":[],"_links":{"self":[{"href":"https:\/\/www.college-park.us\/fr\/wp-json\/wp\/v2\/pages\/2233","targetHints":{"allow":["GET"]}}],"collection":[{"href":"https:\/\/www.college-park.us\/fr\/wp-json\/wp\/v2\/pages"}],"about":[{"href":"https:\/\/www.college-park.us\/fr\/wp-json\/wp\/v2\/types\/page"}],"author":[{"embeddable":true,"href":"https:\/\/www.college-park.us\/fr\/wp-json\/wp\/v2\/users\/1"}],"replies":[{"embeddable":true,"href":"https:\/\/www.college-park.us\/fr\/wp-json\/wp\/v2\/comments?post=2233"}],"version-history":[{"count":15,"href":"https:\/\/www.college-park.us\/fr\/wp-json\/wp\/v2\/pages\/2233\/revisions"}],"predecessor-version":[{"id":7228,"href":"https:\/\/www.college-park.us\/fr\/wp-json\/wp\/v2\/pages\/2233\/revisions\/7228"}],"wp:attachment":[{"href":"https:\/\/www.college-park.us\/fr\/wp-json\/wp\/v2\/media?parent=2233"}],"curies":[{"name":"wp","href":"https:\/\/api.w.org\/{rel}","templated":true}]}}