{"id":2239,"date":"2021-10-22T22:48:14","date_gmt":"2021-10-22T22:48:14","guid":{"rendered":"https:\/\/www.college-park.us\/politique-de-cookies\/"},"modified":"2021-10-22T22:48:14","modified_gmt":"2021-10-22T22:48:14","slug":"politique-de-cookies","status":"publish","type":"page","link":"https:\/\/www.college-park.us\/fr\/politique-de-cookies\/","title":{"rendered":"Politique de cookies"},"content":{"rendered":"<div class=\"std\">\n<h4>Cette page contient des informations sur la nature des cookies, les cookies utilis\u00e9s par le site Web de College Park Industries (ci-apr\u00e8s \u00ab nous \u00bb, \u00ab notre \u00bb, \u00ab nos \u00bb, \u00ab College Park \u00bb ou la \u00ab Soci\u00e9t\u00e9 \u00bb), la mani\u00e8re de d\u00e9sactiver les cookies dans votre navigateur, la mani\u00e8re de d\u00e9sactiver sp\u00e9cifiquement les cookies publicitaires, ainsi que quelques liens utiles pour approfondir le sujet. Si elle ne fournit pas les informations que vous recherchiez, ou si vous avez d&rsquo;autres questions concernant l&rsquo;utilisation des cookies sur le site Web de la Soci\u00e9t\u00e9, envoyez un e-mail \u00e0 l&rsquo;adresse <a href=\"&quot;mailto:webadmin@college-park.com\">webadmin@college-park.com<\/a><\/h4>\n<h4>QUE SONT LES COOKIES ?<\/h4>\n<p>Les cookies sont de petits fichiers texte stock\u00e9s par le navigateur (par exemple, Internet Explorer ou Safari) sur votre ordinateur ou votre t\u00e9l\u00e9phone portable. Ils permettent aux sites Web de stocker des \u00e9l\u00e9ments, y compris vos pr\u00e9f\u00e9rences utilisateur. Les cookies sont en quelque sorte la \u00ab m\u00e9moire \u00bb du site Web, afin qu&rsquo;il puisse vous reconna\u00eetre \u00e0 votre prochaine connexion et vous envoyer une r\u00e9ponse appropri\u00e9e.<\/p>\n<h4>COMMENT UTILISONS-NOUS LES COOKIES?<\/h4>\n<p>On our Site, you may encounter the following types of cookie:<\/p>\n<ul>\n<li>Cookies de performances du site<\/li>\n<li>Cookies d&rsquo;analyse anonymes<\/li>\n<li>Cookies de g\u00e9olocalisation<\/li>\n<li>Cookies d&rsquo;enregistrement<\/li>\n<li>Cookies publicitaires<\/li>\n<li>Cookies publicitaires de tiers<\/li>\n<\/ul>\n<h4>COOKIES DE PERFORMANCES DU SITE<\/h4>\n<p>Ce type de cookie m\u00e9morise vos pr\u00e9f\u00e9rences pour les outils disponibles sur le site Web de la Soci\u00e9t\u00e9, afin de ne pas devoir les r\u00e9initialiser \u00e0 chaque visite. Voici quelques exemples :<\/p>\n<ul>\n<li>R\u00e9glage du volume de notre lecteur vid\u00e9o<\/li>\n<li>Affichage du nouveau contenu en premier<\/li>\n<li>Vitesses de streaming vid\u00e9o compatibles avec votre navigateur<\/li>\n<\/ul>\n<h4>COOKIES D&rsquo;ANALYSE ANONYMES:<\/h4>\n<p>Chaque fois que quelqu&rsquo;un consulte notre site Web, un logiciel fourni par une autre organisation g\u00e9n\u00e8re un \u00ab cookie d&rsquo;analyse anonyme \u00bb. Ces cookies nous permettent de savoir si vous avez d\u00e9j\u00e0 consult\u00e9 le site. Votre navigateur nous indique si vous disposez desdits cookies et, dans le cas contraire, nous en g\u00e9n\u00e9rons de nouveaux. Nous pouvons ainsi d\u00e9terminer le nombre d&rsquo;utilisateurs individuels et de leurs visites sur le site.<\/p>\n<p>\u00c0 moins que vous ne soyez connect\u00e9 au site, nous ne pouvons pas utiliser lesdits cookies pour identifier des individus. Nous les utilisons pour recueillir des statistiques, par exemple le nombre de consultations d&rsquo;une page. Si vous \u00eates connect\u00e9, nous conna\u00eetrons \u00e9galement les d\u00e9tails communiqu\u00e9s \u00e0 cet effet, tels que votre nom d&rsquo;utilisateur et votre adresse e-mail.<\/p>\n<h4>COOKIES DE G\u00c9OLOCALISATION<\/h4>\n<p>Ces cookies sont utilis\u00e9s par des logiciels qui tentent de d\u00e9terminer dans quel pays vous vous trouvez \u00e0 partir des informations fournies par votre navigateur lorsque vous cliquez sur une page Web. Ils sont totalement anonymes. Nous les utilisons uniquement pour cibler notre contenu (par exemple, si vous voyez une page d&rsquo;accueil sp\u00e9cifique d&rsquo;un pays) et la publicit\u00e9.<\/p>\n<h4>COOKIES D&rsquo;ENREGISTREMENT<\/h4>\n<p>Lorsque vous vous inscrivez, nous g\u00e9n\u00e9rons des cookies qui nous permettent de savoir si vous \u00eates connect\u00e9 ou non. Nos serveurs utilisent lesdits cookies pour d\u00e9terminer le compte auquel vous \u00eates connect\u00e9 et si vous \u00eates autoris\u00e9 \u00e0 acc\u00e9der \u00e0 un service sp\u00e9cifique. Ils nous permettent \u00e9galement d&rsquo;associer les commentaires que vous publiez \u00e0 votre nom d&rsquo;utilisateur. Si vous n&rsquo;avez pas s\u00e9lectionn\u00e9 \u00ab Rester connect\u00e9 \u00bb, vos cookies sont supprim\u00e9s lorsque vous fermez votre navigateur ou que vous \u00e9teignez votre ordinateur. Lorsque vous \u00eates connect\u00e9 \u00e0 l&rsquo;un des sites, nous combinons les informations provenant de vos cookies d&rsquo;enregistrement avec des cookies d&rsquo;analyse, que nous pouvons utiliser pour identifier les pages que vous avez consult\u00e9es.<\/p>\n<h4>COOKIES PUBLICITAIRES<\/h4>\n<p>Ces cookies nous permettent de savoir si vous avez consult\u00e9 ou non une publicit\u00e9 sp\u00e9cifique ou un type de publicit\u00e9, et \u00e0 quel moment vous l&rsquo;avez consult\u00e9e. Les cookies nous aident \u00e9galement \u00e0 utiliser la publicit\u00e9 cibl\u00e9e. Nous utilisons des cookies d\u00e9finis par une autre organisation, afin de cibler plus pr\u00e9cis\u00e9ment la publicit\u00e9 qui vous est destin\u00e9e. Lesdits cookies sont anonymes. Ils stockent des informations sur le contenu que vous consultez sur notre site, mais pas sur votre personnalit\u00e9.<\/p>\n<h4>COOKIES PUBLICITAIRES DE TIERS<\/h4>\n<p>Certains contenus accessibles sur le site sont fournis par d&rsquo;autres organisations. Certaines desdites organisations utilisent leurs propres cookies anonymes pour savoir combien de personnes ont consult\u00e9 une publicit\u00e9 sp\u00e9cifique ou s&rsquo;ils l&rsquo;ont consult\u00e9e plusieurs fois. Les soci\u00e9t\u00e9s qui g\u00e9n\u00e8rent lesdits cookies appliquent leurs propres politiques de confidentialit\u00e9, et nous n&rsquo;avons pas acc\u00e8s \u00e0 la lecture ou \u00e0 l&rsquo;\u00e9criture desdits cookies. Lesdites organisations peuvent utiliser leurs cookies pour cibler anonymement la publicit\u00e9 qui vous est destin\u00e9e sur d&rsquo;autres sites Web, en fonction de votre consultation du site.<\/p>\n<h4>AUTRES COOKIES DE TIERS<\/h4>\n<p>Sur certaines pages de notre site Web, d&rsquo;autres organisations peuvent \u00e9galement d\u00e9finir leurs propres cookies anonymes. Elles peuvent ainsi suivre le succ\u00e8s de leur application ou la personnaliser pour vous. En raison du mode de fonctionnement des cookies, notre site Web ne peut pas y acc\u00e9der. L&rsquo;autre organisation ne peut pas non plus acc\u00e9der aux donn\u00e9es contenues dans les cookies que nous utilisons sur notre site Web.<\/p>\n<h4>COMMENT D\u00c9SACTIVER LES COOKIES?<\/h4>\n<p>En g\u00e9n\u00e9ral, vous pouvez emp\u00eacher votre navigateur d&rsquo;accepter les cookies, notamment ceux d&rsquo;un site Web sp\u00e9cifique. Cependant, sans utiliser de cookies, nous ne pouvons pas savoir si vous \u00eates connect\u00e9. Vous ne pourrez donc pas publier de commentaires. Tous les navigateurs modernes vous permettent de modifier les param\u00e8tres de vos cookies. En principe, vous trouvez lesdits param\u00e8tres dans le menu Options ou Pr\u00e9f\u00e9rences de votre navigateur. Les liens ci-apr\u00e8s peuvent \u00eatre utiles pour comprendre ces param\u00e8tres. Vous pouvez aussi utiliser l&rsquo;option Aide de votre navigateur pour en savoir plus.<\/p>\n<ul>\n<li><a href=\"http:\/\/windows.microsoft.com\/en-GB\/internet-explorer\/delete-manage-cookies#ie=ie-10\" target=\"_blank\" rel=\"noopener noreferrer\">Param\u00e8tres de cookies dans Internet Explorer<\/a><\/li>\n<li><a href=\"http:\/\/support.mozilla.com\/en-US\/kb\/Cookies\" target=\"_blank\" rel=\"noopener noreferrer\">Param\u00e8tres de cookies dans Firefox<\/a><\/li>\n<li><a href=\"https:\/\/support.google.com\/chrome\/answer\/95647?hl=en&amp;ref_topic=14666\" target=\"_blank\" rel=\"noopener noreferrer\">Param\u00e8tres de cookies dans Chrome<\/a><\/li>\n<li><a href=\"https:\/\/support.apple.com\/kb\/PH17191?locale=en_US\" target=\"_blank\" rel=\"noopener noreferrer\">Param\u00e8tres de cookies dans Safari <\/a> et <a href=\"http:\/\/support.apple.com\/kb\/HT1677\" target=\"_blank\" rel=\"noopener noreferrer\">iOS.<\/a><\/li>\n<\/ul>\n<p>Si vous \u00eates principalement pr\u00e9occup\u00e9 par les cookies de tiers g\u00e9n\u00e9r\u00e9s par les annonceurs, vous pouvez les d\u00e9sactiver en vous rendant sur le site <a href=\"http:\/\/www.youronlinechoices.com\/uk\" target=\"_blank\" rel=\"noopener noreferrer\">Your Online Choices site<\/a>.<\/p>\n<p>Vous pouvez \u00e9galement contacter l&rsquo;organisme professionnel repr\u00e9sentant ces plateformes publicitaires pour en savoir plus: <a href=\"http:\/\/www.networkadvertising.org\/\" target=\"_blank\" rel=\"noopener noreferrer\">Network Advertising Initiative<\/a>.<\/p>\n<h4>LIENS UTILES<\/h4>\n<p>Si vous souhaitez en savoir plus sur les cookies et leur utilisation sur Internet, les liens ci-apr\u00e8s pourraient vous \u00eatre utiles:<\/p>\n<ul>\n<li><a href=\"https:\/\/support.microsoft.com\/en-us\/help\/260971\/description-of-cookies\" target=\"_blank\" rel=\"noopener noreferrer\">Guide des Microsoft Cookies<\/a><\/li>\n<li><a href=\"http:\/\/www.allaboutcookies.org\/\" target=\"_blank\" rel=\"noopener noreferrer\">All About Cookies<\/a><\/li>\n<\/ul>\n<p>L&rsquo;IAB a mis \u00e0 disposition le site Web ci-apr\u00e8s pour fournir des informations sp\u00e9cifiques sur les questions de confidentialit\u00e9 li\u00e9es \u00e0 la publicit\u00e9 sur Internet: <a href=\"http:\/\/www.youronlinechoices.com\/uk\/\" target=\"_blank\" rel=\"noopener noreferrer\">youronlinechoices.co.uk\/uk<\/a><\/p>\n<p>Pour de plus amples informations juridiques sur les questions de confidentialit\u00e9, les liens ci-apr\u00e8s pourraient vous \u00eatre utiles:<\/p>\n<ul>\n<li><a href=\"http:\/\/www.opsi.gov.uk\/acts\/acts1998\/ukpga_19980029_en_1\" target=\"_blank\" rel=\"noopener noreferrer\">Data Protection Act 1998<\/a><\/li>\n<li><a href=\"http:\/\/www.ico.gov.uk\/\" target=\"_blank\" rel=\"noopener noreferrer\">The Information Commissioner\u2019s Office<\/a><\/li>\n<\/ul>\n<p>Si vous souhaitez nous contacter au sujet des cookies, veuillez nous envoyer un e-mail \u00e0 l&rsquo;adresse suivante: <a href=\"mailto:webadmin@college-park.com\">webadmin@college-park.com<\/a>.<\/p>\n<\/div>\n","protected":false},"excerpt":{"rendered":"<p>Cette page contient des informations sur la nature des cookies, les cookies utilis\u00e9s par le site Web de College Park Industries (ci-apr\u00e8s \u00ab nous \u00bb, \u00ab notre \u00bb, \u00ab nos \u00bb, \u00ab College Park \u00bb ou la \u00ab Soci\u00e9t\u00e9 \u00bb), la mani\u00e8re de d\u00e9sactiver les cookies dans votre navigateur, la mani\u00e8re de d\u00e9sactiver sp\u00e9cifiquement les &hellip; <\/p>\n<p class=\"link-more\"><a href=\"https:\/\/www.college-park.us\/fr\/politique-de-cookies\/\" class=\"more-link\">Continuer la lecture<span class=\"screen-reader-text\"> de &laquo;&nbsp;Politique de cookies&nbsp;&raquo;<\/span><\/a><\/p>\n","protected":false},"author":1,"featured_media":0,"parent":0,"menu_order":0,"comment_status":"closed","ping_status":"closed","template":"","meta":{"_acf_changed":false,"footnotes":""},"acf":[],"_links":{"self":[{"href":"https:\/\/www.college-park.us\/fr\/wp-json\/wp\/v2\/pages\/2239"}],"collection":[{"href":"https:\/\/www.college-park.us\/fr\/wp-json\/wp\/v2\/pages"}],"about":[{"href":"https:\/\/www.college-park.us\/fr\/wp-json\/wp\/v2\/types\/page"}],"author":[{"embeddable":true,"href":"https:\/\/www.college-park.us\/fr\/wp-json\/wp\/v2\/users\/1"}],"replies":[{"embeddable":true,"href":"https:\/\/www.college-park.us\/fr\/wp-json\/wp\/v2\/comments?post=2239"}],"version-history":[{"count":0,"href":"https:\/\/www.college-park.us\/fr\/wp-json\/wp\/v2\/pages\/2239\/revisions"}],"wp:attachment":[{"href":"https:\/\/www.college-park.us\/fr\/wp-json\/wp\/v2\/media?parent=2239"}],"curies":[{"name":"wp","href":"https:\/\/api.w.org\/{rel}","templated":true}]}}