{"id":6983,"date":"2024-12-02T18:02:27","date_gmt":"2024-12-02T18:02:27","guid":{"rendered":"https:\/\/www.college-park.us\/?page_id=6983"},"modified":"2024-12-09T17:50:43","modified_gmt":"2024-12-09T17:50:43","slug":"activite-faible","status":"publish","type":"page","link":"https:\/\/www.college-park.us\/fr\/activite-faible\/","title":{"rendered":"Activit\u00e9 faible"},"content":{"rendered":"\t\t<div data-elementor-type=\"wp-page\" data-elementor-id=\"6983\" class=\"elementor elementor-6983 elementor-6980\">\n\t\t\t\t\t\t<section class=\"elementor-section elementor-top-section elementor-element elementor-element-5f5960f elementor-section-boxed elementor-section-height-default elementor-section-height-default\" data-id=\"5f5960f\" data-element_type=\"section\" data-e-type=\"section\">\n\t\t\t\t\t\t<div class=\"elementor-container elementor-column-gap-default\">\n\t\t\t\t\t<div class=\"elementor-column elementor-col-100 elementor-top-column elementor-element elementor-element-7d6ec1e\" data-id=\"7d6ec1e\" data-element_type=\"column\" data-e-type=\"column\">\n\t\t\t<div class=\"elementor-widget-wrap elementor-element-populated\">\n\t\t\t\t\t\t<div class=\"elementor-element elementor-element-7f1efe3 elementor-widget elementor-widget-text-editor\" data-id=\"7f1efe3\" data-element_type=\"widget\" data-e-type=\"widget\" data-widget_type=\"text-editor.default\">\n\t\t\t\t<div class=\"elementor-widget-container\">\n\t\t\t\t\t\t\t\t\t<p>Une faible activit\u00e9 n&rsquo;est pas synonyme de faible fonction. Avec des solutions telles que l&rsquo;Odyssey K2 hydraulique et le populaire Celsus, les utilisateurs peuvent b\u00e9n\u00e9ficier d&rsquo;un confort, d&rsquo;une stabilit\u00e9 et d&rsquo;un mouvement accrus. Ces solutions \u00e0 faible impact sont construites pour r\u00e9pondre aux sp\u00e9cifications uniques de l&rsquo;utilisateur. Si vous \u00eates \u00e0 la recherche d&rsquo;un pied K2 l\u00e9ger et \u00e0 profil bas, nous sommes l\u00e0 pour vous aider !<\/p>\t\t\t\t\t\t\t\t<\/div>\n\t\t\t\t<\/div>\n\t\t\t\t\t<\/div>\n\t\t<\/div>\n\t\t\t\t\t<\/div>\n\t\t<\/section>\n\t\t\t\t<section class=\"elementor-section elementor-top-section elementor-element elementor-element-f2919d7 elementor-section-boxed elementor-section-height-default elementor-section-height-default\" data-id=\"f2919d7\" data-element_type=\"section\" data-e-type=\"section\">\n\t\t\t\t\t\t<div class=\"elementor-container elementor-column-gap-default\">\n\t\t\t\t\t<div class=\"elementor-column elementor-col-25 elementor-top-column elementor-element elementor-element-e26bfb6 product-container\" data-id=\"e26bfb6\" data-element_type=\"column\" data-e-type=\"column\">\n\t\t\t<div class=\"elementor-widget-wrap elementor-element-populated\">\n\t\t\t\t\t\t<div class=\"elementor-element elementor-element-c0ef817 elementor-widget elementor-widget-image\" data-id=\"c0ef817\" data-element_type=\"widget\" data-e-type=\"widget\" data-widget_type=\"image.default\">\n\t\t\t\t<div class=\"elementor-widget-container\">\n\t\t\t\t\t\t\t\t\t\t\t\t\t\t\t\t<a href=\"https:\/\/www.college-park.us\/fr\/produit\/terrain-iw\/\">\n\t\t\t\t\t\t\t<img fetchpriority=\"high\" decoding=\"async\" width=\"525\" height=\"525\" src=\"https:\/\/www.college-park.us\/wp-content\/uploads\/2024\/06\/terrainiw-large_2.png\" class=\"attachment-large size-large wp-image-6047\" alt=\"\" srcset=\"https:\/\/www.college-park.us\/wp-content\/uploads\/2024\/06\/terrainiw-large_2.png 700w, https:\/\/www.college-park.us\/wp-content\/uploads\/2024\/06\/terrainiw-large_2-300x300.png 300w, https:\/\/www.college-park.us\/wp-content\/uploads\/2024\/06\/terrainiw-large_2-150x150.png 150w, https:\/\/www.college-park.us\/wp-content\/uploads\/2024\/06\/terrainiw-large_2-100x100.png 100w, https:\/\/www.college-park.us\/wp-content\/uploads\/2024\/06\/terrainiw-large_2-600x600.png 600w\" sizes=\"100vw\" \/>\t\t\t\t\t\t\t\t<\/a>\n\t\t\t\t\t\t\t\t\t\t\t\t\t\t\t<\/div>\n\t\t\t\t<\/div>\n\t\t\t\t<div class=\"elementor-element elementor-element-2eb73b7 elementor-widget elementor-widget-image\" data-id=\"2eb73b7\" data-element_type=\"widget\" data-e-type=\"widget\" data-widget_type=\"image.default\">\n\t\t\t\t<div class=\"elementor-widget-container\">\n\t\t\t\t\t\t\t\t\t\t\t\t\t\t\t\t<a href=\"https:\/\/www.college-park.us\/fr\/produit\/terrain-iw\/\">\n\t\t\t\t\t\t\t<img decoding=\"async\" width=\"230\" height=\"54\" src=\"https:\/\/www.college-park.us\/wp-content\/uploads\/2024\/06\/terrainiw-logo-4c-title.png\" class=\"elementor-animation-grow attachment-large size-large wp-image-6035\" alt=\"\" sizes=\"100vw\" \/>\t\t\t\t\t\t\t\t<\/a>\n\t\t\t\t\t\t\t\t\t\t\t\t\t\t\t<\/div>\n\t\t\t\t<\/div>\n\t\t\t\t\t<\/div>\n\t\t<\/div>\n\t\t\t\t<div class=\"elementor-column elementor-col-25 elementor-top-column elementor-element elementor-element-c1300e6 product-container\" data-id=\"c1300e6\" data-element_type=\"column\" data-e-type=\"column\">\n\t\t\t<div class=\"elementor-widget-wrap elementor-element-populated\">\n\t\t\t\t\t\t<div class=\"elementor-element elementor-element-830af7e elementor-widget elementor-widget-image\" data-id=\"830af7e\" data-element_type=\"widget\" data-e-type=\"widget\" data-widget_type=\"image.default\">\n\t\t\t\t<div class=\"elementor-widget-container\">\n\t\t\t\t\t\t\t\t\t\t\t\t\t\t\t\t<a href=\"https:\/\/www.college-park.us\/fr\/product\/orbit\/\">\n\t\t\t\t\t\t\t<img decoding=\"async\" width=\"525\" height=\"525\" src=\"https:\/\/www.college-park.us\/wp-content\/uploads\/2022\/07\/or-large_2-1024x1024.png\" class=\"attachment-large size-large wp-image-3572\" alt=\"\" srcset=\"https:\/\/www.college-park.us\/wp-content\/uploads\/2022\/07\/or-large_2-1024x1024.png 1024w, https:\/\/www.college-park.us\/wp-content\/uploads\/2022\/07\/or-large_2-300x300.png 300w, https:\/\/www.college-park.us\/wp-content\/uploads\/2022\/07\/or-large_2-150x150.png 150w, https:\/\/www.college-park.us\/wp-content\/uploads\/2022\/07\/or-large_2-768x768.png 768w, https:\/\/www.college-park.us\/wp-content\/uploads\/2022\/07\/or-large_2-100x100.png 100w, https:\/\/www.college-park.us\/wp-content\/uploads\/2022\/07\/or-large_2-600x600.png 600w, https:\/\/www.college-park.us\/wp-content\/uploads\/2022\/07\/or-large_2.png 1200w\" sizes=\"100vw\" \/>\t\t\t\t\t\t\t\t<\/a>\n\t\t\t\t\t\t\t\t\t\t\t\t\t\t\t<\/div>\n\t\t\t\t<\/div>\n\t\t\t\t<div class=\"elementor-element elementor-element-912305a elementor-widget elementor-widget-image\" data-id=\"912305a\" data-element_type=\"widget\" data-e-type=\"widget\" data-widget_type=\"image.default\">\n\t\t\t\t<div class=\"elementor-widget-container\">\n\t\t\t\t\t\t\t\t\t\t\t\t\t\t\t\t<a href=\"https:\/\/www.college-park.us\/fr\/product\/orbit\/\">\n\t\t\t\t\t\t\t<img loading=\"lazy\" decoding=\"async\" width=\"230\" height=\"54\" src=\"https:\/\/www.college-park.us\/wp-content\/uploads\/2022\/07\/or-logo.png\" class=\"elementor-animation-grow attachment-large size-large wp-image-3564\" alt=\"\" sizes=\"100vw\" \/>\t\t\t\t\t\t\t\t<\/a>\n\t\t\t\t\t\t\t\t\t\t\t\t\t\t\t<\/div>\n\t\t\t\t<\/div>\n\t\t\t\t\t<\/div>\n\t\t<\/div>\n\t\t\t\t<div class=\"elementor-column elementor-col-25 elementor-top-column elementor-element elementor-element-0135a9f product-container\" data-id=\"0135a9f\" data-element_type=\"column\" data-e-type=\"column\">\n\t\t\t<div class=\"elementor-widget-wrap elementor-element-populated\">\n\t\t\t\t\t\t<div class=\"elementor-element elementor-element-ebe569e elementor-widget elementor-widget-image\" data-id=\"ebe569e\" data-element_type=\"widget\" data-e-type=\"widget\" data-widget_type=\"image.default\">\n\t\t\t\t<div class=\"elementor-widget-container\">\n\t\t\t\t\t\t\t\t\t\t\t\t\t\t\t\t<a href=\"https:\/\/www.college-park.us\/fr\/produit\/celsus\/\">\n\t\t\t\t\t\t\t<img loading=\"lazy\" decoding=\"async\" width=\"525\" height=\"525\" src=\"https:\/\/www.college-park.us\/wp-content\/uploads\/2020\/10\/celsus-large-1024x1024.png\" class=\"attachment-large size-large wp-image-2073\" alt=\"Celsus Foot\" srcset=\"https:\/\/www.college-park.us\/wp-content\/uploads\/2020\/10\/celsus-large-1024x1024.png 1024w, https:\/\/www.college-park.us\/wp-content\/uploads\/2020\/10\/celsus-large-300x300.png 300w, https:\/\/www.college-park.us\/wp-content\/uploads\/2020\/10\/celsus-large-150x150.png 150w, https:\/\/www.college-park.us\/wp-content\/uploads\/2020\/10\/celsus-large-768x768.png 768w, https:\/\/www.college-park.us\/wp-content\/uploads\/2020\/10\/celsus-large-100x100.png 100w, https:\/\/www.college-park.us\/wp-content\/uploads\/2020\/10\/celsus-large-600x600.png 600w, https:\/\/www.college-park.us\/wp-content\/uploads\/2020\/10\/celsus-large.png 1200w\" sizes=\"100vw\" \/>\t\t\t\t\t\t\t\t<\/a>\n\t\t\t\t\t\t\t\t\t\t\t\t\t\t\t<\/div>\n\t\t\t\t<\/div>\n\t\t\t\t<div class=\"elementor-element elementor-element-b8ae82a elementor-widget elementor-widget-image\" data-id=\"b8ae82a\" data-element_type=\"widget\" data-e-type=\"widget\" data-widget_type=\"image.default\">\n\t\t\t\t<div class=\"elementor-widget-container\">\n\t\t\t\t\t\t\t\t\t\t\t\t\t\t\t\t<a href=\"https:\/\/www.college-park.us\/fr\/produit\/celsus\/\">\n\t\t\t\t\t\t\t<img loading=\"lazy\" decoding=\"async\" width=\"230\" height=\"54\" src=\"https:\/\/www.college-park.us\/wp-content\/uploads\/2020\/10\/celsus_logo.png\" class=\"elementor-animation-grow attachment-large size-large wp-image-2075\" alt=\"Celsus Logo\" sizes=\"100vw\" \/>\t\t\t\t\t\t\t\t<\/a>\n\t\t\t\t\t\t\t\t\t\t\t\t\t\t\t<\/div>\n\t\t\t\t<\/div>\n\t\t\t\t\t<\/div>\n\t\t<\/div>\n\t\t\t\t<div class=\"elementor-column elementor-col-25 elementor-top-column elementor-element elementor-element-747850f product-container\" data-id=\"747850f\" data-element_type=\"column\" data-e-type=\"column\">\n\t\t\t<div class=\"elementor-widget-wrap elementor-element-populated\">\n\t\t\t\t\t\t<div class=\"elementor-element elementor-element-d1ff81e elementor-widget elementor-widget-image\" data-id=\"d1ff81e\" data-element_type=\"widget\" data-e-type=\"widget\" data-widget_type=\"image.default\">\n\t\t\t\t<div class=\"elementor-widget-container\">\n\t\t\t\t\t\t\t\t\t\t\t\t\t\t\t\t<a href=\"https:\/\/www.college-park.us\/fr\/roduit\/odyssey-k2\/\">\n\t\t\t\t\t\t\t<img loading=\"lazy\" decoding=\"async\" width=\"525\" height=\"525\" src=\"https:\/\/www.college-park.us\/wp-content\/uploads\/2020\/10\/ok2-large-1024x1024.png\" class=\"attachment-large size-large wp-image-2063\" alt=\"Odyssey K2 Foot\" srcset=\"https:\/\/www.college-park.us\/wp-content\/uploads\/2020\/10\/ok2-large-1024x1024.png 1024w, https:\/\/www.college-park.us\/wp-content\/uploads\/2020\/10\/ok2-large-300x300.png 300w, https:\/\/www.college-park.us\/wp-content\/uploads\/2020\/10\/ok2-large-150x150.png 150w, https:\/\/www.college-park.us\/wp-content\/uploads\/2020\/10\/ok2-large-768x768.png 768w, https:\/\/www.college-park.us\/wp-content\/uploads\/2020\/10\/ok2-large-100x100.png 100w, https:\/\/www.college-park.us\/wp-content\/uploads\/2020\/10\/ok2-large-600x600.png 600w, https:\/\/www.college-park.us\/wp-content\/uploads\/2020\/10\/ok2-large.png 1200w\" sizes=\"100vw\" \/>\t\t\t\t\t\t\t\t<\/a>\n\t\t\t\t\t\t\t\t\t\t\t\t\t\t\t<\/div>\n\t\t\t\t<\/div>\n\t\t\t\t<div class=\"elementor-element elementor-element-e441288 elementor-widget elementor-widget-image\" data-id=\"e441288\" data-element_type=\"widget\" data-e-type=\"widget\" data-widget_type=\"image.default\">\n\t\t\t\t<div class=\"elementor-widget-container\">\n\t\t\t\t\t\t\t\t\t\t\t\t\t\t\t\t<a href=\"https:\/\/www.college-park.us\/fr\/produit\/odyssey-k2\/\">\n\t\t\t\t\t\t\t<img loading=\"lazy\" decoding=\"async\" width=\"230\" height=\"54\" src=\"https:\/\/www.college-park.us\/wp-content\/uploads\/2020\/10\/ok2_logo.png\" class=\"elementor-animation-grow attachment-large size-large wp-image-2059\" alt=\"Odyssey K2 Logo\" sizes=\"100vw\" \/>\t\t\t\t\t\t\t\t<\/a>\n\t\t\t\t\t\t\t\t\t\t\t\t\t\t\t<\/div>\n\t\t\t\t<\/div>\n\t\t\t\t\t<\/div>\n\t\t<\/div>\n\t\t\t\t\t<\/div>\n\t\t<\/section>\n\t\t\t\t<section class=\"elementor-section elementor-top-section elementor-element elementor-element-1c03203 elementor-section-boxed elementor-section-height-default elementor-section-height-default\" data-id=\"1c03203\" data-element_type=\"section\" data-e-type=\"section\">\n\t\t\t\t\t\t<div class=\"elementor-container elementor-column-gap-default\">\n\t\t\t\t\t<div class=\"elementor-column elementor-col-25 elementor-top-column elementor-element elementor-element-105828a product-container elementor-hidden-tablet elementor-hidden-mobile\" data-id=\"105828a\" data-element_type=\"column\" data-e-type=\"column\">\n\t\t\t<div class=\"elementor-widget-wrap elementor-element-populated\">\n\t\t\t\t\t\t<div class=\"elementor-element elementor-element-10f2c29 elementor-widget elementor-widget-image\" data-id=\"10f2c29\" data-element_type=\"widget\" data-e-type=\"widget\" data-widget_type=\"image.default\">\n\t\t\t\t<div class=\"elementor-widget-container\">\n\t\t\t\t\t\t\t\t\t\t\t\t\t\t\t\t<a href=\"https:\/\/www.college-park.us\/fr\/produit\/tres\/\">\n\t\t\t\t\t\t\t<img loading=\"lazy\" decoding=\"async\" width=\"525\" height=\"525\" src=\"https:\/\/www.college-park.us\/wp-content\/uploads\/2020\/10\/tempo-black-housing-1200-1024x1024.png\" class=\"attachment-large size-large wp-image-3529\" alt=\"\" srcset=\"https:\/\/www.college-park.us\/wp-content\/uploads\/2020\/10\/tempo-black-housing-1200-1024x1024.png 1024w, https:\/\/www.college-park.us\/wp-content\/uploads\/2020\/10\/tempo-black-housing-1200-300x300.png 300w, https:\/\/www.college-park.us\/wp-content\/uploads\/2020\/10\/tempo-black-housing-1200-150x150.png 150w, https:\/\/www.college-park.us\/wp-content\/uploads\/2020\/10\/tempo-black-housing-1200-768x768.png 768w, https:\/\/www.college-park.us\/wp-content\/uploads\/2020\/10\/tempo-black-housing-1200-100x100.png 100w, https:\/\/www.college-park.us\/wp-content\/uploads\/2020\/10\/tempo-black-housing-1200-600x600.png 600w, https:\/\/www.college-park.us\/wp-content\/uploads\/2020\/10\/tempo-black-housing-1200.png 1200w\" sizes=\"100vw\" \/>\t\t\t\t\t\t\t\t<\/a>\n\t\t\t\t\t\t\t\t\t\t\t\t\t\t\t<\/div>\n\t\t\t\t<\/div>\n\t\t\t\t<div class=\"elementor-element elementor-element-86e918e elementor-widget elementor-widget-image\" data-id=\"86e918e\" data-element_type=\"widget\" data-e-type=\"widget\" data-widget_type=\"image.default\">\n\t\t\t\t<div class=\"elementor-widget-container\">\n\t\t\t\t\t\t\t\t\t\t\t\t\t\t\t\t<a href=\"https:\/\/www.college-park.us\/fr\/produit\/tres\/\">\n\t\t\t\t\t\t\t<img loading=\"lazy\" decoding=\"async\" width=\"230\" height=\"54\" src=\"https:\/\/www.college-park.us\/wp-content\/uploads\/2020\/10\/tres-logo.png\" class=\"elementor-animation-grow attachment-large size-large wp-image-2087\" alt=\"Tres\" sizes=\"100vw\" \/>\t\t\t\t\t\t\t\t<\/a>\n\t\t\t\t\t\t\t\t\t\t\t\t\t\t\t<\/div>\n\t\t\t\t<\/div>\n\t\t\t\t\t<\/div>\n\t\t<\/div>\n\t\t\t\t<div class=\"elementor-column elementor-col-25 elementor-top-column elementor-element elementor-element-801d282 product-container\" data-id=\"801d282\" data-element_type=\"column\" data-e-type=\"column\">\n\t\t\t<div class=\"elementor-widget-wrap elementor-element-populated\">\n\t\t\t\t\t\t<div class=\"elementor-element elementor-element-0074100 elementor-widget elementor-widget-image\" data-id=\"0074100\" data-element_type=\"widget\" data-e-type=\"widget\" data-widget_type=\"image.default\">\n\t\t\t\t<div class=\"elementor-widget-container\">\n\t\t\t\t\t\t\t\t\t\t\t\t\t\t\t\t<a href=\"https:\/\/www.college-park.us\/fr\/produit\/breeze\/\">\n\t\t\t\t\t\t\t<img loading=\"lazy\" decoding=\"async\" width=\"525\" height=\"525\" src=\"https:\/\/www.college-park.us\/wp-content\/uploads\/2020\/10\/breeze-1024x1024.png\" class=\"attachment-large size-large wp-image-2094\" alt=\"Breeze Foot\" srcset=\"https:\/\/www.college-park.us\/wp-content\/uploads\/2020\/10\/breeze-1024x1024.png 1024w, https:\/\/www.college-park.us\/wp-content\/uploads\/2020\/10\/breeze-300x300.png 300w, https:\/\/www.college-park.us\/wp-content\/uploads\/2020\/10\/breeze-150x150.png 150w, https:\/\/www.college-park.us\/wp-content\/uploads\/2020\/10\/breeze-768x768.png 768w, https:\/\/www.college-park.us\/wp-content\/uploads\/2020\/10\/breeze-100x100.png 100w, https:\/\/www.college-park.us\/wp-content\/uploads\/2020\/10\/breeze-600x600.png 600w, https:\/\/www.college-park.us\/wp-content\/uploads\/2020\/10\/breeze.png 1200w\" sizes=\"100vw\" \/>\t\t\t\t\t\t\t\t<\/a>\n\t\t\t\t\t\t\t\t\t\t\t\t\t\t\t<\/div>\n\t\t\t\t<\/div>\n\t\t\t\t<div class=\"elementor-element elementor-element-4869a59 elementor-widget elementor-widget-image\" data-id=\"4869a59\" data-element_type=\"widget\" data-e-type=\"widget\" data-widget_type=\"image.default\">\n\t\t\t\t<div class=\"elementor-widget-container\">\n\t\t\t\t\t\t\t\t\t\t\t\t\t\t\t\t<a href=\"https:\/\/www.college-park.us\/fr\/produit\/breeze\/\">\n\t\t\t\t\t\t\t<img loading=\"lazy\" decoding=\"async\" width=\"230\" height=\"54\" src=\"https:\/\/www.college-park.us\/wp-content\/uploads\/2020\/10\/breeze_logo.png\" class=\"elementor-animation-grow attachment-large size-large wp-image-2095\" alt=\"Breeze Logo\" sizes=\"100vw\" \/>\t\t\t\t\t\t\t\t<\/a>\n\t\t\t\t\t\t\t\t\t\t\t\t\t\t\t<\/div>\n\t\t\t\t<\/div>\n\t\t\t\t\t<\/div>\n\t\t<\/div>\n\t\t\t\t<div class=\"elementor-column elementor-col-25 elementor-top-column elementor-element elementor-element-7e0547f product-container elementor-hidden-tablet elementor-hidden-mobile\" data-id=\"7e0547f\" data-element_type=\"column\" data-e-type=\"column\">\n\t\t\t<div class=\"elementor-widget-wrap\">\n\t\t\t\t\t\t\t<\/div>\n\t\t<\/div>\n\t\t\t\t<div class=\"elementor-column elementor-col-25 elementor-top-column elementor-element elementor-element-140e2c2 product-container elementor-hidden-tablet elementor-hidden-mobile\" data-id=\"140e2c2\" data-element_type=\"column\" data-e-type=\"column\">\n\t\t\t<div class=\"elementor-widget-wrap\">\n\t\t\t\t\t\t\t<\/div>\n\t\t<\/div>\n\t\t\t\t\t<\/div>\n\t\t<\/section>\n\t\t\t\t<\/div>\n\t\t","protected":false},"excerpt":{"rendered":"<p>Une faible activit\u00e9 n&rsquo;est pas synonyme de faible fonction. Avec des solutions telles que l&rsquo;Odyssey K2 hydraulique et le populaire Celsus, les utilisateurs peuvent b\u00e9n\u00e9ficier d&rsquo;un confort, d&rsquo;une stabilit\u00e9 et d&rsquo;un mouvement accrus. Ces solutions \u00e0 faible impact sont construites pour r\u00e9pondre aux sp\u00e9cifications uniques de l&rsquo;utilisateur. Si vous \u00eates \u00e0 la recherche d&rsquo;un pied &hellip; <\/p>\n<p class=\"link-more\"><a href=\"https:\/\/www.college-park.us\/fr\/activite-faible\/\" class=\"more-link\">Continuer la lecture<span class=\"screen-reader-text\"> de &laquo;&nbsp;Activit\u00e9 faible&nbsp;&raquo;<\/span><\/a><\/p>\n","protected":false},"author":1,"featured_media":0,"parent":0,"menu_order":0,"comment_status":"closed","ping_status":"closed","template":"elementor_header_footer","meta":{"_acf_changed":false,"footnotes":""},"class_list":["post-6983","page","type-page","status-publish","hentry"],"acf":[],"_links":{"self":[{"href":"https:\/\/www.college-park.us\/fr\/wp-json\/wp\/v2\/pages\/6983","targetHints":{"allow":["GET"]}}],"collection":[{"href":"https:\/\/www.college-park.us\/fr\/wp-json\/wp\/v2\/pages"}],"about":[{"href":"https:\/\/www.college-park.us\/fr\/wp-json\/wp\/v2\/types\/page"}],"author":[{"embeddable":true,"href":"https:\/\/www.college-park.us\/fr\/wp-json\/wp\/v2\/users\/1"}],"replies":[{"embeddable":true,"href":"https:\/\/www.college-park.us\/fr\/wp-json\/wp\/v2\/comments?post=6983"}],"version-history":[{"count":22,"href":"https:\/\/www.college-park.us\/fr\/wp-json\/wp\/v2\/pages\/6983\/revisions"}],"predecessor-version":[{"id":7131,"href":"https:\/\/www.college-park.us\/fr\/wp-json\/wp\/v2\/pages\/6983\/revisions\/7131"}],"wp:attachment":[{"href":"https:\/\/www.college-park.us\/fr\/wp-json\/wp\/v2\/media?parent=6983"}],"curies":[{"name":"wp","href":"https:\/\/api.w.org\/{rel}","templated":true}]}}