{"id":7698,"date":"2025-04-30T15:34:24","date_gmt":"2025-04-30T15:34:24","guid":{"rendered":"https:\/\/www.college-park.us\/?page_id=7698"},"modified":"2025-04-30T15:44:01","modified_gmt":"2025-04-30T15:44:01","slug":"pediatrie","status":"publish","type":"page","link":"https:\/\/www.college-park.us\/fr\/pediatrie\/","title":{"rendered":"Pieds P\u00e9diatriques"},"content":{"rendered":"\t\t<div data-elementor-type=\"wp-page\" data-elementor-id=\"7698\" class=\"elementor elementor-7698 elementor-7695\">\n\t\t\t\t\t\t<section class=\"elementor-section elementor-top-section elementor-element elementor-element-f7d9054 elementor-section-boxed elementor-section-height-default elementor-section-height-default\" data-id=\"f7d9054\" data-element_type=\"section\">\n\t\t\t\t\t\t<div class=\"elementor-container elementor-column-gap-default\">\n\t\t\t\t\t<div class=\"elementor-column elementor-col-100 elementor-top-column elementor-element elementor-element-6b8e15f\" data-id=\"6b8e15f\" data-element_type=\"column\">\n\t\t\t<div class=\"elementor-widget-wrap elementor-element-populated\">\n\t\t\t\t\t\t<div class=\"elementor-element elementor-element-673a79f elementor-widget elementor-widget-text-editor\" data-id=\"673a79f\" data-element_type=\"widget\" data-widget_type=\"text-editor.default\">\n\t\t\t\t<div class=\"elementor-widget-container\">\n\t\t\t\t\t\t\t\t\t<p>Les enfants grandissent et changent tous les jours. Ils ont donc besoin d&rsquo;une technologie proth\u00e9tique qui \u00e9volue avec eux. Con\u00e7ues pour le jeu, ces solutions proth\u00e9tiques offrent le retour d&rsquo;\u00e9nergie et la durabilit\u00e9 dont les enfants ont besoin. D\u00e9couvrez comment les pieds Scout et Truper offrent des capacit\u00e9s de croissance et de flexibilit\u00e9 de diff\u00e9rentes mani\u00e8res !  <\/p>\t\t\t\t\t\t\t\t<\/div>\n\t\t\t\t<\/div>\n\t\t\t\t\t<\/div>\n\t\t<\/div>\n\t\t\t\t\t<\/div>\n\t\t<\/section>\n\t\t\t\t<section class=\"elementor-section elementor-top-section elementor-element elementor-element-59aa42c elementor-section-boxed elementor-section-height-default elementor-section-height-default\" data-id=\"59aa42c\" data-element_type=\"section\">\n\t\t\t\t\t\t<div class=\"elementor-container elementor-column-gap-default\">\n\t\t\t\t\t<div class=\"elementor-column elementor-col-25 elementor-top-column elementor-element elementor-element-8c72e14 product-container\" data-id=\"8c72e14\" data-element_type=\"column\">\n\t\t\t<div class=\"elementor-widget-wrap elementor-element-populated\">\n\t\t\t\t\t\t<div class=\"elementor-element elementor-element-9c0371b elementor-widget elementor-widget-image\" data-id=\"9c0371b\" data-element_type=\"widget\" data-widget_type=\"image.default\">\n\t\t\t\t<div class=\"elementor-widget-container\">\n\t\t\t\t\t\t\t\t\t\t\t\t\t\t\t\t<a href=\"https:\/\/www.college-park.us\/fr\/produit\/scout\/\">\n\t\t\t\t\t\t\t<img fetchpriority=\"high\" decoding=\"async\" width=\"525\" height=\"525\" src=\"https:\/\/www.college-park.us\/wp-content\/uploads\/2022\/01\/sc-p-large-1024x1024.png\" class=\"elementor-animation-grow attachment-large size-large wp-image-2674\" alt=\"Scout\" srcset=\"https:\/\/www.college-park.us\/wp-content\/uploads\/2022\/01\/sc-p-large-1024x1024.png 1024w, https:\/\/www.college-park.us\/wp-content\/uploads\/2022\/01\/sc-p-large-300x300.png 300w, https:\/\/www.college-park.us\/wp-content\/uploads\/2022\/01\/sc-p-large-150x150.png 150w, https:\/\/www.college-park.us\/wp-content\/uploads\/2022\/01\/sc-p-large-768x768.png 768w, https:\/\/www.college-park.us\/wp-content\/uploads\/2022\/01\/sc-p-large-100x100.png 100w, https:\/\/www.college-park.us\/wp-content\/uploads\/2022\/01\/sc-p-large-600x600.png 600w, https:\/\/www.college-park.us\/wp-content\/uploads\/2022\/01\/sc-p-large.png 1200w\" sizes=\"100vw\" \/>\t\t\t\t\t\t\t\t<\/a>\n\t\t\t\t\t\t\t\t\t\t\t\t\t\t\t<\/div>\n\t\t\t\t<\/div>\n\t\t\t\t<div class=\"elementor-element elementor-element-c843803 elementor-widget elementor-widget-image\" data-id=\"c843803\" data-element_type=\"widget\" data-widget_type=\"image.default\">\n\t\t\t\t<div class=\"elementor-widget-container\">\n\t\t\t\t\t\t\t\t\t\t\t\t\t\t\t\t<a href=\"https:\/\/www.college-park.us\/fr\/produit\/scout\/\">\n\t\t\t\t\t\t\t<img decoding=\"async\" width=\"230\" height=\"54\" src=\"https:\/\/www.college-park.us\/wp-content\/uploads\/2022\/01\/sc-logo.png\" class=\"attachment-large size-large wp-image-2667\" alt=\"\" sizes=\"100vw\" \/>\t\t\t\t\t\t\t\t<\/a>\n\t\t\t\t\t\t\t\t\t\t\t\t\t\t\t<\/div>\n\t\t\t\t<\/div>\n\t\t\t\t\t<\/div>\n\t\t<\/div>\n\t\t\t\t<div class=\"elementor-column elementor-col-25 elementor-top-column elementor-element elementor-element-105828a product-container\" data-id=\"105828a\" data-element_type=\"column\">\n\t\t\t<div class=\"elementor-widget-wrap elementor-element-populated\">\n\t\t\t\t\t\t<div class=\"elementor-element elementor-element-668adaf elementor-widget elementor-widget-image\" data-id=\"668adaf\" data-element_type=\"widget\" data-widget_type=\"image.default\">\n\t\t\t\t<div class=\"elementor-widget-container\">\n\t\t\t\t\t\t\t\t\t\t\t\t\t\t\t\t<a href=\"https:\/\/www.college-park.us\/fr\/produit\/truper\/\">\n\t\t\t\t\t\t\t<img decoding=\"async\" width=\"525\" height=\"525\" src=\"https:\/\/www.college-park.us\/wp-content\/uploads\/2020\/10\/truper-large-1024x1024.png\" class=\"elementor-animation-grow attachment-large size-large wp-image-2123\" alt=\"Truper Foot\" srcset=\"https:\/\/www.college-park.us\/wp-content\/uploads\/2020\/10\/truper-large-1024x1024.png 1024w, https:\/\/www.college-park.us\/wp-content\/uploads\/2020\/10\/truper-large-300x300.png 300w, https:\/\/www.college-park.us\/wp-content\/uploads\/2020\/10\/truper-large-150x150.png 150w, https:\/\/www.college-park.us\/wp-content\/uploads\/2020\/10\/truper-large-768x768.png 768w, https:\/\/www.college-park.us\/wp-content\/uploads\/2020\/10\/truper-large-100x100.png 100w, https:\/\/www.college-park.us\/wp-content\/uploads\/2020\/10\/truper-large-600x600.png 600w, https:\/\/www.college-park.us\/wp-content\/uploads\/2020\/10\/truper-large.png 1200w\" sizes=\"100vw\" \/>\t\t\t\t\t\t\t\t<\/a>\n\t\t\t\t\t\t\t\t\t\t\t\t\t\t\t<\/div>\n\t\t\t\t<\/div>\n\t\t\t\t<div class=\"elementor-element elementor-element-43f09a6 elementor-widget elementor-widget-image\" data-id=\"43f09a6\" data-element_type=\"widget\" data-widget_type=\"image.default\">\n\t\t\t\t<div class=\"elementor-widget-container\">\n\t\t\t\t\t\t\t\t\t\t\t\t\t\t\t\t<a href=\"https:\/\/www.college-park.us\/fr\/produit\/truper\/\">\n\t\t\t\t\t\t\t<img loading=\"lazy\" decoding=\"async\" width=\"230\" height=\"54\" src=\"https:\/\/www.college-park.us\/wp-content\/uploads\/2020\/10\/truper_logo.png\" class=\"attachment-large size-large wp-image-2118\" alt=\"Truper Logo\" sizes=\"100vw\" \/>\t\t\t\t\t\t\t\t<\/a>\n\t\t\t\t\t\t\t\t\t\t\t\t\t\t\t<\/div>\n\t\t\t\t<\/div>\n\t\t\t\t\t<\/div>\n\t\t<\/div>\n\t\t\t\t<div class=\"elementor-column elementor-col-25 elementor-top-column elementor-element elementor-element-ec46d17\" data-id=\"ec46d17\" data-element_type=\"column\">\n\t\t\t<div class=\"elementor-widget-wrap\">\n\t\t\t\t\t\t\t<\/div>\n\t\t<\/div>\n\t\t\t\t<div class=\"elementor-column elementor-col-25 elementor-top-column elementor-element elementor-element-4781431\" data-id=\"4781431\" data-element_type=\"column\">\n\t\t\t<div class=\"elementor-widget-wrap\">\n\t\t\t\t\t\t\t<\/div>\n\t\t<\/div>\n\t\t\t\t\t<\/div>\n\t\t<\/section>\n\t\t\t\t<\/div>\n\t\t","protected":false},"excerpt":{"rendered":"<p>Les enfants grandissent et changent tous les jours. Ils ont donc besoin d&rsquo;une technologie proth\u00e9tique qui \u00e9volue avec eux. Con\u00e7ues pour le jeu, ces solutions proth\u00e9tiques offrent le retour d&rsquo;\u00e9nergie et la durabilit\u00e9 dont les enfants ont besoin. D\u00e9couvrez comment les pieds Scout et Truper offrent des capacit\u00e9s de croissance et de flexibilit\u00e9 de diff\u00e9rentes &hellip; <\/p>\n<p class=\"link-more\"><a href=\"https:\/\/www.college-park.us\/fr\/pediatrie\/\" class=\"more-link\">Continuer la lecture<span class=\"screen-reader-text\"> de &laquo;&nbsp;Pieds P\u00e9diatriques&nbsp;&raquo;<\/span><\/a><\/p>\n","protected":false},"author":1,"featured_media":0,"parent":0,"menu_order":0,"comment_status":"closed","ping_status":"closed","template":"elementor_header_footer","meta":{"_acf_changed":false,"footnotes":""},"acf":[],"_links":{"self":[{"href":"https:\/\/www.college-park.us\/fr\/wp-json\/wp\/v2\/pages\/7698"}],"collection":[{"href":"https:\/\/www.college-park.us\/fr\/wp-json\/wp\/v2\/pages"}],"about":[{"href":"https:\/\/www.college-park.us\/fr\/wp-json\/wp\/v2\/types\/page"}],"author":[{"embeddable":true,"href":"https:\/\/www.college-park.us\/fr\/wp-json\/wp\/v2\/users\/1"}],"replies":[{"embeddable":true,"href":"https:\/\/www.college-park.us\/fr\/wp-json\/wp\/v2\/comments?post=7698"}],"version-history":[{"count":5,"href":"https:\/\/www.college-park.us\/fr\/wp-json\/wp\/v2\/pages\/7698\/revisions"}],"predecessor-version":[{"id":7730,"href":"https:\/\/www.college-park.us\/fr\/wp-json\/wp\/v2\/pages\/7698\/revisions\/7730"}],"wp:attachment":[{"href":"https:\/\/www.college-park.us\/fr\/wp-json\/wp\/v2\/media?parent=7698"}],"curies":[{"name":"wp","href":"https:\/\/api.w.org\/{rel}","templated":true}]}}