{"id":7895,"date":"2025-11-12T17:25:06","date_gmt":"2025-11-12T17:25:06","guid":{"rendered":"https:\/\/www.college-park.us\/?page_id=7895"},"modified":"2025-11-24T18:41:05","modified_gmt":"2025-11-24T18:41:05","slug":"options-etanches","status":"publish","type":"page","link":"https:\/\/www.college-park.us\/fr\/options-etanches\/","title":{"rendered":"Options \u00e9tanches"},"content":{"rendered":"\t\t<div data-elementor-type=\"wp-page\" data-elementor-id=\"7895\" class=\"elementor elementor-7895 elementor-7891\">\n\t\t\t\t\t\t<section class=\"elementor-section elementor-top-section elementor-element elementor-element-1fa145f elementor-section-boxed elementor-section-height-default elementor-section-height-default\" data-id=\"1fa145f\" data-element_type=\"section\" data-e-type=\"section\">\n\t\t\t\t\t\t<div class=\"elementor-container elementor-column-gap-default\">\n\t\t\t\t\t<div class=\"elementor-column elementor-col-100 elementor-top-column elementor-element elementor-element-8ad2f18\" data-id=\"8ad2f18\" data-element_type=\"column\" data-e-type=\"column\">\n\t\t\t<div class=\"elementor-widget-wrap elementor-element-populated\">\n\t\t\t\t\t\t<div class=\"elementor-element elementor-element-2a4d1d7 elementor-widget elementor-widget-heading\" data-id=\"2a4d1d7\" data-element_type=\"widget\" data-e-type=\"widget\" data-widget_type=\"heading.default\">\n\t\t\t\t<div class=\"elementor-widget-container\">\n\t\t\t\t\t<h2 class=\"elementor-heading-title elementor-size-default\">Que signifie \u00ab \u00e9tanche \u00bb chez College Park ?<\/h2>\t\t\t\t<\/div>\n\t\t\t\t<\/div>\n\t\t\t\t<div class=\"elementor-element elementor-element-892bea5 elementor-widget elementor-widget-text-editor\" data-id=\"892bea5\" data-element_type=\"widget\" data-e-type=\"widget\" data-widget_type=\"text-editor.default\">\n\t\t\t\t<div class=\"elementor-widget-container\">\n\t\t\t\t\t\t\t\t\t<p><span class=\"NormalTextRun SCXW191048272 BCX8\">La <\/span><span class=\"NormalTextRun SpellingErrorV2Themed SCXW191048272 BCX8\">technologie<\/span> <span class=\"NormalTextRun SpellingErrorV2Themed SCXW191048272 BCX8\">proth\u00e9tique<\/span><span class=\"NormalTextRun SCXW191048272 BCX8\"> doit <\/span><span class=\"NormalTextRun SpellingErrorV2Themed SCXW191048272 BCX8\">\u00eatre<\/span> <span class=\"NormalTextRun SpellingErrorV2Themed SCXW191048272 BCX8\">con\u00e7ue<\/span><span class=\"NormalTextRun SCXW191048272 BCX8\"> pour <\/span><span class=\"NormalTextRun SpellingErrorV2Themed SCXW191048272 BCX8\">restaurer<\/span><span class=\"NormalTextRun SCXW191048272 BCX8\"> les <\/span><span class=\"NormalTextRun SpellingErrorV2Themed SCXW191048272 BCX8\">mouvements<\/span> <span class=\"NormalTextRun SpellingErrorV2Themed SCXW191048272 BCX8\">naturels<\/span><span class=\"NormalTextRun SCXW191048272 BCX8\"> et les <\/span><span class=\"NormalTextRun SpellingErrorV2Themed SCXW191048272 BCX8\">exp\u00e9riences<\/span><span class=\"NormalTextRun SCXW191048272 BCX8\"> perdues \u00e0 la suite <\/span><span class=\"NormalTextRun SpellingErrorV2Themed SCXW191048272 BCX8\">d\u2019une<\/span><span class=\"NormalTextRun SCXW191048272 BCX8\"> amputation. Dans de <\/span><span class=\"NormalTextRun SpellingErrorV2Themed SCXW191048272 BCX8\">nombreux<\/span> <span class=\"NormalTextRun SpellingErrorV2Themed SCXW191048272 BCX8\">cas<\/span><span class=\"NormalTextRun SCXW191048272 BCX8\">, <\/span><span class=\"NormalTextRun SpellingErrorV2Themed SCXW191048272 BCX8\">cela<\/span> <span class=\"NormalTextRun SpellingErrorV2Themed SCXW191048272 BCX8\">signifie<\/span> <span class=\"NormalTextRun SpellingErrorV2Themed SCXW191048272 BCX8\">r\u00e9sister<\/span><span class=\"NormalTextRun SCXW191048272 BCX8\"> aux <\/span><span class=\"NormalTextRun SpellingErrorV2Themed SCXW191048272 BCX8\">environnements<\/span> <span class=\"NormalTextRun SpellingErrorV2Themed SCXW191048272 BCX8\">humides<\/span><span class=\"NormalTextRun SCXW191048272 BCX8\"> ! <\/span><span class=\"NormalTextRun ContextualSpellingAndGrammarErrorV2Themed SCXW191048272 BCX8\">Gr\u00e2ce<\/span><span class=\"NormalTextRun SCXW191048272 BCX8\"> \u00e0 des tests de <\/span><span class=\"NormalTextRun SpellingErrorV2Themed SCXW191048272 BCX8\">qualit\u00e9<\/span> <span class=\"NormalTextRun SpellingErrorV2Themed SCXW191048272 BCX8\">approfondis<\/span><span class=\"NormalTextRun SCXW191048272 BCX8\">, les <\/span><span class=\"NormalTextRun SpellingErrorV2Themed SCXW191048272 BCX8\">ing\u00e9nieurs<\/span><span class=\"NormalTextRun SCXW191048272 BCX8\"> de College Park <\/span><span class=\"NormalTextRun SpellingErrorV2Themed SCXW191048272 BCX8\">repoussent<\/span><span class=\"NormalTextRun SCXW191048272 BCX8\"> les <\/span><span class=\"NormalTextRun SpellingErrorV2Themed SCXW191048272 BCX8\">limites<\/span><span class=\"NormalTextRun SCXW191048272 BCX8\"> de la notion d\u2019\u00ab <\/span><span class=\"NormalTextRun SpellingErrorV2Themed SCXW191048272 BCX8\">\u00e9tanch\u00e9it\u00e9<\/span><span class=\"NormalTextRun SCXW191048272 BCX8\"> \u00bb. <\/span><span class=\"NormalTextRun SpellingErrorV2Themed SCXW191048272 BCX8\">Que<\/span> <span class=\"NormalTextRun SpellingErrorV2Themed SCXW191048272 BCX8\">ce<\/span> <span class=\"NormalTextRun SpellingErrorV2Themed SCXW191048272 BCX8\">soit<\/span><span class=\"NormalTextRun SCXW191048272 BCX8\"> pour surfer dans <\/span><span class=\"NormalTextRun SpellingErrorV2Themed SCXW191048272 BCX8\">l\u2019oc\u00e9an<\/span><span class=\"NormalTextRun SCXW191048272 BCX8\">, <\/span><span class=\"NormalTextRun SpellingErrorV2Themed SCXW191048272 BCX8\">travailler<\/span><span class=\"NormalTextRun SCXW191048272 BCX8\"> dans <\/span><span class=\"NormalTextRun SpellingErrorV2Themed SCXW191048272 BCX8\">une<\/span> <span class=\"NormalTextRun SpellingErrorV2Themed SCXW191048272 BCX8\">atmosph\u00e8re<\/span> <span class=\"NormalTextRun SpellingErrorV2Themed SCXW191048272 BCX8\">humide<\/span> <span class=\"NormalTextRun SpellingErrorV2Themed SCXW191048272 BCX8\">ou<\/span> <span class=\"NormalTextRun SpellingErrorV2Themed SCXW191048272 BCX8\">danser<\/span><span class=\"NormalTextRun SCXW191048272 BCX8\"> sous la <\/span><span class=\"NormalTextRun SpellingErrorV2Themed SCXW191048272 BCX8\">pluie<\/span><span class=\"NormalTextRun SCXW191048272 BCX8\">, College Park propose des solutions <\/span><span class=\"NormalTextRun SpellingErrorV2Themed SCXW191048272 BCX8\">adapt\u00e9es<\/span><span class=\"NormalTextRun SCXW191048272 BCX8\">.<\/span><\/p>\t\t\t\t\t\t\t\t<\/div>\n\t\t\t\t<\/div>\n\t\t\t\t\t<\/div>\n\t\t<\/div>\n\t\t\t\t\t<\/div>\n\t\t<\/section>\n\t\t\t\t<section class=\"elementor-section elementor-top-section elementor-element elementor-element-e6f6861 elementor-section-boxed elementor-section-height-default elementor-section-height-default\" data-id=\"e6f6861\" data-element_type=\"section\" data-e-type=\"section\">\n\t\t\t\t\t\t<div class=\"elementor-container elementor-column-gap-default\">\n\t\t\t\t\t<div class=\"elementor-column elementor-col-50 elementor-top-column elementor-element elementor-element-9d465a3\" data-id=\"9d465a3\" data-element_type=\"column\" data-e-type=\"column\">\n\t\t\t<div class=\"elementor-widget-wrap elementor-element-populated\">\n\t\t\t\t\t\t<div class=\"elementor-element elementor-element-19cc98c elementor-widget elementor-widget-image\" data-id=\"19cc98c\" data-element_type=\"widget\" data-e-type=\"widget\" data-widget_type=\"image.default\">\n\t\t\t\t<div class=\"elementor-widget-container\">\n\t\t\t\t\t\t\t\t\t\t\t\t\t\t\t<img fetchpriority=\"high\" decoding=\"async\" width=\"525\" height=\"577\" src=\"https:\/\/www.college-park.us\/wp-content\/uploads\/2025\/11\/waterproof-graphic-french-932x1024.png\" class=\"attachment-large size-large wp-image-8019\" alt=\"\" srcset=\"https:\/\/www.college-park.us\/wp-content\/uploads\/2025\/11\/waterproof-graphic-french-932x1024.png 932w, https:\/\/www.college-park.us\/wp-content\/uploads\/2025\/11\/waterproof-graphic-french-273x300.png 273w, https:\/\/www.college-park.us\/wp-content\/uploads\/2025\/11\/waterproof-graphic-french-768x843.png 768w, https:\/\/www.college-park.us\/wp-content\/uploads\/2025\/11\/waterproof-graphic-french-600x659.png 600w, https:\/\/www.college-park.us\/wp-content\/uploads\/2025\/11\/waterproof-graphic-french.png 1080w\" sizes=\"100vw\" \/>\t\t\t\t\t\t\t\t\t\t\t\t\t\t\t<\/div>\n\t\t\t\t<\/div>\n\t\t\t\t\t<\/div>\n\t\t<\/div>\n\t\t\t\t<div class=\"elementor-column elementor-col-50 elementor-top-column elementor-element elementor-element-ba23d87\" data-id=\"ba23d87\" data-element_type=\"column\" data-e-type=\"column\" data-settings=\"{&quot;background_background&quot;:&quot;classic&quot;}\">\n\t\t\t<div class=\"elementor-widget-wrap elementor-element-populated\">\n\t\t\t\t\t\t<div class=\"elementor-element elementor-element-6e67139 elementor-widget elementor-widget-text-editor\" data-id=\"6e67139\" data-element_type=\"widget\" data-e-type=\"widget\" data-widget_type=\"text-editor.default\">\n\t\t\t\t<div class=\"elementor-widget-container\">\n\t\t\t\t\t\t\t\t\t<p style=\"font-weight: 600; font-style: italic; font-size: 18px;\">Con\u00e7us et test\u00e9s pour r\u00e9sister \u00e0 la corrosion, des produits tels que le <a href=\"https:\/\/www.college-park.us\/fr\/produit\/soleus\/\">Soleus<\/a>, le <a href=\"https:\/\/www.college-park.us\/fr\/produit\/terrain\/\">Terrain<\/a> et les <a href=\"https:\/\/www.college-park.us\/fr\/produit\/sidekicks\/\">Sidekicks<\/a> sont approuv\u00e9s pour une immersion dans l\u2019eau de mer et dans les piscines chlor\u00e9es. Ces produits offrent des performances \u00e9lev\u00e9es et conservent leur qualit\u00e9 dans diff\u00e9rents environnements humides.<\/p>\t\t\t\t\t\t\t\t<\/div>\n\t\t\t\t<\/div>\n\t\t\t\t\t<\/div>\n\t\t<\/div>\n\t\t\t\t\t<\/div>\n\t\t<\/section>\n\t\t\t\t<section class=\"elementor-section elementor-top-section elementor-element elementor-element-6db81ba elementor-section-boxed elementor-section-height-default elementor-section-height-default\" data-id=\"6db81ba\" data-element_type=\"section\" data-e-type=\"section\">\n\t\t\t\t\t\t<div class=\"elementor-container elementor-column-gap-default\">\n\t\t\t\t\t<div class=\"elementor-column elementor-col-50 elementor-top-column elementor-element elementor-element-4120535\" data-id=\"4120535\" data-element_type=\"column\" data-e-type=\"column\" data-settings=\"{&quot;background_background&quot;:&quot;classic&quot;}\">\n\t\t\t<div class=\"elementor-widget-wrap elementor-element-populated\">\n\t\t\t\t\t\t<div class=\"elementor-element elementor-element-0b4d924 elementor-widget elementor-widget-text-editor\" data-id=\"0b4d924\" data-element_type=\"widget\" data-e-type=\"widget\" data-widget_type=\"text-editor.default\">\n\t\t\t\t<div class=\"elementor-widget-container\">\n\t\t\t\t\t\t\t\t\t<p style=\"font-weight: 600; font-style: italic; font-size: 18px;\">Bas\u00e9e dans l\u2019\u00c9tat du Michigan, College Park est entour\u00e9e d\u2019eau douce. Les utilisateurs peuvent profiter d\u2019une douche ou passer un week-end au bord des Grands Lacs avec des produits tels que les pieds <a href=\"https:\/\/www.college-park.us\/fr\/produit\/odyssey-k3\/\">Odyssey K3<\/a> et <a href=\"https:\/\/www.college-park.us\/fr\/produit\/scout\/\">Scout<\/a>. Ces produits sont con\u00e7us pour fonctionner correctement dans l\u2019eau douce, m\u00eame apr\u00e8s immersion.<\/p>\t\t\t\t\t\t\t\t<\/div>\n\t\t\t\t<\/div>\n\t\t\t\t\t<\/div>\n\t\t<\/div>\n\t\t\t\t<div class=\"elementor-column elementor-col-50 elementor-top-column elementor-element elementor-element-107146b\" data-id=\"107146b\" data-element_type=\"column\" data-e-type=\"column\">\n\t\t\t<div class=\"elementor-widget-wrap elementor-element-populated\">\n\t\t\t\t\t\t<div class=\"elementor-element elementor-element-c612c7b elementor-widget elementor-widget-image\" data-id=\"c612c7b\" data-element_type=\"widget\" data-e-type=\"widget\" data-widget_type=\"image.default\">\n\t\t\t\t<div class=\"elementor-widget-container\">\n\t\t\t\t\t\t\t\t\t\t\t\t\t\t\t<img decoding=\"async\" width=\"525\" height=\"577\" src=\"https:\/\/www.college-park.us\/wp-content\/uploads\/2025\/11\/freshwaterproof-graphic-french-932x1024.png\" class=\"attachment-large size-large wp-image-8031\" alt=\"\" srcset=\"https:\/\/www.college-park.us\/wp-content\/uploads\/2025\/11\/freshwaterproof-graphic-french-932x1024.png 932w, https:\/\/www.college-park.us\/wp-content\/uploads\/2025\/11\/freshwaterproof-graphic-french-273x300.png 273w, https:\/\/www.college-park.us\/wp-content\/uploads\/2025\/11\/freshwaterproof-graphic-french-768x843.png 768w, https:\/\/www.college-park.us\/wp-content\/uploads\/2025\/11\/freshwaterproof-graphic-french-600x659.png 600w, https:\/\/www.college-park.us\/wp-content\/uploads\/2025\/11\/freshwaterproof-graphic-french.png 1080w\" sizes=\"100vw\" \/>\t\t\t\t\t\t\t\t\t\t\t\t\t\t\t<\/div>\n\t\t\t\t<\/div>\n\t\t\t\t\t<\/div>\n\t\t<\/div>\n\t\t\t\t\t<\/div>\n\t\t<\/section>\n\t\t\t\t<section class=\"elementor-section elementor-top-section elementor-element elementor-element-9bed74f elementor-section-boxed elementor-section-height-default elementor-section-height-default\" data-id=\"9bed74f\" data-element_type=\"section\" data-e-type=\"section\">\n\t\t\t\t\t\t<div class=\"elementor-container elementor-column-gap-default\">\n\t\t\t\t\t<div class=\"elementor-column elementor-col-50 elementor-top-column elementor-element elementor-element-ea333f3\" data-id=\"ea333f3\" data-element_type=\"column\" data-e-type=\"column\">\n\t\t\t<div class=\"elementor-widget-wrap elementor-element-populated\">\n\t\t\t\t\t\t<div class=\"elementor-element elementor-element-a5b186d elementor-widget elementor-widget-image\" data-id=\"a5b186d\" data-element_type=\"widget\" data-e-type=\"widget\" data-widget_type=\"image.default\">\n\t\t\t\t<div class=\"elementor-widget-container\">\n\t\t\t\t\t\t\t\t\t\t\t\t\t\t\t<img decoding=\"async\" width=\"525\" height=\"577\" src=\"https:\/\/www.college-park.us\/wp-content\/uploads\/2025\/11\/weatherproof-graphic-french-932x1024.png\" class=\"attachment-large size-large wp-image-8043\" alt=\"\" srcset=\"https:\/\/www.college-park.us\/wp-content\/uploads\/2025\/11\/weatherproof-graphic-french-932x1024.png 932w, https:\/\/www.college-park.us\/wp-content\/uploads\/2025\/11\/weatherproof-graphic-french-273x300.png 273w, https:\/\/www.college-park.us\/wp-content\/uploads\/2025\/11\/weatherproof-graphic-french-768x843.png 768w, https:\/\/www.college-park.us\/wp-content\/uploads\/2025\/11\/weatherproof-graphic-french-600x659.png 600w, https:\/\/www.college-park.us\/wp-content\/uploads\/2025\/11\/weatherproof-graphic-french.png 1080w\" sizes=\"100vw\" \/>\t\t\t\t\t\t\t\t\t\t\t\t\t\t\t<\/div>\n\t\t\t\t<\/div>\n\t\t\t\t\t<\/div>\n\t\t<\/div>\n\t\t\t\t<div class=\"elementor-column elementor-col-50 elementor-top-column elementor-element elementor-element-3106d0f\" data-id=\"3106d0f\" data-element_type=\"column\" data-e-type=\"column\" data-settings=\"{&quot;background_background&quot;:&quot;classic&quot;}\">\n\t\t\t<div class=\"elementor-widget-wrap elementor-element-populated\">\n\t\t\t\t\t\t<div class=\"elementor-element elementor-element-bd5e945 elementor-widget elementor-widget-text-editor\" data-id=\"bd5e945\" data-element_type=\"widget\" data-e-type=\"widget\" data-widget_type=\"text-editor.default\">\n\t\t\t\t<div class=\"elementor-widget-container\">\n\t\t\t\t\t\t\t\t\t<p style=\"font-weight: 600; font-style: italic; font-size: 18px;\">Pluie, neige ou soleil \u2014 les produits r\u00e9sistants aux intemp\u00e9ries de College Park sont toujours \u00e0 la hauteur. Bien que ces pieds ne doivent pas \u00eatre immerg\u00e9s, ils sont con\u00e7us pour bien fonctionner dans des environnements humides ou mouill\u00e9s.<\/p>\t\t\t\t\t\t\t\t<\/div>\n\t\t\t\t<\/div>\n\t\t\t\t\t<\/div>\n\t\t<\/div>\n\t\t\t\t\t<\/div>\n\t\t<\/section>\n\t\t\t\t<section class=\"elementor-section elementor-top-section elementor-element elementor-element-a15ec6b elementor-section-boxed elementor-section-height-default elementor-section-height-default\" data-id=\"a15ec6b\" data-element_type=\"section\" data-e-type=\"section\">\n\t\t\t\t\t\t<div class=\"elementor-container elementor-column-gap-default\">\n\t\t\t\t\t<div class=\"elementor-column elementor-col-100 elementor-top-column elementor-element elementor-element-48adadb\" data-id=\"48adadb\" data-element_type=\"column\" data-e-type=\"column\">\n\t\t\t<div class=\"elementor-widget-wrap elementor-element-populated\">\n\t\t\t\t\t\t<div class=\"elementor-element elementor-element-2db1ed8 elementor-widget elementor-widget-heading\" data-id=\"2db1ed8\" data-element_type=\"widget\" data-e-type=\"widget\" data-widget_type=\"heading.default\">\n\t\t\t\t<div class=\"elementor-widget-container\">\n\t\t\t\t\t<h3 class=\"elementor-heading-title elementor-size-default\">Naviguer vers de nouveaux horizons<\/h3>\t\t\t\t<\/div>\n\t\t\t\t<\/div>\n\t\t\t\t\t<\/div>\n\t\t<\/div>\n\t\t\t\t\t<\/div>\n\t\t<\/section>\n\t\t\t\t<section class=\"elementor-section elementor-top-section elementor-element elementor-element-f595931 elementor-section-boxed elementor-section-height-default elementor-section-height-default\" data-id=\"f595931\" data-element_type=\"section\" data-e-type=\"section\">\n\t\t\t\t\t\t<div class=\"elementor-container elementor-column-gap-default\">\n\t\t\t\t\t<div class=\"elementor-column elementor-col-100 elementor-top-column elementor-element elementor-element-05cafe3\" data-id=\"05cafe3\" data-element_type=\"column\" data-e-type=\"column\">\n\t\t\t<div class=\"elementor-widget-wrap elementor-element-populated\">\n\t\t\t\t\t\t<div class=\"elementor-element elementor-element-79509d1 elementor-widget elementor-widget-image\" data-id=\"79509d1\" data-element_type=\"widget\" data-e-type=\"widget\" data-widget_type=\"image.default\">\n\t\t\t\t<div class=\"elementor-widget-container\">\n\t\t\t\t\t\t\t\t\t\t\t\t\t\t\t<img loading=\"lazy\" decoding=\"async\" width=\"1600\" height=\"1106\" src=\"https:\/\/www.college-park.us\/wp-content\/uploads\/2025\/11\/waterproof-chart-french.png\" class=\"attachment-full size-full wp-image-8055\" alt=\"\" srcset=\"https:\/\/www.college-park.us\/wp-content\/uploads\/2025\/11\/waterproof-chart-french.png 1600w, https:\/\/www.college-park.us\/wp-content\/uploads\/2025\/11\/waterproof-chart-french-300x207.png 300w, https:\/\/www.college-park.us\/wp-content\/uploads\/2025\/11\/waterproof-chart-french-1024x708.png 1024w, https:\/\/www.college-park.us\/wp-content\/uploads\/2025\/11\/waterproof-chart-french-768x531.png 768w, https:\/\/www.college-park.us\/wp-content\/uploads\/2025\/11\/waterproof-chart-french-1536x1062.png 1536w, https:\/\/www.college-park.us\/wp-content\/uploads\/2025\/11\/waterproof-chart-french-600x415.png 600w\" sizes=\"100vw\" \/>\t\t\t\t\t\t\t\t\t\t\t\t\t\t\t<\/div>\n\t\t\t\t<\/div>\n\t\t\t\t\t<\/div>\n\t\t<\/div>\n\t\t\t\t\t<\/div>\n\t\t<\/section>\n\t\t\t\t<section class=\"elementor-section elementor-top-section elementor-element elementor-element-6b97aa9 elementor-section-boxed elementor-section-height-default elementor-section-height-default\" data-id=\"6b97aa9\" data-element_type=\"section\" data-e-type=\"section\">\n\t\t\t\t\t\t<div class=\"elementor-container elementor-column-gap-default\">\n\t\t\t\t\t<div class=\"elementor-column elementor-col-100 elementor-top-column elementor-element elementor-element-ed5c7a4\" data-id=\"ed5c7a4\" data-element_type=\"column\" data-e-type=\"column\">\n\t\t\t<div class=\"elementor-widget-wrap elementor-element-populated\">\n\t\t\t\t\t\t<div class=\"elementor-element elementor-element-b69d6a6 elementor-widget elementor-widget-text-editor\" data-id=\"b69d6a6\" data-element_type=\"widget\" data-e-type=\"widget\" data-widget_type=\"text-editor.default\">\n\t\t\t\t<div class=\"elementor-widget-container\">\n\t\t\t\t\t\t\t\t\t<p style=\"font-style:italic; color:#999; font-size:13px; line-height:17px;\"><strong>REMARQUE:<\/strong> Veuillez consulter les instructions d\u2019utilisation (IFU) propres \u00e0 chaque produit pour conna\u00eetre les limites d\u2019exposition \u00e0 l\u2019eau et les proc\u00e9dures d\u2019entretien appropri\u00e9es.<\/p>\t\t\t\t\t\t\t\t<\/div>\n\t\t\t\t<\/div>\n\t\t\t\t\t<\/div>\n\t\t<\/div>\n\t\t\t\t\t<\/div>\n\t\t<\/section>\n\t\t\t\t<\/div>\n\t\t","protected":false},"excerpt":{"rendered":"<p>Que signifie \u00ab \u00e9tanche \u00bb chez College Park ? La technologie proth\u00e9tique doit \u00eatre con\u00e7ue pour restaurer les mouvements naturels et les exp\u00e9riences perdues \u00e0 la suite d\u2019une amputation. Dans de nombreux cas, cela signifie r\u00e9sister aux environnements humides ! Gr\u00e2ce \u00e0 des tests de qualit\u00e9 approfondis, les ing\u00e9nieurs de College Park repoussent les limites &hellip; <\/p>\n<p class=\"link-more\"><a href=\"https:\/\/www.college-park.us\/fr\/options-etanches\/\" class=\"more-link\">Continuer la lecture<span class=\"screen-reader-text\"> de &laquo;&nbsp;Options \u00e9tanches&nbsp;&raquo;<\/span><\/a><\/p>\n","protected":false},"author":1,"featured_media":0,"parent":0,"menu_order":0,"comment_status":"closed","ping_status":"closed","template":"page-side-bar.php","meta":{"_acf_changed":false,"footnotes":""},"class_list":["post-7895","page","type-page","status-publish","hentry"],"acf":[],"_links":{"self":[{"href":"https:\/\/www.college-park.us\/fr\/wp-json\/wp\/v2\/pages\/7895","targetHints":{"allow":["GET"]}}],"collection":[{"href":"https:\/\/www.college-park.us\/fr\/wp-json\/wp\/v2\/pages"}],"about":[{"href":"https:\/\/www.college-park.us\/fr\/wp-json\/wp\/v2\/types\/page"}],"author":[{"embeddable":true,"href":"https:\/\/www.college-park.us\/fr\/wp-json\/wp\/v2\/users\/1"}],"replies":[{"embeddable":true,"href":"https:\/\/www.college-park.us\/fr\/wp-json\/wp\/v2\/comments?post=7895"}],"version-history":[{"count":11,"href":"https:\/\/www.college-park.us\/fr\/wp-json\/wp\/v2\/pages\/7895\/revisions"}],"predecessor-version":[{"id":8069,"href":"https:\/\/www.college-park.us\/fr\/wp-json\/wp\/v2\/pages\/7895\/revisions\/8069"}],"wp:attachment":[{"href":"https:\/\/www.college-park.us\/fr\/wp-json\/wp\/v2\/media?parent=7895"}],"curies":[{"name":"wp","href":"https:\/\/api.w.org\/{rel}","templated":true}]}}