{"id":1993,"date":"2020-10-21T20:49:32","date_gmt":"2020-10-21T20:49:32","guid":{"rendered":"https:\/\/www.college-park.us\/product\/velocity\/"},"modified":"2021-10-22T16:55:45","modified_gmt":"2021-10-22T16:55:45","slug":"velocity","status":"publish","type":"product","link":"https:\/\/www.college-park.us\/fr\/produit\/velocity\/","title":{"rendered":"Velocity"},"content":{"rendered":"","protected":false},"excerpt":{"rendered":"<h3>\u00c0 PLEINE PUISSANCE<\/h3>\n<p>R\u00e9cemment repens\u00e9 et renforc\u00e9, le pied Velocity\u00ae est dot\u00e9 de ressorts de gros orteil coupl\u00e9s qui agissent en synergie pour assurer une r\u00e9action progressive et dynamique. Sa capacit\u00e9 de rotation en douceur en fait un pied de marche confortable dont le plein potentiel se r\u00e9v\u00e8le dans les activit\u00e9s \u00e0 fort impact. Le pied est excellent pour les amateurs de sensations fortes et s&rsquo;adapte \u00e0 toutes les activit\u00e9s sans r\u00e9glage.<\/p>\n","protected":false},"featured_media":1995,"template":"","meta":{"_acf_changed":false},"product_brand":[],"product_cat":[177],"product_tag":[],"class_list":{"0":"post-1993","1":"product","2":"type-product","3":"status-publish","4":"has-post-thumbnail","6":"product_cat-protheses-de-pied","8":"first","9":"instock","10":"shipping-taxable","11":"product-type-simple"},"acf":[],"_links":{"self":[{"href":"https:\/\/www.college-park.us\/fr\/wp-json\/wp\/v2\/product\/1993","targetHints":{"allow":["GET"]}}],"collection":[{"href":"https:\/\/www.college-park.us\/fr\/wp-json\/wp\/v2\/product"}],"about":[{"href":"https:\/\/www.college-park.us\/fr\/wp-json\/wp\/v2\/types\/product"}],"wp:featuredmedia":[{"embeddable":true,"href":"https:\/\/www.college-park.us\/fr\/wp-json\/wp\/v2\/media\/1995"}],"wp:attachment":[{"href":"https:\/\/www.college-park.us\/fr\/wp-json\/wp\/v2\/media?parent=1993"}],"wp:term":[{"taxonomy":"product_brand","embeddable":true,"href":"https:\/\/www.college-park.us\/fr\/wp-json\/wp\/v2\/product_brand?post=1993"},{"taxonomy":"product_cat","embeddable":true,"href":"https:\/\/www.college-park.us\/fr\/wp-json\/wp\/v2\/product_cat?post=1993"},{"taxonomy":"product_tag","embeddable":true,"href":"https:\/\/www.college-park.us\/fr\/wp-json\/wp\/v2\/product_tag?post=1993"}],"curies":[{"name":"wp","href":"https:\/\/api.w.org\/{rel}","templated":true}]}}