{"id":2013,"date":"2020-10-22T17:14:59","date_gmt":"2020-10-22T17:14:59","guid":{"rendered":"https:\/\/www.college-park.us\/product\/trustep\/"},"modified":"2021-10-22T17:12:01","modified_gmt":"2021-10-22T17:12:01","slug":"trustep","status":"publish","type":"product","link":"https:\/\/www.college-park.us\/fr\/produit\/trustep\/","title":{"rendered":"Trustep"},"content":{"rendered":"","protected":false},"excerpt":{"rendered":"<h3>PARFAIT POUR LA VIE QUOTIDIENNE<\/h3>\n<p>Original et in\u00e9gal\u00e9, le pied Trustep\u00ae \u00e9tablit la norme pour un confort sans \u00e9quivalent et une mobilit\u00e9 naturelle. Il s&rsquo;agit de la premi\u00e8re proth\u00e8se \u00e0 fournir un mouvement correct \u00e0 tous les niveaux, apportant ainsi le m\u00eame type de mouvement vertical, de rotation et de stabilit\u00e9 qu&rsquo;un pied anatomique. Gr\u00e2ce \u00e0 une gamme d&rsquo;options compl\u00e8te, la conception polyvalente permet une personnalisation int\u00e9grale de la proth\u00e8se.<\/p>\n","protected":false},"featured_media":2015,"template":"","meta":{"_acf_changed":false},"product_cat":[177],"product_tag":[],"acf":[],"_links":{"self":[{"href":"https:\/\/www.college-park.us\/fr\/wp-json\/wp\/v2\/product\/2013"}],"collection":[{"href":"https:\/\/www.college-park.us\/fr\/wp-json\/wp\/v2\/product"}],"about":[{"href":"https:\/\/www.college-park.us\/fr\/wp-json\/wp\/v2\/types\/product"}],"wp:featuredmedia":[{"embeddable":true,"href":"https:\/\/www.college-park.us\/fr\/wp-json\/wp\/v2\/media\/2015"}],"wp:attachment":[{"href":"https:\/\/www.college-park.us\/fr\/wp-json\/wp\/v2\/media?parent=2013"}],"wp:term":[{"taxonomy":"product_cat","embeddable":true,"href":"https:\/\/www.college-park.us\/fr\/wp-json\/wp\/v2\/product_cat?post=2013"},{"taxonomy":"product_tag","embeddable":true,"href":"https:\/\/www.college-park.us\/fr\/wp-json\/wp\/v2\/product_tag?post=2013"}],"curies":[{"name":"wp","href":"https:\/\/api.w.org\/{rel}","templated":true}]}}