{"id":2025,"date":"2020-10-22T18:46:44","date_gmt":"2020-10-22T18:46:44","guid":{"rendered":"https:\/\/www.college-park.us\/product\/tribute\/"},"modified":"2021-10-22T17:19:43","modified_gmt":"2021-10-22T17:19:43","slug":"tribute","status":"publish","type":"product","link":"https:\/\/www.college-park.us\/fr\/produit\/tribute\/","title":{"rendered":"Tribute"},"content":{"rendered":"","protected":false},"excerpt":{"rendered":"<h3>MOBILIT\u00c9 SOCIALE<\/h3>\n<p>Le pied Tribute\u00ae offre des performances fiables dans un produit de qualit\u00e9 qui comprend une conception triaxiale et exploite la technologie des composites Intelliweave\u00ae. L\u00e9ger, avec un levier de pied pleine longueur et une r\u00e9ponse \u00e0 de faibles fr\u00e9quences, il permet une gamme compl\u00e8te de mouvements et une assise stable sur des terrains vari\u00e9s. Le pied Tribute est la solution id\u00e9ale pour un premier appareillage et pour les utilisateurs \u00e0 impact faible ou mod\u00e9r\u00e9.<\/p>\n","protected":false},"featured_media":2029,"template":"","meta":{"_acf_changed":false},"product_cat":[177],"product_tag":[],"acf":[],"_links":{"self":[{"href":"https:\/\/www.college-park.us\/fr\/wp-json\/wp\/v2\/product\/2025"}],"collection":[{"href":"https:\/\/www.college-park.us\/fr\/wp-json\/wp\/v2\/product"}],"about":[{"href":"https:\/\/www.college-park.us\/fr\/wp-json\/wp\/v2\/types\/product"}],"wp:featuredmedia":[{"embeddable":true,"href":"https:\/\/www.college-park.us\/fr\/wp-json\/wp\/v2\/media\/2029"}],"wp:attachment":[{"href":"https:\/\/www.college-park.us\/fr\/wp-json\/wp\/v2\/media?parent=2025"}],"wp:term":[{"taxonomy":"product_cat","embeddable":true,"href":"https:\/\/www.college-park.us\/fr\/wp-json\/wp\/v2\/product_cat?post=2025"},{"taxonomy":"product_tag","embeddable":true,"href":"https:\/\/www.college-park.us\/fr\/wp-json\/wp\/v2\/product_tag?post=2025"}],"curies":[{"name":"wp","href":"https:\/\/api.w.org\/{rel}","templated":true}]}}