{"id":2048,"date":"2020-10-22T20:41:14","date_gmt":"2020-10-22T20:41:14","guid":{"rendered":"https:\/\/www.college-park.us\/product\/odyssey-k3\/"},"modified":"2023-09-28T21:04:25","modified_gmt":"2023-09-28T21:04:25","slug":"odyssey-k3","status":"publish","type":"product","link":"https:\/\/www.college-park.us\/fr\/produit\/odyssey-k3\/","title":{"rendered":"Odyssey K3"},"content":{"rendered":"","protected":false},"excerpt":{"rendered":"<h3>DES COURBES DYNAMIQUES EN PERSPECTIVE<\/h3>\n<p>Voici la prochaine \u00e9tape de la gamme de pieds hydrauliques Odyssey de College\u00a0Park. Les proth\u00e8ses de pieds hydrauliques sont r\u00e9put\u00e9es pour augmenter le contact avec le sol, r\u00e9duire les pressions sur la douille et am\u00e9liorer la stabilit\u00e9 des genoux. Le pied Odyssey\u00a0K3\u00ae utilise la cheville hydraulique incurv\u00e9e brevet\u00e9e et une base de pied en fibre de carbone haute fr\u00e9quence pour une r\u00e9ponse dynamique accrue. Le bo\u00eetier de cheville robuste et le positionnement angulaire ont \u00e9t\u00e9 con\u00e7us pour les utilisateurs \u00e0 impact mod\u00e9r\u00e9 capables de se tenir en \u00e9quilibre sans assistance. La combinaison entre un syst\u00e8me hydraulique souple et une base de pied dynamique offre des performances exceptionnelles lors d&rsquo;activit\u00e9s telles que la marche dynamique en ville ou la randonn\u00e9e multiterrain.<\/p>\n","protected":false},"featured_media":2053,"template":"","meta":{"_acf_changed":false},"product_cat":[177],"product_tag":[],"acf":[],"_links":{"self":[{"href":"https:\/\/www.college-park.us\/fr\/wp-json\/wp\/v2\/product\/2048"}],"collection":[{"href":"https:\/\/www.college-park.us\/fr\/wp-json\/wp\/v2\/product"}],"about":[{"href":"https:\/\/www.college-park.us\/fr\/wp-json\/wp\/v2\/types\/product"}],"wp:featuredmedia":[{"embeddable":true,"href":"https:\/\/www.college-park.us\/fr\/wp-json\/wp\/v2\/media\/2053"}],"wp:attachment":[{"href":"https:\/\/www.college-park.us\/fr\/wp-json\/wp\/v2\/media?parent=2048"}],"wp:term":[{"taxonomy":"product_cat","embeddable":true,"href":"https:\/\/www.college-park.us\/fr\/wp-json\/wp\/v2\/product_cat?post=2048"},{"taxonomy":"product_tag","embeddable":true,"href":"https:\/\/www.college-park.us\/fr\/wp-json\/wp\/v2\/product_tag?post=2048"}],"curies":[{"name":"wp","href":"https:\/\/api.w.org\/{rel}","templated":true}]}}