{"id":2058,"date":"2020-10-22T20:51:40","date_gmt":"2020-10-22T20:51:40","guid":{"rendered":"https:\/\/www.college-park.us\/product\/odyssey-k2\/"},"modified":"2021-10-22T17:36:51","modified_gmt":"2021-10-22T17:36:51","slug":"odyssey-k2","status":"publish","type":"product","link":"https:\/\/www.college-park.us\/fr\/produit\/odyssey-k2\/","title":{"rendered":"Odyssey K2"},"content":{"rendered":"","protected":false},"excerpt":{"rendered":"<h3>DES COURBES SOUPLES EN PERSPECTIVE<\/h3>\n<p>Les pieds hydrauliques assurent aux utilisateurs du pied Odyssey\u00a0K2 le contr\u00f4le d&rsquo;une incroyable gamme de mouvements, contribuent \u00e0 l&rsquo;absorption des forces, am\u00e9liorer la stabilit\u00e9 des genoux et favorisent une bonne posture. Il permet \u00e9galement au patient de garder le pied \u00e0 plat avec une transition fluide de la position assise \u00e0 la position debout, confortablement et naturellement. Le pied Odyssey\u00a0K2\u00ae de College\u00a0Park poss\u00e8de une cheville hydraulique incurv\u00e9e brevet\u00e9e, une base de pied en composite Intelliweave\u00ae et un contr\u00f4le de la foul\u00e9e (Stride Control\u00ae) personnalisable. Ce pied r\u00e9volutionnaire offre une amplitude de mouvement sup\u00e9rieure dans un design l\u00e9ger et discret, une combinaison d&rsquo;avantages sans \u00e9gale pour ses utilisateurs.<\/p>\n","protected":false},"featured_media":2063,"template":"","meta":{"_acf_changed":false},"product_cat":[177],"product_tag":[],"acf":[],"_links":{"self":[{"href":"https:\/\/www.college-park.us\/fr\/wp-json\/wp\/v2\/product\/2058"}],"collection":[{"href":"https:\/\/www.college-park.us\/fr\/wp-json\/wp\/v2\/product"}],"about":[{"href":"https:\/\/www.college-park.us\/fr\/wp-json\/wp\/v2\/types\/product"}],"wp:featuredmedia":[{"embeddable":true,"href":"https:\/\/www.college-park.us\/fr\/wp-json\/wp\/v2\/media\/2063"}],"wp:attachment":[{"href":"https:\/\/www.college-park.us\/fr\/wp-json\/wp\/v2\/media?parent=2058"}],"wp:term":[{"taxonomy":"product_cat","embeddable":true,"href":"https:\/\/www.college-park.us\/fr\/wp-json\/wp\/v2\/product_cat?post=2058"},{"taxonomy":"product_tag","embeddable":true,"href":"https:\/\/www.college-park.us\/fr\/wp-json\/wp\/v2\/product_tag?post=2058"}],"curies":[{"name":"wp","href":"https:\/\/api.w.org\/{rel}","templated":true}]}}