{"id":2069,"date":"2020-10-22T21:04:44","date_gmt":"2020-10-22T21:04:44","guid":{"rendered":"https:\/\/www.college-park.us\/product\/celsus\/"},"modified":"2021-10-22T17:40:37","modified_gmt":"2021-10-22T17:40:37","slug":"celsus","status":"publish","type":"product","link":"https:\/\/www.college-park.us\/fr\/produit\/celsus\/","title":{"rendered":"Celsus"},"content":{"rendered":"","protected":false},"excerpt":{"rendered":"<h3>FAIBLE IMPACT NE SIGNIFIE PAS FAIBLE FONCTION<\/h3>\n<p>Le pied Celsus\u00ae int\u00e8gre la technologie int\u00e9gr\u00e9e Spring (iST\u00ae) innovante de College\u00a0Park dans une conception \u00e0 faible impact. Cette proth\u00e8se de pied poss\u00e8de un talon actif, un contact au sol de niveau sup\u00e9rieur et permet d&rsquo;effectuer des mouvements naturels pour assurer des transitions douces et stables. Durable mais l\u00e9g\u00e8re, la proth\u00e8se Celsus fournit une fonction anatomique pour les patients dot\u00e9s d&rsquo;un impact faible \u00e0 mod\u00e9r\u00e9.<\/p>\n","protected":false},"featured_media":2073,"template":"","meta":{"_acf_changed":false},"product_brand":[],"product_cat":[177],"product_tag":[],"class_list":{"0":"post-2069","1":"product","2":"type-product","3":"status-publish","4":"has-post-thumbnail","6":"product_cat-protheses-de-pied","8":"first","9":"instock","10":"shipping-taxable","11":"product-type-simple"},"acf":[],"_links":{"self":[{"href":"https:\/\/www.college-park.us\/fr\/wp-json\/wp\/v2\/product\/2069","targetHints":{"allow":["GET"]}}],"collection":[{"href":"https:\/\/www.college-park.us\/fr\/wp-json\/wp\/v2\/product"}],"about":[{"href":"https:\/\/www.college-park.us\/fr\/wp-json\/wp\/v2\/types\/product"}],"wp:featuredmedia":[{"embeddable":true,"href":"https:\/\/www.college-park.us\/fr\/wp-json\/wp\/v2\/media\/2073"}],"wp:attachment":[{"href":"https:\/\/www.college-park.us\/fr\/wp-json\/wp\/v2\/media?parent=2069"}],"wp:term":[{"taxonomy":"product_brand","embeddable":true,"href":"https:\/\/www.college-park.us\/fr\/wp-json\/wp\/v2\/product_brand?post=2069"},{"taxonomy":"product_cat","embeddable":true,"href":"https:\/\/www.college-park.us\/fr\/wp-json\/wp\/v2\/product_cat?post=2069"},{"taxonomy":"product_tag","embeddable":true,"href":"https:\/\/www.college-park.us\/fr\/wp-json\/wp\/v2\/product_tag?post=2069"}],"curies":[{"name":"wp","href":"https:\/\/api.w.org\/{rel}","templated":true}]}}