{"id":2105,"date":"2020-10-23T18:05:25","date_gmt":"2020-10-23T18:05:25","guid":{"rendered":"https:\/\/www.college-park.us\/product\/accent\/"},"modified":"2021-10-22T22:05:57","modified_gmt":"2021-10-22T22:05:57","slug":"accent","status":"publish","type":"product","link":"https:\/\/www.college-park.us\/fr\/produit\/accent\/","title":{"rendered":"Accent"},"content":{"rendered":"","protected":false},"excerpt":{"rendered":"<h3>CON\u00c7U POUR LA MODE. CON\u00c7U POUR LA VIE.<\/h3>\n<p>Le pied Accent\u00ae permet d&rsquo;ajuster la hauteur du talon de 5\u00a0cm (2\u00a0po) par une simple pression sur un bouton. Le pied est dot\u00e9 d&rsquo;un car\u00e9nage tibial souple et profil\u00e9 qui se verrouille dans la coque et emp\u00eache toute irr\u00e9gularit\u00e9 cosm\u00e9tique lorsque le pied est r\u00e9gl\u00e9 \u00e0 diff\u00e9rentes hauteurs de talon. La proth\u00e8se Accent est dot\u00e9e d&rsquo;une option sans entretien pour les personnes qui d\u00e9sirent un pied esth\u00e9tiquement attrayant.<\/p>\n","protected":false},"featured_media":2106,"template":"","meta":{"_acf_changed":false},"product_brand":[],"product_cat":[177],"product_tag":[],"class_list":{"0":"post-2105","1":"product","2":"type-product","3":"status-publish","4":"has-post-thumbnail","6":"product_cat-protheses-de-pied","8":"first","9":"instock","10":"shipping-taxable","11":"product-type-simple"},"acf":[],"_links":{"self":[{"href":"https:\/\/www.college-park.us\/fr\/wp-json\/wp\/v2\/product\/2105","targetHints":{"allow":["GET"]}}],"collection":[{"href":"https:\/\/www.college-park.us\/fr\/wp-json\/wp\/v2\/product"}],"about":[{"href":"https:\/\/www.college-park.us\/fr\/wp-json\/wp\/v2\/types\/product"}],"wp:featuredmedia":[{"embeddable":true,"href":"https:\/\/www.college-park.us\/fr\/wp-json\/wp\/v2\/media\/2106"}],"wp:attachment":[{"href":"https:\/\/www.college-park.us\/fr\/wp-json\/wp\/v2\/media?parent=2105"}],"wp:term":[{"taxonomy":"product_brand","embeddable":true,"href":"https:\/\/www.college-park.us\/fr\/wp-json\/wp\/v2\/product_brand?post=2105"},{"taxonomy":"product_cat","embeddable":true,"href":"https:\/\/www.college-park.us\/fr\/wp-json\/wp\/v2\/product_cat?post=2105"},{"taxonomy":"product_tag","embeddable":true,"href":"https:\/\/www.college-park.us\/fr\/wp-json\/wp\/v2\/product_tag?post=2105"}],"curies":[{"name":"wp","href":"https:\/\/api.w.org\/{rel}","templated":true}]}}