{"id":2117,"date":"2020-10-23T18:47:56","date_gmt":"2020-10-23T18:47:56","guid":{"rendered":"https:\/\/www.college-park.us\/product\/truper\/"},"modified":"2021-10-22T22:14:59","modified_gmt":"2021-10-22T22:14:59","slug":"truper","status":"publish","type":"product","link":"https:\/\/www.college-park.us\/fr\/produit\/truper\/","title":{"rendered":"Truper"},"content":{"rendered":"","protected":false},"excerpt":{"rendered":"<h3>FONCTION DE CROISSANCE POUR LES ENFANTS<\/h3>\n<p>Robuste, le pied Truper\u00ae permet un grand d\u00e9ploiement d&rsquo;\u00e9nergie et une excellente stabilit\u00e9 pour les enfants actifs. Le talon avant flexible et les pare-chocs du pied stockent l&rsquo;\u00e9nergie pour une transition douce et contr\u00f4l\u00e9e de la position debout \u00e0 la course. Con\u00e7ue pour s&rsquo;adapter facilement \u00e0 la croissance des enfants, la proth\u00e8se Truper se d\u00e9cline en deux\u00a0tailles, offrant une grande flexibilit\u00e9 tout au long de l&rsquo;adolescence.<\/p>\n","protected":false},"featured_media":2123,"template":"","meta":{"_acf_changed":false},"product_cat":[177],"product_tag":[],"acf":[],"_links":{"self":[{"href":"https:\/\/www.college-park.us\/fr\/wp-json\/wp\/v2\/product\/2117"}],"collection":[{"href":"https:\/\/www.college-park.us\/fr\/wp-json\/wp\/v2\/product"}],"about":[{"href":"https:\/\/www.college-park.us\/fr\/wp-json\/wp\/v2\/types\/product"}],"wp:featuredmedia":[{"embeddable":true,"href":"https:\/\/www.college-park.us\/fr\/wp-json\/wp\/v2\/media\/2123"}],"wp:attachment":[{"href":"https:\/\/www.college-park.us\/fr\/wp-json\/wp\/v2\/media?parent=2117"}],"wp:term":[{"taxonomy":"product_cat","embeddable":true,"href":"https:\/\/www.college-park.us\/fr\/wp-json\/wp\/v2\/product_cat?post=2117"},{"taxonomy":"product_tag","embeddable":true,"href":"https:\/\/www.college-park.us\/fr\/wp-json\/wp\/v2\/product_tag?post=2117"}],"curies":[{"name":"wp","href":"https:\/\/api.w.org\/{rel}","templated":true}]}}