{"id":2129,"date":"2020-10-23T19:04:38","date_gmt":"2020-10-23T19:04:38","guid":{"rendered":"https:\/\/www.college-park.us\/product\/sidekicks\/"},"modified":"2021-10-22T22:17:29","modified_gmt":"2021-10-22T22:17:29","slug":"sidekicks","status":"publish","type":"product","link":"https:\/\/www.college-park.us\/fr\/produit\/sidekicks\/","title":{"rendered":"Sidekicks"},"content":{"rendered":"","protected":false},"excerpt":{"rendered":"<p>Voici le Sidekicks\u00ae, le premier pied ajustable pour proth\u00e8ses raccourcies. Les ing\u00e9nieurs de College\u00a0Park ont tir\u00e9 profit de 15\u00a0ans de connaissances acquises gr\u00e2ce \u00e0 la technologie de cheville Venture\u00ae pour d\u00e9velopper les proth\u00e8ses Sidekicks. Dot\u00e9es d&rsquo;un mouvement anatomique naturel de la cheville et une plateforme flexible, elles repr\u00e9sentent une am\u00e9lioration consid\u00e9rable par rapport aux options actuelles pour les personnes ayant subi une amputation transf\u00e9morale bilat\u00e9rale. Les proth\u00e8ses Sideskicks, dot\u00e9es de la correspondance de la d\u00e9marche et pouvant \u00eatre utilis\u00e9es dans l&rsquo;eau, sont flexibles et conviennent aux environnements concrets, pour un \u00e9quilibre et une stabilit\u00e9 ultimes.<\/p>\n","protected":false},"featured_media":2130,"template":"","meta":{"_acf_changed":false},"product_cat":[177],"product_tag":[],"acf":[],"_links":{"self":[{"href":"https:\/\/www.college-park.us\/fr\/wp-json\/wp\/v2\/product\/2129"}],"collection":[{"href":"https:\/\/www.college-park.us\/fr\/wp-json\/wp\/v2\/product"}],"about":[{"href":"https:\/\/www.college-park.us\/fr\/wp-json\/wp\/v2\/types\/product"}],"wp:featuredmedia":[{"embeddable":true,"href":"https:\/\/www.college-park.us\/fr\/wp-json\/wp\/v2\/media\/2130"}],"wp:attachment":[{"href":"https:\/\/www.college-park.us\/fr\/wp-json\/wp\/v2\/media?parent=2129"}],"wp:term":[{"taxonomy":"product_cat","embeddable":true,"href":"https:\/\/www.college-park.us\/fr\/wp-json\/wp\/v2\/product_cat?post=2129"},{"taxonomy":"product_tag","embeddable":true,"href":"https:\/\/www.college-park.us\/fr\/wp-json\/wp\/v2\/product_tag?post=2129"}],"curies":[{"name":"wp","href":"https:\/\/api.w.org\/{rel}","templated":true}]}}