{"id":2162,"date":"2020-10-23T23:08:15","date_gmt":"2020-10-23T23:08:15","guid":{"rendered":"https:\/\/www.college-park.us\/product\/capital\/"},"modified":"2021-10-22T22:37:03","modified_gmt":"2021-10-22T22:37:03","slug":"capital","status":"publish","type":"product","link":"https:\/\/www.college-park.us\/fr\/produit\/capital\/","title":{"rendered":"Capital"},"content":{"rendered":"","protected":false},"excerpt":{"rendered":"<p>Le genou Capital\u2122 est une articulation hydraulique du genou \u00e0 un seul axe, facile \u00e0 utiliser pour les patients et les cliniciens. Dot\u00e9 d&rsquo;un syst\u00e8me hydraulique souple et r\u00e9actif en phase de balancement et d&rsquo;appui, ce genou s&rsquo;adapte sans effort \u00e0 la d\u00e9marche variable de l&rsquo;utilisateur. Durable, \u00e9l\u00e9gante et adapt\u00e9e \u00e0 l&rsquo;eau douce, la proth\u00e8se Capital est soigneusement fabriqu\u00e9e \u00e0 la main aux \u00c9tats-Unis. Elle est \u00e9galement dot\u00e9e d&rsquo;un mode de s\u00e9lection facile et de r\u00e9glages standard de 4\u00a0mm pour une installation simple. Le genou Capital est une solution solide et fiable pour les utilisateurs mod\u00e9r\u00e9s \u00e0 tr\u00e8s actifs.<\/p>\n","protected":false},"featured_media":2166,"template":"","meta":{"_acf_changed":false},"product_brand":[],"product_cat":[192],"product_tag":[],"class_list":{"0":"post-2162","1":"product","2":"type-product","3":"status-publish","4":"has-post-thumbnail","6":"product_cat-les-genoux","8":"first","9":"instock","10":"shipping-taxable","11":"product-type-simple"},"acf":[],"_links":{"self":[{"href":"https:\/\/www.college-park.us\/fr\/wp-json\/wp\/v2\/product\/2162","targetHints":{"allow":["GET"]}}],"collection":[{"href":"https:\/\/www.college-park.us\/fr\/wp-json\/wp\/v2\/product"}],"about":[{"href":"https:\/\/www.college-park.us\/fr\/wp-json\/wp\/v2\/types\/product"}],"wp:featuredmedia":[{"embeddable":true,"href":"https:\/\/www.college-park.us\/fr\/wp-json\/wp\/v2\/media\/2166"}],"wp:attachment":[{"href":"https:\/\/www.college-park.us\/fr\/wp-json\/wp\/v2\/media?parent=2162"}],"wp:term":[{"taxonomy":"product_brand","embeddable":true,"href":"https:\/\/www.college-park.us\/fr\/wp-json\/wp\/v2\/product_brand?post=2162"},{"taxonomy":"product_cat","embeddable":true,"href":"https:\/\/www.college-park.us\/fr\/wp-json\/wp\/v2\/product_cat?post=2162"},{"taxonomy":"product_tag","embeddable":true,"href":"https:\/\/www.college-park.us\/fr\/wp-json\/wp\/v2\/product_tag?post=2162"}],"curies":[{"name":"wp","href":"https:\/\/api.w.org\/{rel}","templated":true}]}}