{"id":2177,"date":"2020-10-26T14:47:31","date_gmt":"2020-10-26T14:47:31","guid":{"rendered":"https:\/\/www.college-park.us\/product\/composants-endo-et-systemes-de-verrouillage\/"},"modified":"2025-11-19T16:52:11","modified_gmt":"2025-11-19T16:52:11","slug":"composants-endo","status":"publish","type":"product","link":"https:\/\/www.college-park.us\/fr\/produit\/composants-endo\/","title":{"rendered":"Composants Endo et Syst\u00e8mes de Verrouillage"},"content":{"rendered":"","protected":false},"excerpt":{"rendered":"<h3>Con\u00e7u pour durer <\/h3>\n<p>Les composants endo de College Park sont con\u00e7us pour offrir durabilit\u00e9 et performance. Fabriqu\u00e9s \u00e0 partir de mat\u00e9riaux de haute qualit\u00e9, chaque composant allie robustesse et pr\u00e9cision pour un usage \u00e0 long terme dans des environnements varies. Que vous recherchiez des options r\u00e9sistantes \u00e0 la corrosion, \u00e9tanches, ou des solutions sp\u00e9cialis\u00e9es pour les soins p\u00e9diatriques, notre gamme de produits diversifi\u00e9e garantit un ajustement adapt\u00e9 \u00e0 chaque besoin. <\/p>\n<h3>R\u00e9duction du bruit <\/h3>\n<p>90 % du bruit provient des interfaces, et une jambe proth\u00e9tique typique comporte 19 surfaces d\u2019assemblage. College Park utilise des mat\u00e9riaux haut de gamme et des traitements sp\u00e9ciaux pour les vis et les filetages, qui font toute la diff\u00e9rence. Lorsque deux surfaces d\u2019assemblage sont lisses, le risque de bruit caus\u00e9 par la friction est presque certain. Le traitement de contact et les rainures int\u00e9gr\u00e9es sur nos pyramides contribuent \u00e0 r\u00e9duire ces micro-mouvements, att\u00e9nuant le bruit directement au niveau de la surface de serrage.<br \/>\nNos vis de r\u00e9glage en acier offrent de nombreux avantages : r\u00e9duction du bruit gr\u00e2ce \u00e0 une surface rugueuse et r\u00e9sistance \u00e0 la corrosion gr\u00e2ce \u00e0 un rev\u00eatement en zinc. Un patch en nylon constitue une alternative r\u00e9utilisable et fiable au Loctite \u2014 emp\u00eachant le desserrage sans endommager les filetages. <\/p>\n<h3>Adaptateurs de torsion r\u00e9glables <\/h3>\n<p>Les adaptateurs de torsion College Park sont con\u00e7us pour offrir une rotation fluide tout en r\u00e9duisant les forces exerc\u00e9es sur l\u2019embo\u00eeture et le membre r\u00e9siduel du patient. Fabriqu\u00e9 en titane et en acier inoxydable, ce composant durable est facilement r\u00e9glable par les proth\u00e9sistes. Il permet jusqu\u2019\u00e0 20\u00b0 de rotation interne et externe. Les utilisateurs peuvent pivoter et tourner ais\u00e9ment, am\u00e9liorant ainsi leur confort lors de la marche ou d\u2019activit\u00e9s r\u00e9cr\u00e9atives telles que le golf, le skateboard ou le tennis. <\/p>\n","protected":false},"featured_media":2182,"template":"","meta":{"_acf_changed":false},"product_cat":[196],"product_tag":[],"acf":[],"_links":{"self":[{"href":"https:\/\/www.college-park.us\/fr\/wp-json\/wp\/v2\/product\/2177"}],"collection":[{"href":"https:\/\/www.college-park.us\/fr\/wp-json\/wp\/v2\/product"}],"about":[{"href":"https:\/\/www.college-park.us\/fr\/wp-json\/wp\/v2\/types\/product"}],"wp:featuredmedia":[{"embeddable":true,"href":"https:\/\/www.college-park.us\/fr\/wp-json\/wp\/v2\/media\/2182"}],"wp:attachment":[{"href":"https:\/\/www.college-park.us\/fr\/wp-json\/wp\/v2\/media?parent=2177"}],"wp:term":[{"taxonomy":"product_cat","embeddable":true,"href":"https:\/\/www.college-park.us\/fr\/wp-json\/wp\/v2\/product_cat?post=2177"},{"taxonomy":"product_tag","embeddable":true,"href":"https:\/\/www.college-park.us\/fr\/wp-json\/wp\/v2\/product_tag?post=2177"}],"curies":[{"name":"wp","href":"https:\/\/api.w.org\/{rel}","templated":true}]}}