{"id":2216,"date":"2020-10-26T20:18:41","date_gmt":"2020-10-26T20:18:41","guid":{"rendered":"https:\/\/www.college-park.us\/product\/epaule\/"},"modified":"2025-02-05T16:14:11","modified_gmt":"2025-02-05T16:14:11","slug":"epaule","status":"publish","type":"product","link":"https:\/\/www.college-park.us\/fr\/produit\/epaule\/","title":{"rendered":"\u00c9paule"},"content":{"rendered":"","protected":false},"excerpt":{"rendered":"<p>Gr\u00e2ce \u00e0 une charni\u00e8re \u00e0 friction, l&rsquo;articulation brevet\u00e9e de l&rsquo;\u00e9paule est actionn\u00e9e par de simples interrupteurs qui simplifient le harnachement en \u00e9liminant le besoin de mouvements corporels importants. L&rsquo;AXIS peut \u00eatre int\u00e9gr\u00e9 \u00e0 tous les syst\u00e8mes de contr\u00f4le des membres sup\u00e9rieurs avec un canal sp\u00e9cial pour dissimuler et prot\u00e9ger les c\u00e2bles d&rsquo;alimentation. Contrairement \u00e0 tous les produits du march\u00e9, l&rsquo;AXIS offre un meilleur contr\u00f4le des t\u00e2ches, une amplitude de mouvement naturelle et une facilit\u00e9 d&rsquo;utilisation pour la vie quotidienne du patient.<\/p>\n","protected":false},"featured_media":2222,"template":"","meta":{"_acf_changed":false},"product_cat":[197],"product_tag":[],"acf":[],"_links":{"self":[{"href":"https:\/\/www.college-park.us\/fr\/wp-json\/wp\/v2\/product\/2216"}],"collection":[{"href":"https:\/\/www.college-park.us\/fr\/wp-json\/wp\/v2\/product"}],"about":[{"href":"https:\/\/www.college-park.us\/fr\/wp-json\/wp\/v2\/types\/product"}],"wp:featuredmedia":[{"embeddable":true,"href":"https:\/\/www.college-park.us\/fr\/wp-json\/wp\/v2\/media\/2222"}],"wp:attachment":[{"href":"https:\/\/www.college-park.us\/fr\/wp-json\/wp\/v2\/media?parent=2216"}],"wp:term":[{"taxonomy":"product_cat","embeddable":true,"href":"https:\/\/www.college-park.us\/fr\/wp-json\/wp\/v2\/product_cat?post=2216"},{"taxonomy":"product_tag","embeddable":true,"href":"https:\/\/www.college-park.us\/fr\/wp-json\/wp\/v2\/product_tag?post=2216"}],"curies":[{"name":"wp","href":"https:\/\/api.w.org\/{rel}","templated":true}]}}