{"id":2662,"date":"2022-01-27T14:19:36","date_gmt":"2022-01-27T14:19:36","guid":{"rendered":"https:\/\/www.college-park.us\/?post_type=product&#038;p=2662"},"modified":"2022-01-27T19:13:01","modified_gmt":"2022-01-27T19:13:01","slug":"scout","status":"publish","type":"product","link":"https:\/\/www.college-park.us\/fr\/produit\/scout\/","title":{"rendered":"Scout"},"content":{"rendered":"","protected":false},"excerpt":{"rendered":"<h2>L\u2019aventure \u00e0 port\u00e9e de main<\/h2>\n<p>Scout offre un rendement \u00e9nerg\u00e9tique et une croissance fiables pour suivre les enfants. Mariant la technologie du composite Intelliweave\u00ae de College Park \u00e0 la fibre de carbone durable, ce pied p\u00e9diatrique est con\u00e7u pour permettre des mouvements souples, et de la force et flexibilit\u00e9 pour le jeu. \u00c9tant donn\u00e9 que les enfants grandissent et changent tous les jours, Scout s\u2019adapte gr\u00e2ce \u00e0 une large gamme de tailles et la possibilit\u00e9 de changer la taille de la coque du pied. Il offre quatre options diff\u00e9rentes d\u2019assemblage, pour r\u00e9pondre aux besoins sp\u00e9cifiques des enfants. Ce pied \u2018sans entretien\u2019 est l\u00e9ger, r\u00e9sistant \u00e0 l\u2019eau douce et cr\u00e9\u00e9 pour les jeunes.<\/p>\n","protected":false},"featured_media":2674,"template":"","meta":{"_acf_changed":false},"product_brand":[],"product_cat":[177],"product_tag":[],"class_list":{"0":"post-2662","1":"product","2":"type-product","3":"status-publish","4":"has-post-thumbnail","6":"product_cat-protheses-de-pied","8":"first","9":"instock","10":"shipping-taxable","11":"product-type-simple"},"acf":[],"_links":{"self":[{"href":"https:\/\/www.college-park.us\/fr\/wp-json\/wp\/v2\/product\/2662","targetHints":{"allow":["GET"]}}],"collection":[{"href":"https:\/\/www.college-park.us\/fr\/wp-json\/wp\/v2\/product"}],"about":[{"href":"https:\/\/www.college-park.us\/fr\/wp-json\/wp\/v2\/types\/product"}],"wp:featuredmedia":[{"embeddable":true,"href":"https:\/\/www.college-park.us\/fr\/wp-json\/wp\/v2\/media\/2674"}],"wp:attachment":[{"href":"https:\/\/www.college-park.us\/fr\/wp-json\/wp\/v2\/media?parent=2662"}],"wp:term":[{"taxonomy":"product_brand","embeddable":true,"href":"https:\/\/www.college-park.us\/fr\/wp-json\/wp\/v2\/product_brand?post=2662"},{"taxonomy":"product_cat","embeddable":true,"href":"https:\/\/www.college-park.us\/fr\/wp-json\/wp\/v2\/product_cat?post=2662"},{"taxonomy":"product_tag","embeddable":true,"href":"https:\/\/www.college-park.us\/fr\/wp-json\/wp\/v2\/product_tag?post=2662"}],"curies":[{"name":"wp","href":"https:\/\/api.w.org\/{rel}","templated":true}]}}