{"id":3483,"date":"2022-04-28T13:35:17","date_gmt":"2022-04-28T13:35:17","guid":{"rendered":"https:\/\/www.college-park.us\/product\/voyager\/"},"modified":"2022-04-28T13:41:37","modified_gmt":"2022-04-28T13:41:37","slug":"voyager","status":"publish","type":"product","link":"https:\/\/www.college-park.us\/fr\/produit\/voyager\/","title":{"rendered":"Voyager"},"content":{"rendered":"","protected":false},"excerpt":{"rendered":"<h2>Explorez en tout confort<\/h2>\n<p>Le College Park Voyager a \u00e9t\u00e9 con\u00e7u pour offrir un confort et une rotation ultimes dans tous les mouvements. Gr\u00e2ce \u00e0 l&rsquo;absorption des chocs verticaux, aux ressorts r\u00e9actifs et \u00e0 l&rsquo;unit\u00e9 de torsion int\u00e9gr\u00e9e, ce pied haute performance garantit un confort naturel \u00e0 l&rsquo;utilisateur. Son amplitude de mouvement naturelle s&rsquo;adapte \u00e0 des niveaux d&rsquo;activit\u00e9 vari\u00e9s. \u00c9l\u00e9gant, Voyager utilise une approche de mat\u00e9riaux hybrides, m\u00e9langeant des composites Intelliweave\u00ae flexibles avec de la fibre de carbone durable pour un fonctionnement optimal.<\/p>\n","protected":false},"featured_media":3461,"template":"","meta":{"_acf_changed":false},"product_cat":[177],"product_tag":[],"acf":[],"_links":{"self":[{"href":"https:\/\/www.college-park.us\/fr\/wp-json\/wp\/v2\/product\/3483"}],"collection":[{"href":"https:\/\/www.college-park.us\/fr\/wp-json\/wp\/v2\/product"}],"about":[{"href":"https:\/\/www.college-park.us\/fr\/wp-json\/wp\/v2\/types\/product"}],"wp:featuredmedia":[{"embeddable":true,"href":"https:\/\/www.college-park.us\/fr\/wp-json\/wp\/v2\/media\/3461"}],"wp:attachment":[{"href":"https:\/\/www.college-park.us\/fr\/wp-json\/wp\/v2\/media?parent=3483"}],"wp:term":[{"taxonomy":"product_cat","embeddable":true,"href":"https:\/\/www.college-park.us\/fr\/wp-json\/wp\/v2\/product_cat?post=3483"},{"taxonomy":"product_tag","embeddable":true,"href":"https:\/\/www.college-park.us\/fr\/wp-json\/wp\/v2\/product_tag?post=3483"}],"curies":[{"name":"wp","href":"https:\/\/api.w.org\/{rel}","templated":true}]}}