{"id":3716,"date":"2022-07-22T19:25:23","date_gmt":"2022-09-06T13:06:50","guid":{"rendered":"https:\/\/www.college-park.us\/?post_type=product&#038;p=3716"},"modified":"2025-09-24T14:21:28","modified_gmt":"2025-09-24T14:21:28","slug":"terrain","status":"publish","type":"product","link":"https:\/\/www.college-park.us\/fr\/produit\/terrain\/","title":{"rendered":"Terrain"},"content":{"rendered":"","protected":false},"excerpt":{"rendered":"<h2>\u00c9voluez sur tous les terrains avec confort et confiance.<\/h2>\n<p>Le pied Terrain a \u00e9t\u00e9 con\u00e7u pour reproduire le mouvement anatomique de la cheville et offrir une restitution d&rsquo;\u00e9nergie \u00e9lev\u00e9e, le tout avec un profil bas. College Park a mis \u00e0 profit son expertise en technologie tri-axiale pour proposer ce pied innovant. Polyvalent et sans entretien, le pied Terrain en fibre de carbone est dot\u00e9 de but\u00e9es permanentes int\u00e9gr\u00e9es dans le logement de la cheville, offrant une r\u00e9ponse progressive et confortable, que ce soit pour des activit\u00e9s \u00e0 faible ou fort impact.<\/p>\n","protected":false},"featured_media":3625,"template":"","meta":{"_acf_changed":false},"product_brand":[],"product_cat":[177],"product_tag":[],"class_list":{"0":"post-3716","1":"product","2":"type-product","3":"status-publish","4":"has-post-thumbnail","6":"product_cat-protheses-de-pied","8":"first","9":"instock","10":"shipping-taxable","11":"product-type-simple"},"acf":[],"_links":{"self":[{"href":"https:\/\/www.college-park.us\/fr\/wp-json\/wp\/v2\/product\/3716","targetHints":{"allow":["GET"]}}],"collection":[{"href":"https:\/\/www.college-park.us\/fr\/wp-json\/wp\/v2\/product"}],"about":[{"href":"https:\/\/www.college-park.us\/fr\/wp-json\/wp\/v2\/types\/product"}],"wp:featuredmedia":[{"embeddable":true,"href":"https:\/\/www.college-park.us\/fr\/wp-json\/wp\/v2\/media\/3625"}],"wp:attachment":[{"href":"https:\/\/www.college-park.us\/fr\/wp-json\/wp\/v2\/media?parent=3716"}],"wp:term":[{"taxonomy":"product_brand","embeddable":true,"href":"https:\/\/www.college-park.us\/fr\/wp-json\/wp\/v2\/product_brand?post=3716"},{"taxonomy":"product_cat","embeddable":true,"href":"https:\/\/www.college-park.us\/fr\/wp-json\/wp\/v2\/product_cat?post=3716"},{"taxonomy":"product_tag","embeddable":true,"href":"https:\/\/www.college-park.us\/fr\/wp-json\/wp\/v2\/product_tag?post=3716"}],"curies":[{"name":"wp","href":"https:\/\/api.w.org\/{rel}","templated":true}]}}