{"id":5083,"date":"2023-05-24T16:00:33","date_gmt":"2023-05-24T16:00:33","guid":{"rendered":"https:\/\/www.college-park.us\/product\/aviator\/"},"modified":"2023-05-24T16:07:01","modified_gmt":"2023-05-24T16:07:01","slug":"aviator","status":"publish","type":"product","link":"https:\/\/www.college-park.us\/fr\/produit\/aviator\/","title":{"rendered":"Aviator"},"content":{"rendered":"","protected":false},"excerpt":{"rendered":"<h2>Envolez-vous avec Aviator<\/h2>\n<p>Ce nouveau pied l\u00e9ger est con\u00e7u pour garantir un retour d\u2019\u00e9nergie \u00e9lev\u00e9, un confort et une absorption des chocs verticaux \u00e0 chaque pas. Combinant des composites flexibles Intelliweave\u00ae \u00e0 de la fibre de carbone dynamique, Aviator s\u2019appuie en toute \u00e9l\u00e9gance sur des mat\u00e9riaux hybrides composant ses ressorts. Ces caract\u00e9ristiques permettent une amplitude de mouvement sup\u00e9rieure pour s\u2019adapter \u00e0 un large \u00e9ventail d\u2019activit\u00e9s et d\u2019utilisateurs. Lorsque la vie devient mouvement\u00e9e, Aviator peut vous aider \u00e0 garder les pieds sur terre.<\/p>\n","protected":false},"featured_media":5013,"template":"","meta":{"_acf_changed":false},"product_brand":[],"product_cat":[177],"product_tag":[],"class_list":{"0":"post-5083","1":"product","2":"type-product","3":"status-publish","4":"has-post-thumbnail","6":"product_cat-protheses-de-pied","8":"first","9":"instock","10":"shipping-taxable","11":"product-type-simple"},"acf":[],"_links":{"self":[{"href":"https:\/\/www.college-park.us\/fr\/wp-json\/wp\/v2\/product\/5083","targetHints":{"allow":["GET"]}}],"collection":[{"href":"https:\/\/www.college-park.us\/fr\/wp-json\/wp\/v2\/product"}],"about":[{"href":"https:\/\/www.college-park.us\/fr\/wp-json\/wp\/v2\/types\/product"}],"wp:featuredmedia":[{"embeddable":true,"href":"https:\/\/www.college-park.us\/fr\/wp-json\/wp\/v2\/media\/5013"}],"wp:attachment":[{"href":"https:\/\/www.college-park.us\/fr\/wp-json\/wp\/v2\/media?parent=5083"}],"wp:term":[{"taxonomy":"product_brand","embeddable":true,"href":"https:\/\/www.college-park.us\/fr\/wp-json\/wp\/v2\/product_brand?post=5083"},{"taxonomy":"product_cat","embeddable":true,"href":"https:\/\/www.college-park.us\/fr\/wp-json\/wp\/v2\/product_cat?post=5083"},{"taxonomy":"product_tag","embeddable":true,"href":"https:\/\/www.college-park.us\/fr\/wp-json\/wp\/v2\/product_tag?post=5083"}],"curies":[{"name":"wp","href":"https:\/\/api.w.org\/{rel}","templated":true}]}}