{"id":6026,"date":"2024-06-04T18:47:55","date_gmt":"2024-06-04T18:47:58","guid":{"rendered":"https:\/\/www.college-park.us\/?post_type=product&#038;p=6026"},"modified":"2024-06-06T18:56:20","modified_gmt":"2024-06-06T18:56:20","slug":"terrain-iw","status":"publish","type":"product","link":"https:\/\/www.college-park.us\/fr\/produit\/terrain-iw\/","title":{"rendered":"Terrain iW"},"content":{"rendered":"","protected":false},"excerpt":{"rendered":"<h2>Entrez dans votre zone de confort<\/h2>\n<p>Avec un accent sur les utilisateurs K2 \u00e0 faible impact, College Park combine certaines de ses technologies les plus populaires et les plus fiables dans le nouveau Terrain iW. Ce pied l\u00e9ger offre un mouvement tri-axial sur une base composite Intelliweave. Dot\u00e9 d&rsquo;un mouvement anatomique de la cheville, de ressorts flexibles et d&rsquo;un coin de talon durable, le Terrain iW a \u00e9t\u00e9 con\u00e7u pour le confort et la stabilit\u00e9.<\/p>\n","protected":false},"featured_media":6047,"template":"","meta":{"_acf_changed":false},"product_cat":[177],"product_tag":[],"acf":[],"_links":{"self":[{"href":"https:\/\/www.college-park.us\/fr\/wp-json\/wp\/v2\/product\/6026"}],"collection":[{"href":"https:\/\/www.college-park.us\/fr\/wp-json\/wp\/v2\/product"}],"about":[{"href":"https:\/\/www.college-park.us\/fr\/wp-json\/wp\/v2\/types\/product"}],"wp:featuredmedia":[{"embeddable":true,"href":"https:\/\/www.college-park.us\/fr\/wp-json\/wp\/v2\/media\/6047"}],"wp:attachment":[{"href":"https:\/\/www.college-park.us\/fr\/wp-json\/wp\/v2\/media?parent=6026"}],"wp:term":[{"taxonomy":"product_cat","embeddable":true,"href":"https:\/\/www.college-park.us\/fr\/wp-json\/wp\/v2\/product_cat?post=6026"},{"taxonomy":"product_tag","embeddable":true,"href":"https:\/\/www.college-park.us\/fr\/wp-json\/wp\/v2\/product_tag?post=6026"}],"curies":[{"name":"wp","href":"https:\/\/api.w.org\/{rel}","templated":true}]}}