{"id":6220,"date":"2024-08-20T14:22:52","date_gmt":"2024-08-20T14:22:52","guid":{"rendered":"https:\/\/www.college-park.us\/product\/aura\/"},"modified":"2024-08-27T16:18:57","modified_gmt":"2024-08-27T16:18:57","slug":"aura","status":"publish","type":"product","link":"https:\/\/www.college-park.us\/fr\/produit\/aura\/","title":{"rendered":"Aura"},"content":{"rendered":"","protected":false},"excerpt":{"rendered":"<p>Pour nous, chez College Park, l&rsquo;aura id\u00e9ale doit \u00eatre r\u00e9confortante, intuitive et bien ancr\u00e9e.  Et c&rsquo;est ainsi que nous avons con\u00e7u notre nouveau genou polycentrique Aura. Destin\u00e9 aux utilisateurs avec de faibles niveaux d&rsquo;impact, il leur apporte la stabilit\u00e9 et la s\u00e9r\u00e9nit\u00e9 dont ils ont besoin. Dot\u00e9 d\u2019un m\u00e9canisme de verrouillage unique et de r\u00e9glages simples avec une cl\u00e9 Allen de 4\u00a0mm, le genou Aura offre, au-del\u00e0 du soutien physique, la possibilit\u00e9 d&rsquo;atteindre de nouveaux objectifs en termes de mobilit\u00e9 et de retrouver une tranquillit\u00e9 d&rsquo;esprit.\u00a0<\/p>\n","protected":false},"featured_media":6147,"template":"","meta":{"_acf_changed":false},"product_brand":[],"product_cat":[192],"product_tag":[],"class_list":{"0":"post-6220","1":"product","2":"type-product","3":"status-publish","4":"has-post-thumbnail","6":"product_cat-les-genoux","8":"first","9":"instock","10":"shipping-taxable","11":"product-type-simple"},"acf":[],"_links":{"self":[{"href":"https:\/\/www.college-park.us\/fr\/wp-json\/wp\/v2\/product\/6220","targetHints":{"allow":["GET"]}}],"collection":[{"href":"https:\/\/www.college-park.us\/fr\/wp-json\/wp\/v2\/product"}],"about":[{"href":"https:\/\/www.college-park.us\/fr\/wp-json\/wp\/v2\/types\/product"}],"wp:featuredmedia":[{"embeddable":true,"href":"https:\/\/www.college-park.us\/fr\/wp-json\/wp\/v2\/media\/6147"}],"wp:attachment":[{"href":"https:\/\/www.college-park.us\/fr\/wp-json\/wp\/v2\/media?parent=6220"}],"wp:term":[{"taxonomy":"product_brand","embeddable":true,"href":"https:\/\/www.college-park.us\/fr\/wp-json\/wp\/v2\/product_brand?post=6220"},{"taxonomy":"product_cat","embeddable":true,"href":"https:\/\/www.college-park.us\/fr\/wp-json\/wp\/v2\/product_cat?post=6220"},{"taxonomy":"product_tag","embeddable":true,"href":"https:\/\/www.college-park.us\/fr\/wp-json\/wp\/v2\/product_tag?post=6220"}],"curies":[{"name":"wp","href":"https:\/\/api.w.org\/{rel}","templated":true}]}}