{"id":6289,"date":"2024-08-30T13:29:17","date_gmt":"2024-08-30T13:29:17","guid":{"rendered":"https:\/\/www.college-park.us\/?post_type=product&#038;p=6289"},"modified":"2024-09-10T15:19:23","modified_gmt":"2024-09-10T15:19:23","slug":"icon","status":"publish","type":"product","link":"https:\/\/www.college-park.us\/fr\/produit\/icon\/","title":{"rendered":"Icon"},"content":{"rendered":"","protected":false},"excerpt":{"rendered":"<h2>La nouvelle norme d\u2019excellence<\/h2>\n<p>Le genou \u00e0 microprocesseur\u00a0Icon offre une exp\u00e9rience conviviale pour les patients et les cliniciens.<\/p>\n<p>Dot\u00e9 de capteurs r\u00e9ceptifs, d\u2019une configuration simplifi\u00e9e et de l\u2019application intuitive Stride\u00a0Studio, ce genou dynamique a \u00e9t\u00e9 con\u00e7u pour renforcer la confiance de l\u2019utilisateur. Les cliniciens peuvent acc\u00e9der en toute simplicit\u00e9 \u00e0 tous les ajustements, aux modes personnalis\u00e9s et \u00e0 bien d\u2019autres choses encore dans Stride\u00a0Studio. Notre \u00e9quipe a mis au point une technologie exclusive qui place le genou Icon dans une cat\u00e9gorie \u00e0 part, lui conf\u00e9rant une pr\u00e9cision, un temps de r\u00e9ponse et une l\u00e9g\u00e8ret\u00e9 remarquables. \u00c9quip\u00e9 d\u2019une batterie longue dur\u00e9e et b\u00e9n\u00e9ficiant d\u2019un indice de protection IP68, le genou Icon est la solution la plus polyvalente pour les utilisateurs avec des niveaux d&rsquo;activit\u00e9 faibles \u00e0 \u00e9lev\u00e9s.<\/p>\n","protected":false},"featured_media":6360,"template":"","meta":{"_acf_changed":false},"product_brand":[],"product_cat":[192],"product_tag":[],"class_list":{"0":"post-6289","1":"product","2":"type-product","3":"status-publish","4":"has-post-thumbnail","6":"product_cat-les-genoux","8":"first","9":"instock","10":"shipping-taxable","11":"product-type-simple"},"acf":[],"_links":{"self":[{"href":"https:\/\/www.college-park.us\/fr\/wp-json\/wp\/v2\/product\/6289","targetHints":{"allow":["GET"]}}],"collection":[{"href":"https:\/\/www.college-park.us\/fr\/wp-json\/wp\/v2\/product"}],"about":[{"href":"https:\/\/www.college-park.us\/fr\/wp-json\/wp\/v2\/types\/product"}],"wp:featuredmedia":[{"embeddable":true,"href":"https:\/\/www.college-park.us\/fr\/wp-json\/wp\/v2\/media\/6360"}],"wp:attachment":[{"href":"https:\/\/www.college-park.us\/fr\/wp-json\/wp\/v2\/media?parent=6289"}],"wp:term":[{"taxonomy":"product_brand","embeddable":true,"href":"https:\/\/www.college-park.us\/fr\/wp-json\/wp\/v2\/product_brand?post=6289"},{"taxonomy":"product_cat","embeddable":true,"href":"https:\/\/www.college-park.us\/fr\/wp-json\/wp\/v2\/product_cat?post=6289"},{"taxonomy":"product_tag","embeddable":true,"href":"https:\/\/www.college-park.us\/fr\/wp-json\/wp\/v2\/product_tag?post=6289"}],"curies":[{"name":"wp","href":"https:\/\/api.w.org\/{rel}","templated":true}]}}