{"id":7866,"date":"2025-11-11T21:09:22","date_gmt":"2025-11-11T21:09:22","guid":{"rendered":"https:\/\/www.college-park.us\/?post_type=product&#038;p=7866"},"modified":"2025-11-17T21:14:04","modified_gmt":"2025-11-17T21:14:04","slug":"adaptateur-tubulaire-etanche","status":"publish","type":"product","link":"https:\/\/www.college-park.us\/fr\/produit\/adaptateur-tubulaire-etanche\/","title":{"rendered":"Adaptateur tubulaire \u00e9tanche 30 mm, titane"},"content":{"rendered":"","protected":false},"excerpt":{"rendered":"<p>Des pieds de haute performance exigent des composants tout aussi perfectionn\u00e9s. College Park a con\u00e7u avec soin sa gamme de composants endo \u00e0 partir de titane, d\u2019acier inoxydable et d\u2019aluminium de qualit\u00e9 sup\u00e9rieure, pour garantir des performances optimales et une tranquillit\u00e9 d\u2019esprit totale. Con\u00e7u et test\u00e9 pour r\u00e9sister \u00e0 la corrosion, ce pyl\u00f4ne \u00e9tanche est approuv\u00e9 pour une immersion dans l\u2019eau de mer et les piscines chlor\u00e9es. <\/p>\n","protected":false},"featured_media":7876,"template":"","meta":{"_acf_changed":false},"product_cat":[196],"product_tag":[],"acf":[],"_links":{"self":[{"href":"https:\/\/www.college-park.us\/fr\/wp-json\/wp\/v2\/product\/7866"}],"collection":[{"href":"https:\/\/www.college-park.us\/fr\/wp-json\/wp\/v2\/product"}],"about":[{"href":"https:\/\/www.college-park.us\/fr\/wp-json\/wp\/v2\/types\/product"}],"wp:featuredmedia":[{"embeddable":true,"href":"https:\/\/www.college-park.us\/fr\/wp-json\/wp\/v2\/media\/7876"}],"wp:attachment":[{"href":"https:\/\/www.college-park.us\/fr\/wp-json\/wp\/v2\/media?parent=7866"}],"wp:term":[{"taxonomy":"product_cat","embeddable":true,"href":"https:\/\/www.college-park.us\/fr\/wp-json\/wp\/v2\/product_cat?post=7866"},{"taxonomy":"product_tag","embeddable":true,"href":"https:\/\/www.college-park.us\/fr\/wp-json\/wp\/v2\/product_tag?post=7866"}],"curies":[{"name":"wp","href":"https:\/\/api.w.org\/{rel}","templated":true}]}}