{"id":5628,"date":"2023-08-01T19:29:39","date_gmt":"2023-08-01T19:29:39","guid":{"rendered":"https:\/\/www.college-park.us\/campus-college-park\/"},"modified":"2024-04-25T19:48:34","modified_gmt":"2024-04-25T19:48:34","slug":"campus-college-park","status":"publish","type":"page","link":"https:\/\/www.college-park.us\/it\/campus-college-park\/","title":{"rendered":"Campus College Park"},"content":{"rendered":"\t\t<div data-elementor-type=\"wp-page\" data-elementor-id=\"5628\" class=\"elementor elementor-5628 elementor-86\">\n\t\t\t\t\t\t<section class=\"elementor-section elementor-top-section elementor-element elementor-element-3e223a3a elementor-section-boxed elementor-section-height-default elementor-section-height-default\" data-id=\"3e223a3a\" data-element_type=\"section\">\n\t\t\t\t\t\t<div class=\"elementor-container elementor-column-gap-default\">\n\t\t\t\t\t<div class=\"elementor-column elementor-col-100 elementor-top-column elementor-element elementor-element-788a55b7\" data-id=\"788a55b7\" data-element_type=\"column\">\n\t\t\t<div class=\"elementor-widget-wrap elementor-element-populated\">\n\t\t\t\t\t\t<div class=\"elementor-element elementor-element-99587e8 elementor-widget elementor-widget-image\" data-id=\"99587e8\" data-element_type=\"widget\" data-widget_type=\"image.default\">\n\t\t\t\t<div class=\"elementor-widget-container\">\n\t\t\t\t\t\t\t\t\t\t\t\t\t\t\t<img decoding=\"async\" src=\"https:\/\/www.college-park.us\/wp-content\/uploads\/elementor\/thumbs\/logo-collegepark-campus-oybf5grxlximlxbdfnlbjyob2j9n2mv6gu38q5hh36.png\" title=\"logo-collegepark-campus\" alt=\"logo-collegepark-campus\" loading=\"lazy\" \/>\t\t\t\t\t\t\t\t\t\t\t\t\t\t\t<\/div>\n\t\t\t\t<\/div>\n\t\t\t\t<div class=\"elementor-element elementor-element-2da80be7 elementor-widget elementor-widget-text-editor\" data-id=\"2da80be7\" data-element_type=\"widget\" data-widget_type=\"text-editor.default\">\n\t\t\t\t<div class=\"elementor-widget-container\">\n\t\t\t\t\t\t\t\t\t<h2>UNA MARCIA IN PI\u00d9 PER LA TUA FORMAZIONE<\/h2><p>Con la rapida evoluzione della tecnologia, \u00e8 importante rimanere aggiornati sulle ultime novit\u00e0. College Park Campus offre opportunit\u00e0 di istruzione, formazione e certificazione per tecnici ortopedici, fisioterapisti e altri operatori sanitari interessati a conoscere meglio il mondo delle protesi.<\/p><p>Questi corsi e queste risorse aiuteranno te e i tuoi pazienti a crescere e a raggiungere risultati di successo. College Park Campus \u00e8 stato progettato per aiutarti a raggiungere nuovi obiettivi lavorativi, fornendo al contempo le migliori soluzioni possibili per la cura dei pazienti.<\/p><p>Questo \u00e8 solo l\u2019inizio! Il nostro team di esperti aggiunge costantemente nuovi contenuti e corsi per te. La biblioteca del College Park Campus \u00e8 in continua crescita, quindi non perdere gli aggiornamenti.<\/p><p style=\"text-align: center;\"><a class=\"button\" href=\"https:\/\/www.college-park.com\/education-enrollment\" target=\"_blank\" rel=\"noopener\">Saperne di pi\u00f9<\/a><\/p>\t\t\t\t\t\t\t\t<\/div>\n\t\t\t\t<\/div>\n\t\t\t\t\t<\/div>\n\t\t<\/div>\n\t\t\t\t\t<\/div>\n\t\t<\/section>\n\t\t\t\t<\/div>\n\t\t","protected":false},"excerpt":{"rendered":"<p>UNA MARCIA IN PI\u00d9 PER LA TUA FORMAZIONE Con la rapida evoluzione della tecnologia, \u00e8 importante rimanere aggiornati sulle ultime novit\u00e0. College Park Campus offre opportunit\u00e0 di istruzione, formazione e certificazione per tecnici ortopedici, fisioterapisti e altri operatori sanitari interessati a conoscere meglio il mondo delle protesi. Questi corsi e queste risorse aiuteranno te e &hellip; <\/p>\n<p class=\"link-more\"><a href=\"https:\/\/www.college-park.us\/it\/campus-college-park\/\" class=\"more-link\">Leggi tutto<span class=\"screen-reader-text\"> &#8220;Campus College Park&#8221;<\/span><\/a><\/p>\n","protected":false},"author":1,"featured_media":0,"parent":0,"menu_order":0,"comment_status":"closed","ping_status":"closed","template":"page-side-bar.php","meta":{"_acf_changed":false,"footnotes":""},"acf":[],"_links":{"self":[{"href":"https:\/\/www.college-park.us\/it\/wp-json\/wp\/v2\/pages\/5628"}],"collection":[{"href":"https:\/\/www.college-park.us\/it\/wp-json\/wp\/v2\/pages"}],"about":[{"href":"https:\/\/www.college-park.us\/it\/wp-json\/wp\/v2\/types\/page"}],"author":[{"embeddable":true,"href":"https:\/\/www.college-park.us\/it\/wp-json\/wp\/v2\/users\/1"}],"replies":[{"embeddable":true,"href":"https:\/\/www.college-park.us\/it\/wp-json\/wp\/v2\/comments?post=5628"}],"version-history":[{"count":4,"href":"https:\/\/www.college-park.us\/it\/wp-json\/wp\/v2\/pages\/5628\/revisions"}],"predecessor-version":[{"id":5970,"href":"https:\/\/www.college-park.us\/it\/wp-json\/wp\/v2\/pages\/5628\/revisions\/5970"}],"wp:attachment":[{"href":"https:\/\/www.college-park.us\/it\/wp-json\/wp\/v2\/media?parent=5628"}],"curies":[{"name":"wp","href":"https:\/\/api.w.org\/{rel}","templated":true}]}}