{"id":5630,"date":"2023-08-01T19:33:33","date_gmt":"2023-08-01T19:33:33","guid":{"rendered":"https:\/\/www.college-park.us\/azienda\/"},"modified":"2024-04-25T19:51:07","modified_gmt":"2024-04-25T19:51:07","slug":"azienda","status":"publish","type":"page","link":"https:\/\/www.college-park.us\/it\/azienda\/","title":{"rendered":"Azienda"},"content":{"rendered":"\t\t<div data-elementor-type=\"wp-page\" data-elementor-id=\"5630\" class=\"elementor elementor-5630 elementor-8\">\n\t\t\t\t\t\t<section class=\"elementor-section elementor-top-section elementor-element elementor-element-3e223a3a elementor-section-boxed elementor-section-height-default elementor-section-height-default\" data-id=\"3e223a3a\" data-element_type=\"section\">\n\t\t\t\t\t\t<div class=\"elementor-container elementor-column-gap-default\">\n\t\t\t\t\t<div class=\"elementor-column elementor-col-100 elementor-top-column elementor-element elementor-element-788a55b7\" data-id=\"788a55b7\" data-element_type=\"column\">\n\t\t\t<div class=\"elementor-widget-wrap elementor-element-populated\">\n\t\t\t\t\t\t<div class=\"elementor-element elementor-element-74fb7fe elementor-widget elementor-widget-heading\" data-id=\"74fb7fe\" data-element_type=\"widget\" data-widget_type=\"heading.default\">\n\t\t\t\t<div class=\"elementor-widget-container\">\n\t\t\t\t\t<h2 class=\"elementor-heading-title elementor-size-default\">TECNOLOGIA PER LE PERSONE<\/h2>\t\t\t\t<\/div>\n\t\t\t\t<\/div>\n\t\t\t\t<div class=\"elementor-element elementor-element-8aad739 elementor-widget elementor-widget-video\" data-id=\"8aad739\" data-element_type=\"widget\" data-settings=\"{&quot;youtube_url&quot;:&quot;https:\\\/\\\/youtu.be\\\/oNJ185K_aQ0&quot;,&quot;video_type&quot;:&quot;youtube&quot;,&quot;controls&quot;:&quot;yes&quot;}\" data-widget_type=\"video.default\">\n\t\t\t\t<div class=\"elementor-widget-container\">\n\t\t\t\t\t\t\t<div class=\"elementor-wrapper elementor-open-inline\">\n\t\t\t<div class=\"elementor-video\"><\/div>\t\t<\/div>\n\t\t\t\t\t\t<\/div>\n\t\t\t\t<\/div>\n\t\t\t\t<div class=\"elementor-element elementor-element-2da80be7 elementor-widget elementor-widget-text-editor\" data-id=\"2da80be7\" data-element_type=\"widget\" data-widget_type=\"text-editor.default\">\n\t\t\t\t<div class=\"elementor-widget-container\">\n\t\t\t\t\t\t\t\t\t<p style=\"font-size: 15px; line-height: 26px;\">La storia di College Park Industries vista da Molly Null, che ha subito un\u2019amputazione bilaterale sotto il ginocchio. Dal 2008, Molly affronta la vita di ogni giorno con i suoi piedi personalizzati realizzati da College Park. Ecco la sua emozionante visita alla sede centrale e allo stabilimento di produzione di College Park a Warren, in Michigan, Stati Uniti. Unisciti a lei mentre incontra il team dedicato e impara a conoscere la tecnologia, la qualit\u00e0 di precisione e il processo di produzione artigianale che contraddistingue College Park agli occhi degli utilizzatori di tutto il mondo.<\/p>\nCollege Park Industries \u00e8 stata fondata nel 1988 dopo il completamento del primo prototipo di piede Trustep. Oggi progettiamo e produciamo una linea completa di sistemi di piedi protesici, corretti dal punto di vista anatomico e personalizzabili, soluzioni per arti superiori, componenti endoscheletrici e prodotti in gel Metro Liner.\t\t\t\t\t\t\t\t<\/div>\n\t\t\t\t<\/div>\n\t\t\t\t\t<\/div>\n\t\t<\/div>\n\t\t\t\t\t<\/div>\n\t\t<\/section>\n\t\t\t\t<section class=\"elementor-section elementor-top-section elementor-element elementor-element-7e7cf01 elementor-section-boxed elementor-section-height-default elementor-section-height-default\" data-id=\"7e7cf01\" data-element_type=\"section\">\n\t\t\t\t\t\t<div class=\"elementor-container elementor-column-gap-default\">\n\t\t\t\t\t<div class=\"elementor-column elementor-col-100 elementor-top-column elementor-element elementor-element-b641f89\" data-id=\"b641f89\" data-element_type=\"column\">\n\t\t\t<div class=\"elementor-widget-wrap elementor-element-populated\">\n\t\t\t\t\t\t<div class=\"elementor-element elementor-element-523fddf elementor-widget elementor-widget-image\" data-id=\"523fddf\" data-element_type=\"widget\" data-widget_type=\"image.default\">\n\t\t\t\t<div class=\"elementor-widget-container\">\n\t\t\t\t\t\t\t\t\t\t\t\t\t\t\t<img fetchpriority=\"high\" decoding=\"async\" width=\"525\" height=\"296\" src=\"https:\/\/www.college-park.us\/wp-content\/uploads\/2020\/10\/cpi-building-719.jpg\" class=\"attachment-large size-large wp-image-5286\" alt=\"\" srcset=\"https:\/\/www.college-park.us\/wp-content\/uploads\/2020\/10\/cpi-building-719.jpg 719w, https:\/\/www.college-park.us\/wp-content\/uploads\/2020\/10\/cpi-building-719-600x338.jpg 600w, https:\/\/www.college-park.us\/wp-content\/uploads\/2020\/10\/cpi-building-719-300x169.jpg 300w\" sizes=\"100vw\" \/>\t\t\t\t\t\t\t\t\t\t\t\t\t\t\t<\/div>\n\t\t\t\t<\/div>\n\t\t\t\t\t<\/div>\n\t\t<\/div>\n\t\t\t\t\t<\/div>\n\t\t<\/section>\n\t\t\t\t<section class=\"elementor-section elementor-top-section elementor-element elementor-element-b107db7 elementor-section-boxed elementor-section-height-default elementor-section-height-default\" data-id=\"b107db7\" data-element_type=\"section\">\n\t\t\t\t\t\t<div class=\"elementor-container elementor-column-gap-default\">\n\t\t\t\t\t<div class=\"elementor-column elementor-col-100 elementor-top-column elementor-element elementor-element-1d9d2a4\" data-id=\"1d9d2a4\" data-element_type=\"column\">\n\t\t\t<div class=\"elementor-widget-wrap elementor-element-populated\">\n\t\t\t\t\t\t<div class=\"elementor-element elementor-element-d6d71d0 elementor-widget elementor-widget-text-editor\" data-id=\"d6d71d0\" data-element_type=\"widget\" data-widget_type=\"text-editor.default\">\n\t\t\t\t<div class=\"elementor-widget-container\">\n\t\t\t\t\t\t\t\t\t<p>La nostra passione \u00e8 incentrata sulla tecnologia, sull\u2019innovazione e sulla creazione di nuovi punti di riferimento che consentano di ripristinare la massima funzionalit\u00e0 per le persone che hanno subito amputazioni di tutte le et\u00e0 e di tutti i livelli di attivit\u00e0. Siamo orgogliosi di fornire ai nostri clienti e utenti finali i progressi della progettazione protesica, come i materiali compositi Intelliweave\u00ae, gli Enviroshell\u00ae e la Integrated Spring Technology (iST\u00ae).<\/p><p>A differenza di altri fabbricanti, i nostri prodotti sono personalizzati e realizzati su misura per ogni singolo paziente, in base alle sue specifiche. Siamo certificati ISO\u00a013485, prestiamo particolare attenzione ai test di qualit\u00e0 e acquistiamo e produciamo tutti i prodotti negli Stati Uniti. Con una progettazione di precisione e una produzione di qualit\u00e0, College Park si impegna a innovare le soluzioni di locomozione umana per gli utilizzatori di tutto il mondo.<\/p>\t\t\t\t\t\t\t\t<\/div>\n\t\t\t\t<\/div>\n\t\t\t\t\t<\/div>\n\t\t<\/div>\n\t\t\t\t\t<\/div>\n\t\t<\/section>\n\t\t\t\t<\/div>\n\t\t","protected":false},"excerpt":{"rendered":"<p>TECNOLOGIA PER LE PERSONE https:\/\/youtu.be\/oNJ185K_aQ0 La storia di College Park Industries vista da Molly Null, che ha subito un\u2019amputazione bilaterale sotto il ginocchio. Dal 2008, Molly affronta la vita di ogni giorno con i suoi piedi personalizzati realizzati da College Park. Ecco la sua emozionante visita alla sede centrale e allo stabilimento di produzione di &hellip; <\/p>\n<p class=\"link-more\"><a href=\"https:\/\/www.college-park.us\/it\/azienda\/\" class=\"more-link\">Leggi tutto<span class=\"screen-reader-text\"> &#8220;Azienda&#8221;<\/span><\/a><\/p>\n","protected":false},"author":1,"featured_media":0,"parent":0,"menu_order":0,"comment_status":"closed","ping_status":"closed","template":"page-side-bar.php","meta":{"_acf_changed":false,"footnotes":""},"acf":[],"_links":{"self":[{"href":"https:\/\/www.college-park.us\/it\/wp-json\/wp\/v2\/pages\/5630"}],"collection":[{"href":"https:\/\/www.college-park.us\/it\/wp-json\/wp\/v2\/pages"}],"about":[{"href":"https:\/\/www.college-park.us\/it\/wp-json\/wp\/v2\/types\/page"}],"author":[{"embeddable":true,"href":"https:\/\/www.college-park.us\/it\/wp-json\/wp\/v2\/users\/1"}],"replies":[{"embeddable":true,"href":"https:\/\/www.college-park.us\/it\/wp-json\/wp\/v2\/comments?post=5630"}],"version-history":[{"count":6,"href":"https:\/\/www.college-park.us\/it\/wp-json\/wp\/v2\/pages\/5630\/revisions"}],"predecessor-version":[{"id":5973,"href":"https:\/\/www.college-park.us\/it\/wp-json\/wp\/v2\/pages\/5630\/revisions\/5973"}],"wp:attachment":[{"href":"https:\/\/www.college-park.us\/it\/wp-json\/wp\/v2\/media?parent=5630"}],"curies":[{"name":"wp","href":"https:\/\/api.w.org\/{rel}","templated":true}]}}