{"id":5637,"date":"2023-08-01T19:36:38","date_gmt":"2023-08-01T19:36:38","guid":{"rendered":"https:\/\/www.college-park.us\/gestione-dei-cookie\/"},"modified":"2023-08-01T19:36:38","modified_gmt":"2023-08-01T19:36:38","slug":"gestione-dei-cookie","status":"publish","type":"page","link":"https:\/\/www.college-park.us\/it\/gestione-dei-cookie\/","title":{"rendered":"Gestione dei Cookie"},"content":{"rendered":"<div class=\"std\">\n<h4>QUESTO SITO, COME MOLTI ALTRI, UTILIZZA FILE DI PICCOLE DIMENSIONI CHIAMATI COOKIE PER AIUTARCI A PERSONALIZZARE LA TUA ESPERIENZA. SCOPRI DI PI\u00d9 SUI COOKIE E SU COME PUOI CONTROLLARLI.<\/h4>\n<p>Questa pagina contiene informazioni su cosa sono i cookie, sui cookie utilizzati dal sito web di College Park Industries (&#8220;noi&#8221;, &#8220;nostro&#8221;, &#8220;College Park&#8221; o la &#8220;Societ\u00e0&#8221;), su come disattivare i cookie nel browser, su come disattivare specificamente i cookie pubblicitari e alcuni collegamenti utili per scoprire di pi\u00f9 sull&#8217;argomento. Se non trovi le informazioni che cerchi o se hai ulteriori domande sull&#8217;utilizzo dei cookie sul sito web della Societ\u00e0, invia un&#8217;e-mail a <a href=\"&quot;mailto:webadmin@college-park.com\">webadmin@college-park.com<\/a><\/p>\n<h4>CHE COSA SONO I COOKIE?<\/h4>\n<p>I cookie sono file di testo di piccole dimensioni memorizzati dal browser (ad esempio, Internet Explorer o Safari) sul tuo computer o telefono cellulare. Questi file consentono ai siti web di memorizzare alcune cose, incluse le tue preferenze come utente. Pensa ai cookie come una &#8220;memoria&#8221; per il sito web, in modo che possa riconoscerti quando torni e rispondere adeguatamente.<\/p>\n<h4>COME UTILIZZIAMO I COOKIE?<\/h4>\n<p>Sul nostro sito, potresti trovare i seguenti tipi di cookie:<\/p>\n<ul>\n<li>Cookie sulle prestazioni del sito<\/li>\n<li>Cookie analitici anonimi<\/li>\n<li>Cookie di geolocalizzazione<\/li>\n<li>Cookie di registrazione<\/li>\n<li>Cookie pubblicitari<\/li>\n<li>Cookie pubblicitari di terze parti<\/li>\n<\/ul>\n<h4>COOKIE SULLE PRESTAZIONI DEL SITO<\/h4>\n<p>Questo tipo di cookie memorizza le tue preferenze per gli strumenti presenti sul sito web della Societ\u00e0, in modo che non debba reimpostarli ogni volta che lo visiti. Alcuni esempi includono:<\/p>\n<ul>\n<li>Le impostazioni del volume per il nostro lettore video<\/li>\n<li>Se visualizzare i nuovi contenuti per primi<\/li>\n<li>Le velocit\u00e0 di riproduzione dei video compatibili con il tuo browser<\/li>\n<\/ul>\n<h4>COOKIE ANALITICI ANONIMI:<\/h4>\n<p>Ogni volta che qualcuno visita il nostro sito web, il software fornito da un&#8217;altra organizzazione genera un &#8220;cookie analitico anonimo&#8221;. Questi cookie sono in grado di comunicarci se hai gi\u00e0 visitato il sito in precedenza. Il tuo browser ci dir\u00e0 se hai questi cookie e, in caso contrario, ne genereremo di nuovi. Ci\u00f2 ci consente di tracciare il numero di utenti individuali presenti e quanto spesso questi utenti visitano il nostro sito.<\/p>\n<p>A meno che tu non ti sia iscritto al sito, non possiamo utilizzare questi cookie per identificare le persone. Li utilizziamo per raccogliere statistiche, ad esempio il numero di visite a una pagina. Se hai effettuato l&#8217;accesso, sapremo anche i dettagli che ci hai comunicato per farlo, come il tuo nome utente e l&#8217;indirizzo e-mail.<\/p>\n<h4>COOKIE DI GEOLOCALIZZAZIONE<\/h4>\n<p>Questi cookie sono utilizzati dal software che cerca di capire in quale paese ti trovi a partire dalle informazioni fornite dal tuo browser quando clicchi su una pagina web. Questo tipo di cookie \u00e8 completamente anonimo e lo utilizziamo esclusivamente per indirizzare i nostri contenuti, ad esempio se visualizzi una homepage specifica per il tuo paese, e le pubblicit\u00e0.<\/p>\n<h4>COOKIE DI REGISTRAZIONE<\/h4>\n<p>Quando ti registri sulla nostra pagina, generiamo dei cookie che ci comunicano se hai effettuato l&#8217;accesso o meno. I nostri server utilizzano questi cookie per capire con quale account hai effettuato l&#8217;accesso e se hai accesso a un servizio in particolare. Ci consentono inoltre di associare qualsiasi commento che pubblichi al tuo nome utente. Se non hai selezionato &#8220;rimani connesso&#8221;, i tuoi cookie saranno eliminati quando chiudi il browser o quando spegni il computer. Mentre hai effettuato l&#8217;accesso a uno dei siti, combiniamo le informazioni dai tuoi cookie di registrazione con quelle dei cookie analitici, che potremmo utilizzare per identificare quali pagine hai visualizzato.<\/p>\n<h4>COOKIE PUBBLICITARI<\/h4>\n<p>Questi cookie ci permettono di sapere se hai visualizzato un annuncio o un tipo particolare di pubblicit\u00e0, e quanto tempo \u00e8 trascorso dalla tua ultima visualizzazione. Utilizziamo inoltre i cookie come aiuto nell&#8217;utilizzo delle pubblicit\u00e0 mirate. Potremmo utilizzare cookie impostati da un&#8217;altra organizzazione in modo da poter indirizzare con maggiore precisione la pubblicit\u00e0 che ti proponiamo. Questi cookie sono anonimi, quindi memorizzano le informazioni relative a ci\u00f2 che visualizzi sul nostro sito, ma non quelle su di te.<\/p>\n<h4>COOKIE PUBBLICITARI DI TERZE PARTI<\/h4>\n<p>Alcuni contenuti che vedi sul sito sono forniti da altre organizzazioni. Alcune di queste organizzazioni utilizzano i loro cookie anonimi per tracciare il numero di persone che visualizzano un annuncio in particolare o per tracciare quante persone lo hanno visto pi\u00f9 di una volta. Le aziende che generano questi cookie hanno le proprie politiche sulla privacy, e noi non abbiamo l&#8217;accesso alla lettura o alla scrittura di tali cookie. Queste organizzazioni potrebbero utilizzare i loro cookie per proporti anonimamente le pubblicit\u00e0 su altri siti web, in base alla tua visita sul sito.<\/p>\n<h4>ALTRI COOKIE DI TERZE PARTI<\/h4>\n<p>Su alcune pagine del nostro sito web, altre organizzazioni potrebbero impostare i loro cookie anonimi. Lo fanno per monitorare il successo della loro applicazione, oppure per personalizzare l&#8217;applicazione per te. A causa del funzionamento dei cookie, il nostro sito web non ha accesso a questi cookie e nemmeno l&#8217;altra organizzazione pu\u00f2 accedere ai dati presenti nei cookie che utilizziamo sul nostro sito web.<\/p>\n<h4>COME POSSO DISATTIVARE I COOKIE?<\/h4>\n<p>Solitamente, \u00e8 possibile fermare l&#8217;accettazione dei cookie da parte del tuo browser, oppure impedire che il browser accetti i cookie provenienti da un sito web specifico. Tuttavia, non possiamo capire se hai effettuato l&#8217;accesso senza utilizzare i cookie, quindi non ti sar\u00e0 possibile pubblicare alcun commento. Tutti i browser moderni ti consentono di modificare le impostazioni dei cookie. Generalmente, queste impostazioni si trovano nel meno Opzioni o Preferenze del tuo browser. Per comprendere queste impostazioni, ti suggeriamo i seguenti collegamenti, oppure puoi utilizzare l&#8217;opzione Aiuto nel tuo browser per maggiori dettagli.<\/p>\n<ul>\n<li><a href=\"http:\/\/windows.microsoft.com\/en-GB\/internet-explorer\/delete-manage-cookies#ie=ie-10\" target=\"_blank\" rel=\"noopener noreferrer\">Impostazioni dei cookie in Internet Explorer<\/a><\/li>\n<li><a href=\"http:\/\/support.mozilla.com\/en-US\/kb\/Cookies\" target=\"_blank\" rel=\"noopener noreferrer\">Impostazioni dei cookie in Firefox<\/a><\/li>\n<li><a href=\"https:\/\/support.google.com\/chrome\/answer\/95647?hl=en&amp;ref_topic=14666\" target=\"_blank\" rel=\"noopener noreferrer\">Impostazioni dei cookie in Chrome<\/a><\/li>\n<li><a href=\"https:\/\/support.apple.com\/kb\/PH17191?locale=en_US\" target=\"_blank\" rel=\"noopener noreferrer\">Impostazioni dei cookie in Safari web <\/a> e <a href=\"http:\/\/support.apple.com\/kb\/HT1677\" target=\"_blank\" rel=\"noopener noreferrer\">iOS.<\/a><\/li>\n<\/ul>\n<p>Se la tua preoccupazione principale riguarda i cookie di terze parti generati dagli inserzionisti, puoi disattivare questi cookie andando sul sito <a href=\"http:\/\/www.youronlinechoices.com\/uk\" target=\"_blank\" rel=\"noopener noreferrer\">Your Online Choices site<\/a>.<\/p>\n<p>Puoi anche visitare l&#8217;ente commerciale che rappresenta queste piattaforme pubblicitarie per maggiori informazioni: <a href=\"http:\/\/www.networkadvertising.org\/\" target=\"_blank\" rel=\"noopener noreferrer\">Network Advertising Initiative<\/a>.<\/p>\n<h4>COLLEGAMENTI UTILI<\/h4>\n<p>Se desideri saperne di pi\u00f9 sui cookie e sul loro utilizzo in Internet, forse i seguenti collegamenti ti saranno utili:<\/p>\n<ul>\n<li><a href=\"https:\/\/support.microsoft.com\/en-us\/help\/260971\/description-of-cookies\" target=\"_blank\" rel=\"noopener noreferrer\">Guida Microsoft ai cookie<\/a><\/li>\n<li><a href=\"http:\/\/www.allaboutcookies.org\/\" target=\"_blank\" rel=\"noopener noreferrer\">Tutto sui cookie<\/a><\/li>\n<\/ul>\n<p>L&#8217;IAB ha fornito il seguente sito web per fornire informazioni specifiche sulle problematiche di privacy relative alle pubblicit\u00e0 su Internet:  <a href=\"http:\/\/www.youronlinechoices.com\/uk\/\" target=\"_blank\" rel=\"noopener noreferrer\">youronlinechoices.co.uk\/uk<\/a><\/p>\n<p>Per ulteriori informazioni legali su questioni relative alla privacy, questi collegamenti potrebbero esserti utili:<\/p>\n<ul>\n<li><a href=\"http:\/\/www.opsi.gov.uk\/acts\/acts1998\/ukpga_19980029_en_1\" target=\"_blank\" rel=\"noopener noreferrer\">Data Protection Act 1998<\/a><\/li>\n<li><a href=\"http:\/\/www.ico.gov.uk\/\" target=\"_blank\" rel=\"noopener noreferrer\">Ufficio dell&#8217;autorit\u00e0 per la protezione dei dati<\/a><\/li>\n<\/ul>\n<p>Se desideri contattarci in merito ai cookie, inviaci un&#8217;e-mail a: <a href=\"mailto:webadmin@college-park.com\">webadmin@college-park.com<\/a>.<\/p>\n<\/div>\n","protected":false},"excerpt":{"rendered":"<p>QUESTO SITO, COME MOLTI ALTRI, UTILIZZA FILE DI PICCOLE DIMENSIONI CHIAMATI COOKIE PER AIUTARCI A PERSONALIZZARE LA TUA ESPERIENZA. SCOPRI DI PI\u00d9 SUI COOKIE E SU COME PUOI CONTROLLARLI. Questa pagina contiene informazioni su cosa sono i cookie, sui cookie utilizzati dal sito web di College Park Industries (&#8220;noi&#8221;, &#8220;nostro&#8221;, &#8220;College Park&#8221; o la &#8220;Societ\u00e0&#8221;), &hellip; <\/p>\n<p class=\"link-more\"><a href=\"https:\/\/www.college-park.us\/it\/gestione-dei-cookie\/\" class=\"more-link\">Leggi tutto<span class=\"screen-reader-text\"> &#8220;Gestione dei Cookie&#8221;<\/span><\/a><\/p>\n","protected":false},"author":1,"featured_media":0,"parent":0,"menu_order":0,"comment_status":"closed","ping_status":"closed","template":"","meta":{"_acf_changed":false,"footnotes":""},"acf":[],"_links":{"self":[{"href":"https:\/\/www.college-park.us\/it\/wp-json\/wp\/v2\/pages\/5637"}],"collection":[{"href":"https:\/\/www.college-park.us\/it\/wp-json\/wp\/v2\/pages"}],"about":[{"href":"https:\/\/www.college-park.us\/it\/wp-json\/wp\/v2\/types\/page"}],"author":[{"embeddable":true,"href":"https:\/\/www.college-park.us\/it\/wp-json\/wp\/v2\/users\/1"}],"replies":[{"embeddable":true,"href":"https:\/\/www.college-park.us\/it\/wp-json\/wp\/v2\/comments?post=5637"}],"version-history":[{"count":0,"href":"https:\/\/www.college-park.us\/it\/wp-json\/wp\/v2\/pages\/5637\/revisions"}],"wp:attachment":[{"href":"https:\/\/www.college-park.us\/it\/wp-json\/wp\/v2\/media?parent=5637"}],"curies":[{"name":"wp","href":"https:\/\/api.w.org\/{rel}","templated":true}]}}