{"id":5553,"date":"2020-09-25T13:24:54","date_gmt":"2020-09-25T13:24:54","guid":{"rendered":"https:\/\/www.college-park.us\/product\/soleus\/"},"modified":"2024-04-24T19:25:07","modified_gmt":"2024-04-24T19:25:07","slug":"soleus","status":"publish","type":"product","link":"https:\/\/www.college-park.us\/it\/prodotto\/soleus\/","title":{"rendered":"Soleus"},"content":{"rendered":"","protected":false},"excerpt":{"rendered":"<h3>PASSA ALL\u2019AZIONE<\/h3>\n<p>Soleus\u00ae, il primo piede protesico che incorpora la Integrated Spring Technology (iST\u00ae), garantisce un movimento naturale con una risposta progressiva a tre fasi e un\u2019eccellente libert\u00e0 di movimento. Il piede integra le molle composite Intelliweave\u00ae mediante una fascia plantare resistente e flessibile che risponde a vari impatti. Il design in scala, unico nel suo genere, offre inoltre 10\u00a0mm di conformit\u00e0 verticale per una comodit\u00e0 imbattibile. Soleus si adatta a chi vive uno stile di vita con attivit\u00e0 moderata o a quello pi\u00f9 elevato dell\u2019atleta paralimpico.<\/p>\n","protected":false},"featured_media":5280,"template":"","meta":{"_acf_changed":false},"product_cat":[377],"product_tag":[],"acf":[],"_links":{"self":[{"href":"https:\/\/www.college-park.us\/it\/wp-json\/wp\/v2\/product\/5553"}],"collection":[{"href":"https:\/\/www.college-park.us\/it\/wp-json\/wp\/v2\/product"}],"about":[{"href":"https:\/\/www.college-park.us\/it\/wp-json\/wp\/v2\/types\/product"}],"wp:featuredmedia":[{"embeddable":true,"href":"https:\/\/www.college-park.us\/it\/wp-json\/wp\/v2\/media\/5280"}],"wp:attachment":[{"href":"https:\/\/www.college-park.us\/it\/wp-json\/wp\/v2\/media?parent=5553"}],"wp:term":[{"taxonomy":"product_cat","embeddable":true,"href":"https:\/\/www.college-park.us\/it\/wp-json\/wp\/v2\/product_cat?post=5553"},{"taxonomy":"product_tag","embeddable":true,"href":"https:\/\/www.college-park.us\/it\/wp-json\/wp\/v2\/product_tag?post=5553"}],"curies":[{"name":"wp","href":"https:\/\/api.w.org\/{rel}","templated":true}]}}