{"id":5565,"date":"2020-10-22T17:14:59","date_gmt":"2020-10-22T17:14:59","guid":{"rendered":"https:\/\/www.college-park.us\/product\/trustep\/"},"modified":"2024-04-24T20:15:37","modified_gmt":"2024-04-24T20:15:37","slug":"trustep","status":"publish","type":"product","link":"https:\/\/www.college-park.us\/it\/prodotto\/trustep\/","title":{"rendered":"Trustep"},"content":{"rendered":"","protected":false},"excerpt":{"rendered":"<h3>LA SCELTA IDEALE PER LA VITA DI TUTTI I GIORNI<\/h3>\n<p>Originale e senza rivali, Trustep\u00ae definisce lo standard per comodit\u00e0 e mobilit\u00e0 insuperabili dalla sensazione naturale. \u00c8 stato il primo a fornire un movimento corretto su tutti i piani, consentendo quasi lo stesso movimento verticale e la stessa rotazione e stabilit\u00e0 di un piede anatomico. Con una gamma completa di opzioni disponibili, la versatilit\u00e0 del design permette una personalizzazione a tutto tondo.<\/p>\n","protected":false},"featured_media":5303,"template":"","meta":{"_acf_changed":false},"product_brand":[],"product_cat":[377],"product_tag":[],"class_list":{"0":"post-5565","1":"product","2":"type-product","3":"status-publish","4":"has-post-thumbnail","6":"product_cat-piede-protesico","8":"first","9":"instock","10":"shipping-taxable","11":"product-type-simple"},"acf":[],"_links":{"self":[{"href":"https:\/\/www.college-park.us\/it\/wp-json\/wp\/v2\/product\/5565","targetHints":{"allow":["GET"]}}],"collection":[{"href":"https:\/\/www.college-park.us\/it\/wp-json\/wp\/v2\/product"}],"about":[{"href":"https:\/\/www.college-park.us\/it\/wp-json\/wp\/v2\/types\/product"}],"wp:featuredmedia":[{"embeddable":true,"href":"https:\/\/www.college-park.us\/it\/wp-json\/wp\/v2\/media\/5303"}],"wp:attachment":[{"href":"https:\/\/www.college-park.us\/it\/wp-json\/wp\/v2\/media?parent=5565"}],"wp:term":[{"taxonomy":"product_brand","embeddable":true,"href":"https:\/\/www.college-park.us\/it\/wp-json\/wp\/v2\/product_brand?post=5565"},{"taxonomy":"product_cat","embeddable":true,"href":"https:\/\/www.college-park.us\/it\/wp-json\/wp\/v2\/product_cat?post=5565"},{"taxonomy":"product_tag","embeddable":true,"href":"https:\/\/www.college-park.us\/it\/wp-json\/wp\/v2\/product_tag?post=5565"}],"curies":[{"name":"wp","href":"https:\/\/api.w.org\/{rel}","templated":true}]}}