{"id":5602,"date":"2020-10-23T23:08:15","date_gmt":"2020-10-23T23:08:15","guid":{"rendered":"https:\/\/www.college-park.us\/product\/capital\/"},"modified":"2024-04-25T19:43:11","modified_gmt":"2024-04-25T19:43:11","slug":"capital","status":"publish","type":"product","link":"https:\/\/www.college-park.us\/it\/prodotto\/capital\/","title":{"rendered":"Capital"},"content":{"rendered":"","protected":false},"excerpt":{"rendered":"<p>Capital\u2122 \u00e8 un\u2019articolazione del ginocchio idraulica ad asse singolo, facile da usare sia per i pazienti sia per i medici. Dotato di un sistema idraulico fluido e reattivo durante le fasi di oscillazione e di appoggio, questo ginocchio si adatta senza sforzo al passo variabile di chi lo usa. Resistente, sottile e resistente all\u2019acqua dolce, Capital \u00e8 realizzato a mano con cura negli Stati Uniti. Questo ginocchio \u00e8 inoltre dotato di una facile selezione della modalit\u00e0 e di regolazioni standard da 4\u00a0mm, per una semplice configurazione. Capital \u00e8 una soluzione robusta e affidabile per utenti che svolgono attivit\u00e0 moderata o elevata.<\/p>\n","protected":false},"featured_media":5380,"template":"","meta":{"_acf_changed":false},"product_brand":[],"product_cat":[389],"product_tag":[],"class_list":{"0":"post-5602","1":"product","2":"type-product","3":"status-publish","4":"has-post-thumbnail","6":"product_cat-ginocchi","8":"first","9":"instock","10":"shipping-taxable","11":"product-type-simple"},"acf":[],"_links":{"self":[{"href":"https:\/\/www.college-park.us\/it\/wp-json\/wp\/v2\/product\/5602","targetHints":{"allow":["GET"]}}],"collection":[{"href":"https:\/\/www.college-park.us\/it\/wp-json\/wp\/v2\/product"}],"about":[{"href":"https:\/\/www.college-park.us\/it\/wp-json\/wp\/v2\/types\/product"}],"wp:featuredmedia":[{"embeddable":true,"href":"https:\/\/www.college-park.us\/it\/wp-json\/wp\/v2\/media\/5380"}],"wp:attachment":[{"href":"https:\/\/www.college-park.us\/it\/wp-json\/wp\/v2\/media?parent=5602"}],"wp:term":[{"taxonomy":"product_brand","embeddable":true,"href":"https:\/\/www.college-park.us\/it\/wp-json\/wp\/v2\/product_brand?post=5602"},{"taxonomy":"product_cat","embeddable":true,"href":"https:\/\/www.college-park.us\/it\/wp-json\/wp\/v2\/product_cat?post=5602"},{"taxonomy":"product_tag","embeddable":true,"href":"https:\/\/www.college-park.us\/it\/wp-json\/wp\/v2\/product_tag?post=5602"}],"curies":[{"name":"wp","href":"https:\/\/api.w.org\/{rel}","templated":true}]}}