{"id":6226,"date":"2024-08-20T14:22:52","date_gmt":"2024-08-20T14:22:52","guid":{"rendered":"https:\/\/www.college-park.us\/product\/aura\/"},"modified":"2024-08-20T20:37:37","modified_gmt":"2024-08-20T20:37:37","slug":"aura","status":"publish","type":"product","link":"https:\/\/www.college-park.us\/it\/prodotto\/aura\/","title":{"rendered":"Aura"},"content":{"rendered":"","protected":false},"excerpt":{"rendered":"<p>Noi di College Park crediamo che il nostro Aura ideale debba essere comodo, intuitivo e ben ancorato a terra. Il nuovo ginocchio policentrico Aura \u00e8 stato progettato per offrire stabilit\u00e0 e sollievo agli utenti a basso impatto. Dotato di un meccanismo unico di bloccaggio e di regolazioni semplici da 4 mm, il ginocchio Aura va oltre il semplice supporto fisico. \u00c8 in grado di aprire la strada a obiettivi di mobilit\u00e0 e una nuova tranquillit\u00e0.<\/p>\n","protected":false},"featured_media":6149,"template":"","meta":{"_acf_changed":false},"product_cat":[389],"product_tag":[],"acf":[],"_links":{"self":[{"href":"https:\/\/www.college-park.us\/it\/wp-json\/wp\/v2\/product\/6226"}],"collection":[{"href":"https:\/\/www.college-park.us\/it\/wp-json\/wp\/v2\/product"}],"about":[{"href":"https:\/\/www.college-park.us\/it\/wp-json\/wp\/v2\/types\/product"}],"wp:featuredmedia":[{"embeddable":true,"href":"https:\/\/www.college-park.us\/it\/wp-json\/wp\/v2\/media\/6149"}],"wp:attachment":[{"href":"https:\/\/www.college-park.us\/it\/wp-json\/wp\/v2\/media?parent=6226"}],"wp:term":[{"taxonomy":"product_cat","embeddable":true,"href":"https:\/\/www.college-park.us\/it\/wp-json\/wp\/v2\/product_cat?post=6226"},{"taxonomy":"product_tag","embeddable":true,"href":"https:\/\/www.college-park.us\/it\/wp-json\/wp\/v2\/product_tag?post=6226"}],"curies":[{"name":"wp","href":"https:\/\/api.w.org\/{rel}","templated":true}]}}