{"id":6290,"date":"2024-08-30T13:29:17","date_gmt":"2024-08-30T13:29:17","guid":{"rendered":"https:\/\/www.college-park.us\/?post_type=product&#038;p=6290"},"modified":"2024-08-30T13:48:29","modified_gmt":"2024-08-30T13:48:29","slug":"icon","status":"publish","type":"product","link":"https:\/\/www.college-park.us\/it\/prodotto\/icon\/","title":{"rendered":"Icon"},"content":{"rendered":"","protected":false},"excerpt":{"rendered":"<h2>Il nuovo standard di eccellenza<\/h2>\n<p>Il ginocchio a microprocessore Icon offre un&#8217;esperienza di facile utilizzo per pazienti e medici. Dotato di sensori reattivi, di una configurazione semplificata e dell&#8217;intuitiva applicazione Stride Studio, questo ginocchio dinamico \u00e8 stato progettato per aumentare la tranquillit\u00e0 dell&#8217;utente. I medici possono accedere facilmente a tutte le regolazioni, alle modalit\u00e0 personalizzate e ad altro ancora in Stride Studio. Il nostro team ha sviluppato una tecnologia proprietaria che colloca l&#8217;Icon in una categoria a s\u00e9 stante: precisione, tempi di risposta e risparmio di peso notevoli. Dotato di una batteria di lunga durata e di un grado di protezione IP68, l&#8217;Icon \u00e8 la soluzione versatile per gli utenti che svolgono attivit\u00e0 di basso o alto livello.<\/p>\n","protected":false},"featured_media":6362,"template":"","meta":{"_acf_changed":false},"product_brand":[],"product_cat":[389],"product_tag":[],"class_list":{"0":"post-6290","1":"product","2":"type-product","3":"status-publish","4":"has-post-thumbnail","6":"product_cat-ginocchi","8":"first","9":"instock","10":"shipping-taxable","11":"product-type-simple"},"acf":[],"_links":{"self":[{"href":"https:\/\/www.college-park.us\/it\/wp-json\/wp\/v2\/product\/6290","targetHints":{"allow":["GET"]}}],"collection":[{"href":"https:\/\/www.college-park.us\/it\/wp-json\/wp\/v2\/product"}],"about":[{"href":"https:\/\/www.college-park.us\/it\/wp-json\/wp\/v2\/types\/product"}],"wp:featuredmedia":[{"embeddable":true,"href":"https:\/\/www.college-park.us\/it\/wp-json\/wp\/v2\/media\/6362"}],"wp:attachment":[{"href":"https:\/\/www.college-park.us\/it\/wp-json\/wp\/v2\/media?parent=6290"}],"wp:term":[{"taxonomy":"product_brand","embeddable":true,"href":"https:\/\/www.college-park.us\/it\/wp-json\/wp\/v2\/product_brand?post=6290"},{"taxonomy":"product_cat","embeddable":true,"href":"https:\/\/www.college-park.us\/it\/wp-json\/wp\/v2\/product_cat?post=6290"},{"taxonomy":"product_tag","embeddable":true,"href":"https:\/\/www.college-park.us\/it\/wp-json\/wp\/v2\/product_tag?post=6290"}],"curies":[{"name":"wp","href":"https:\/\/api.w.org\/{rel}","templated":true}]}}