{"id":5174,"date":"2021-08-02T15:50:45","date_gmt":"2021-08-02T15:50:45","guid":{"rendered":"https:\/\/www.college-park.us\/campus-de-college-park\/"},"modified":"2024-09-23T15:11:32","modified_gmt":"2024-09-23T15:11:32","slug":"campus-de-college-park","status":"publish","type":"page","link":"https:\/\/www.college-park.us\/lat\/campus-de-college-park\/","title":{"rendered":"Campus de College Park"},"content":{"rendered":"\t\t<div data-elementor-type=\"wp-page\" data-elementor-id=\"5174\" class=\"elementor elementor-5174 elementor-86\">\n\t\t\t\t\t\t<section class=\"elementor-section elementor-top-section elementor-element elementor-element-3e223a3a elementor-section-boxed elementor-section-height-default elementor-section-height-default\" data-id=\"3e223a3a\" data-element_type=\"section\">\n\t\t\t\t\t\t<div class=\"elementor-container elementor-column-gap-default\">\n\t\t\t\t\t<div class=\"elementor-column elementor-col-100 elementor-top-column elementor-element elementor-element-788a55b7\" data-id=\"788a55b7\" data-element_type=\"column\">\n\t\t\t<div class=\"elementor-widget-wrap elementor-element-populated\">\n\t\t\t\t\t\t<div class=\"elementor-element elementor-element-99587e8 elementor-widget elementor-widget-image\" data-id=\"99587e8\" data-element_type=\"widget\" data-widget_type=\"image.default\">\n\t\t\t\t<div class=\"elementor-widget-container\">\n\t\t\t\t\t\t\t\t\t\t\t\t\t\t\t<img decoding=\"async\" src=\"https:\/\/www.college-park.us\/wp-content\/uploads\/elementor\/thumbs\/logo-collegepark-campus-oybf5grxlximlxbdfnlbjyob2j9n2mv6gu38q5hh36.png\" title=\"logo-collegepark-campus\" alt=\"logo-collegepark-campus\" loading=\"lazy\" \/>\t\t\t\t\t\t\t\t\t\t\t\t\t\t\t<\/div>\n\t\t\t\t<\/div>\n\t\t\t\t<div class=\"elementor-element elementor-element-2da80be7 elementor-widget elementor-widget-text-editor\" data-id=\"2da80be7\" data-element_type=\"widget\" data-widget_type=\"text-editor.default\">\n\t\t\t\t<div class=\"elementor-widget-container\">\n\t\t\t\t\t\t\t\t\t<h2>AVANCE EN SU EDUCACI\u00d3N<\/h2>\n<p>Con la r\u00e1pida evoluci\u00f3n de la tecnolog\u00eda, es importante mantenerse actualizado con la innovaci\u00f3n m\u00e1s reciente. Desde el Campus de College Park, se ofrecen oportunidades de educaci\u00f3n, capacitaci\u00f3n y certificaci\u00f3n para ortopedistas, fisioterapeutas y otros profesionales m\u00e9dicos interesados en aprender m\u00e1s sobre el mundo de las pr\u00f3tesis.<\/p>\n<p>Con estos cursos y recursos, usted y sus pacientes podr\u00e1n crecer y encontrar resultados exitosos. El Campus de College Park est\u00e1 dise\u00f1ado para que usted pueda alcanzar nuevas metas profesionales al tiempo que proporciona las mejores soluciones posibles para el cuidado de los pacientes.<\/p>\n<p>Este es solo el comienzo. Nuestro equipo de expertos est\u00e1 a\u00f1adiendo constantemente contenido y cursos para su beneficio. La biblioteca del Campus de College Park est\u00e1 creciendo de forma peri\u00f3dica, as\u00ed que mant\u00e9ngase en contacto para obtener m\u00e1s informaci\u00f3n.<\/p>\n<p style=\"text-align: center;\"><a class=\"button\" href=\"https:\/\/www.college-park.com\/education-enrollment\" target=\"_blank\" rel=\"noopener\">Inscr\u00edbase hoy<\/a><\/p>\n\t\t\t\t\t\t\t\t<\/div>\n\t\t\t\t<\/div>\n\t\t\t\t\t<\/div>\n\t\t<\/div>\n\t\t\t\t\t<\/div>\n\t\t<\/section>\n\t\t\t\t<\/div>\n\t\t","protected":false},"excerpt":{"rendered":"<p>AVANCE EN SU EDUCACI\u00d3N Con la r\u00e1pida evoluci\u00f3n de la tecnolog\u00eda, es importante mantenerse actualizado con la innovaci\u00f3n m\u00e1s reciente. Desde el Campus de College Park, se ofrecen oportunidades de educaci\u00f3n, capacitaci\u00f3n y certificaci\u00f3n para ortopedistas, fisioterapeutas y otros profesionales m\u00e9dicos interesados en aprender m\u00e1s sobre el mundo de las pr\u00f3tesis. Con estos cursos y &hellip; <\/p>\n<p class=\"link-more\"><a href=\"https:\/\/www.college-park.us\/lat\/campus-de-college-park\/\" class=\"more-link\">Continue reading<span class=\"screen-reader-text\"> &#8220;Campus de College Park&#8221;<\/span><\/a><\/p>\n","protected":false},"author":1,"featured_media":0,"parent":0,"menu_order":0,"comment_status":"closed","ping_status":"closed","template":"page-side-bar.php","meta":{"_acf_changed":false,"footnotes":""},"acf":[],"_links":{"self":[{"href":"https:\/\/www.college-park.us\/lat\/wp-json\/wp\/v2\/pages\/5174"}],"collection":[{"href":"https:\/\/www.college-park.us\/lat\/wp-json\/wp\/v2\/pages"}],"about":[{"href":"https:\/\/www.college-park.us\/lat\/wp-json\/wp\/v2\/types\/page"}],"author":[{"embeddable":true,"href":"https:\/\/www.college-park.us\/lat\/wp-json\/wp\/v2\/users\/1"}],"replies":[{"embeddable":true,"href":"https:\/\/www.college-park.us\/lat\/wp-json\/wp\/v2\/comments?post=5174"}],"version-history":[{"count":2,"href":"https:\/\/www.college-park.us\/lat\/wp-json\/wp\/v2\/pages\/5174\/revisions"}],"predecessor-version":[{"id":6545,"href":"https:\/\/www.college-park.us\/lat\/wp-json\/wp\/v2\/pages\/5174\/revisions\/6545"}],"wp:attachment":[{"href":"https:\/\/www.college-park.us\/lat\/wp-json\/wp\/v2\/media?parent=5174"}],"curies":[{"name":"wp","href":"https:\/\/api.w.org\/{rel}","templated":true}]}}