{"id":5245,"date":"2021-08-02T15:52:24","date_gmt":"2021-08-02T15:52:24","guid":{"rendered":"https:\/\/www.college-park.us\/compania\/"},"modified":"2024-09-23T15:27:10","modified_gmt":"2024-09-23T15:27:10","slug":"compania","status":"publish","type":"page","link":"https:\/\/www.college-park.us\/lat\/compania\/","title":{"rendered":"Compa\u00f1\u00eda"},"content":{"rendered":"\t\t<div data-elementor-type=\"wp-page\" data-elementor-id=\"5245\" class=\"elementor elementor-5245 elementor-8\">\n\t\t\t\t\t\t<section class=\"elementor-section elementor-top-section elementor-element elementor-element-3e223a3a elementor-section-boxed elementor-section-height-default elementor-section-height-default\" data-id=\"3e223a3a\" data-element_type=\"section\">\n\t\t\t\t\t\t<div class=\"elementor-container elementor-column-gap-default\">\n\t\t\t\t\t<div class=\"elementor-column elementor-col-100 elementor-top-column elementor-element elementor-element-788a55b7\" data-id=\"788a55b7\" data-element_type=\"column\">\n\t\t\t<div class=\"elementor-widget-wrap elementor-element-populated\">\n\t\t\t\t\t\t<div class=\"elementor-element elementor-element-74fb7fe elementor-widget elementor-widget-heading\" data-id=\"74fb7fe\" data-element_type=\"widget\" data-widget_type=\"heading.default\">\n\t\t\t\t<div class=\"elementor-widget-container\">\n\t\t\t\t\t<h2 class=\"elementor-heading-title elementor-size-default\">TECNOLOG\u00cdA PARA LA RAZA HUMANA<\/h2>\t\t\t\t<\/div>\n\t\t\t\t<\/div>\n\t\t\t\t<div class=\"elementor-element elementor-element-8aad739 elementor-widget elementor-widget-video\" data-id=\"8aad739\" data-element_type=\"widget\" data-settings=\"{&quot;youtube_url&quot;:&quot;https:\\\/\\\/youtu.be\\\/oNJ185K_aQ0&quot;,&quot;video_type&quot;:&quot;youtube&quot;,&quot;controls&quot;:&quot;yes&quot;}\" data-widget_type=\"video.default\">\n\t\t\t\t<div class=\"elementor-widget-container\">\n\t\t\t\t\t\t\t<div class=\"elementor-wrapper elementor-open-inline\">\n\t\t\t<div class=\"elementor-video\"><\/div>\t\t<\/div>\n\t\t\t\t\t\t<\/div>\n\t\t\t\t<\/div>\n\t\t\t\t<div class=\"elementor-element elementor-element-2da80be7 elementor-widget elementor-widget-text-editor\" data-id=\"2da80be7\" data-element_type=\"widget\" data-widget_type=\"text-editor.default\">\n\t\t\t\t<div class=\"elementor-widget-container\">\n\t\t\t\t\t\t\t\t\t\r\n<p style=\"font-size: 15px; line-height: 26px;\">La historia de College Park Industries a trav\u00e9s de los ojos de Molly Null, con amputaci\u00f3n bilateral por debajo de la rodilla. Desde 2008, Molly se ha comprometido cada d\u00eda con la vida con sus pies personalizados de College Park. Vea su emotiva visita a la sede central de College Park y la instalaci\u00f3n de producci\u00f3n en Warren, Michigan, EE.\u00a0UU. Acomp\u00e1\u00f1ela a conocer el equipo dedicado y a aprender sobre la tecnolog\u00eda, la calidad de precisi\u00f3n y el proceso de fabricaci\u00f3n manual que marcan la diferencia de College Park para los usuarios en todo el mundo.<\/p>\r\nCollege Park Industries se incorpor\u00f3 en 1988 despu\u00e9s de completar el primer prototipo del pie Trustep. En la actualidad, dise\u00f1amos y fabricamos una l\u00ednea completa de sistemas de pr\u00f3tesis de pie personalizables y correctos desde el punto de vista anat\u00f3mico, soluciones para los miembros superiores, componentes endoesquel\u00e9ticos y productos de gel MetroLiner.\t\t\t\t\t\t\t\t<\/div>\n\t\t\t\t<\/div>\n\t\t\t\t\t<\/div>\n\t\t<\/div>\n\t\t\t\t\t<\/div>\n\t\t<\/section>\n\t\t\t\t<section class=\"elementor-section elementor-top-section elementor-element elementor-element-7e7cf01 elementor-section-boxed elementor-section-height-default elementor-section-height-default\" data-id=\"7e7cf01\" data-element_type=\"section\">\n\t\t\t\t\t\t<div class=\"elementor-container elementor-column-gap-default\">\n\t\t\t\t\t<div class=\"elementor-column elementor-col-100 elementor-top-column elementor-element elementor-element-b641f89\" data-id=\"b641f89\" data-element_type=\"column\">\n\t\t\t<div class=\"elementor-widget-wrap elementor-element-populated\">\n\t\t\t\t\t\t<div class=\"elementor-element elementor-element-523fddf elementor-widget elementor-widget-image\" data-id=\"523fddf\" data-element_type=\"widget\" data-widget_type=\"image.default\">\n\t\t\t\t<div class=\"elementor-widget-container\">\n\t\t\t\t\t\t\t\t\t\t\t\t\t\t\t<img fetchpriority=\"high\" decoding=\"async\" width=\"525\" height=\"296\" src=\"https:\/\/www.college-park.us\/wp-content\/uploads\/2020\/10\/cpi-building-719.jpg\" class=\"attachment-large size-large wp-image-4571\" alt=\"\" srcset=\"https:\/\/www.college-park.us\/wp-content\/uploads\/2020\/10\/cpi-building-719.jpg 719w, https:\/\/www.college-park.us\/wp-content\/uploads\/2020\/10\/cpi-building-719-600x338.jpg 600w, https:\/\/www.college-park.us\/wp-content\/uploads\/2020\/10\/cpi-building-719-300x169.jpg 300w\" sizes=\"100vw\" \/>\t\t\t\t\t\t\t\t\t\t\t\t\t\t\t<\/div>\n\t\t\t\t<\/div>\n\t\t\t\t\t<\/div>\n\t\t<\/div>\n\t\t\t\t\t<\/div>\n\t\t<\/section>\n\t\t\t\t<section class=\"elementor-section elementor-top-section elementor-element elementor-element-b107db7 elementor-section-boxed elementor-section-height-default elementor-section-height-default\" data-id=\"b107db7\" data-element_type=\"section\">\n\t\t\t\t\t\t<div class=\"elementor-container elementor-column-gap-default\">\n\t\t\t\t\t<div class=\"elementor-column elementor-col-100 elementor-top-column elementor-element elementor-element-1d9d2a4\" data-id=\"1d9d2a4\" data-element_type=\"column\">\n\t\t\t<div class=\"elementor-widget-wrap elementor-element-populated\">\n\t\t\t\t\t\t<div class=\"elementor-element elementor-element-d6d71d0 elementor-widget elementor-widget-text-editor\" data-id=\"d6d71d0\" data-element_type=\"widget\" data-widget_type=\"text-editor.default\">\n\t\t\t\t<div class=\"elementor-widget-container\">\n\t\t\t\t\t\t\t\t\tNuestra pasi\u00f3n se centra en la tecnolog\u00eda, la innovaci\u00f3n y la creaci\u00f3n de nuevos est\u00e1ndares de referencia que restablezcan la funci\u00f3n m\u00e1xima para personas con amputaciones de todas las edades y niveles de actividad. Nos enorgullece presentar avances en el dise\u00f1o de pr\u00f3tesis a nuestros clientes y usuarios finales, como los compuestos Intelliweave\u00ae, las pr\u00f3tesis externas Enviroshells\u00ae y la tecnolog\u00eda con resorte integrado (iST\u00ae).\r\n\r\nA diferencia de otros fabricantes, nuestros productos se personalizan para cada paciente individual, en funci\u00f3n de sus especificaciones \u00fanicas, y no tenemos productos listos para usar. Contamos con la certificaci\u00f3n ISO 13485 y pone un gran \u00e9nfasis en las pruebas de calidad, y el abastecimiento y producci\u00f3n de todos los productos es en los Estados Unidos. Con una fabricaci\u00f3n de calidad y dise\u00f1o precisos, College Park se compromete a innovar en soluciones de locomoci\u00f3n humana para usuarios de todo el mundo.\t\t\t\t\t\t\t\t<\/div>\n\t\t\t\t<\/div>\n\t\t\t\t\t<\/div>\n\t\t<\/div>\n\t\t\t\t\t<\/div>\n\t\t<\/section>\n\t\t\t\t<\/div>\n\t\t","protected":false},"excerpt":{"rendered":"<p>TECNOLOG\u00cdA PARA LA RAZA HUMANA La historia de College Park Industries a trav\u00e9s de los ojos de Molly Null, con amputaci\u00f3n bilateral por debajo de la rodilla. Desde 2008, Molly se ha comprometido cada d\u00eda con la vida con sus pies personalizados de College Park. Vea su emotiva visita a la sede central de College &hellip; <\/p>\n<p class=\"link-more\"><a href=\"https:\/\/www.college-park.us\/lat\/compania\/\" class=\"more-link\">Continue reading<span class=\"screen-reader-text\"> &#8220;Compa\u00f1\u00eda&#8221;<\/span><\/a><\/p>\n","protected":false},"author":1,"featured_media":0,"parent":0,"menu_order":0,"comment_status":"closed","ping_status":"closed","template":"page-side-bar.php","meta":{"_acf_changed":false,"footnotes":""},"acf":[],"_links":{"self":[{"href":"https:\/\/www.college-park.us\/lat\/wp-json\/wp\/v2\/pages\/5245"}],"collection":[{"href":"https:\/\/www.college-park.us\/lat\/wp-json\/wp\/v2\/pages"}],"about":[{"href":"https:\/\/www.college-park.us\/lat\/wp-json\/wp\/v2\/types\/page"}],"author":[{"embeddable":true,"href":"https:\/\/www.college-park.us\/lat\/wp-json\/wp\/v2\/users\/1"}],"replies":[{"embeddable":true,"href":"https:\/\/www.college-park.us\/lat\/wp-json\/wp\/v2\/comments?post=5245"}],"version-history":[{"count":6,"href":"https:\/\/www.college-park.us\/lat\/wp-json\/wp\/v2\/pages\/5245\/revisions"}],"predecessor-version":[{"id":6570,"href":"https:\/\/www.college-park.us\/lat\/wp-json\/wp\/v2\/pages\/5245\/revisions\/6570"}],"wp:attachment":[{"href":"https:\/\/www.college-park.us\/lat\/wp-json\/wp\/v2\/media?parent=5245"}],"curies":[{"name":"wp","href":"https:\/\/api.w.org\/{rel}","templated":true}]}}